{"id":875,"date":"2025-11-11T17:31:54","date_gmt":"2025-11-11T16:31:54","guid":{"rendered":"https:\/\/www.asep.cat\/?page_id=875"},"modified":"2025-11-12T14:07:55","modified_gmt":"2025-11-12T13:07:55","slug":"11-11-2025-resultats-4a-jornada-del-intercamps-sp-oestals-camps-de-el-vendrell-bellpuig-costa-daurada-i-oller-del-mas","status":"publish","type":"page","link":"https:\/\/www.asep.cat\/index.php\/11-11-2025-resultats-4a-jornada-del-intercamps-sp-oestals-camps-de-el-vendrell-bellpuig-costa-daurada-i-oller-del-mas\/","title":{"rendered":"11\/11\/2025 Resultats 4a Jornada del Intercamps SP Oest"},"content":{"rendered":"\n<p>Als camps de El Vendrell, Bellpuig, Costa Daurada i Oller del Mas, avui, Sant Mart\u00ed ha fet bona la dita del Estiuet de Sant Mart\u00ed, a primera hora feia fresca i me posat roba per no passar fred, per\u00f2 \u201csorpresa\u201d al segon forat he hagut d\u2019anar-me-la traient per que ja comen\u00e7ava a suar.<\/p>\n\n\n\n<p>La FCPP ja ha editat els resultats i com que les 4 proves s\u2019han jugat a camps de 18 forats ja els podem veure com a definitius<\/p>\n\n\n\n<p>Han estat bons, especialment els del Roc3 Vermell que ha fet 19 sota par scratch!! per el que fa als premis la cosa ha quedat aix\u00ed:<\/p>\n\n\n\n<p>Comencem per els pernils:<\/p>\n\n\n\n<p><strong><em>Scratch<\/em><\/strong><\/p>\n\n\n\n<ul class=\"wp-block-list\">\n<li>1a Divisi\u00f3: ROC 3 VERMELL amb 19 sota par<\/li>\n\n\n\n<li>2a Divisi\u00f3: ORFEO CATALONIA amb 9 sota par<\/li>\n\n\n\n<li>3a Divisi\u00f3: CAN CUYAS amb 6 sota par<\/li>\n\n\n\n<li>4a Divisi\u00f3: P&amp;P BAGES amb 5 sobre par<\/li>\n<\/ul>\n\n\n\n<p><strong><u>HCP<\/u><\/strong><\/p>\n\n\n\n<ul class=\"wp-block-list\">\n<li>1a Divisi\u00f3: CAN RAFEL PENEDES amb 8 sota par<\/li>\n\n\n\n<li>2a Divisi\u00f3: ROC 3 CAT amb 13 sota par.<\/li>\n\n\n\n<li>3a Divisi\u00f3: CAN CUYAS amb 12 sota par<\/li>\n\n\n\n<li>4a Divisi\u00f3: P&amp;P BAGES amb 14 sota par<\/li>\n<\/ul>\n\n\n\n<p>Ara repassem al guanyadors de olis i vins:<\/p>\n\n\n\n<p><strong><em>Scratch<\/em><\/strong><\/p>\n\n\n\n<ul class=\"wp-block-list\">\n<li>1a Divisi\u00f3: MATEO PEREZ, ANTONIO i JAEN LOPEZ, ENRIQUE amb 43 punts<\/li>\n\n\n\n<li>2a Divisi\u00f3: BAJO SANJUAN, ROBERTO ANTONIO i BARCELO LOPEZ, JORDI amb 40 punts<\/li>\n\n\n\n<li>3a Divisi\u00f3: SERRANO LEON, DANIEL i RODRIGUES OLIVEIRA, CICERO amb 43 punts<\/li>\n\n\n\n<li>4a Divisi\u00f3: RODRIGUEZ PEREZ, MANUEL i SABATE GODALL, JORDI amb 38 punts<\/li>\n<\/ul>\n\n\n\n<p><strong><u>HCP<\/u><\/strong><\/p>\n\n\n\n<ul class=\"wp-block-list\">\n<li>1a Divisi\u00f3: GARCIA AVILA, ANTONIO i BARRERA BASSO, CARLES amb 42 punts<\/li>\n\n\n\n<li>2a Divisi\u00f3: NOGUERA PUJOL, AGUSTI i amb 45 punts<\/li>\n\n\n\n<li>3a Divisi\u00f3: ARANDA LACAMARA, PEDRO JOSE i COLELL CODINACH, RAMON amb 41 punts<\/li>\n\n\n\n<li>4a Divisi\u00f3: ESCUDERO ALFONSO, JOSE &nbsp;i SUBIRANA ROLANDO, MAURICI amb 42 punts<\/li>\n<\/ul>\n\n\n\n<p>Ja tenim un Forat en Un, es tracta d&#8217;en Steven Pope al forat 2 del Costa Daurada, Felicitats company, t&#8217;has guanyat una ampolla d&#8217;oli<\/p>\n\n\n\n<p>Un nou equip s&#8217;apunta a un pernil addicional per haver guanyat a tres jornades, es tracta del Roc3 Vermell que ha guanyat a les jornades 1a, 3a i 4a, felicitats companys!!!<\/p>\n\n\n\n<p>Podeu veure les classificacions complertes clicant <a href=\"https:\/\/www.pitchputt.cat\/noticies\/noticia.php?id=52251\">aqu\u00ed<\/a><\/p>\n\n\n\n<p>Si alg\u00fa ha fet fotos i vol que le pengi al nostre web, envieu-me-les i ho far\u00e9 aix\u00ed tots podrem gaudir-les<\/p>\n\n\n\n<p>Salut a tothom, Josep<\/p>\n","protected":false},"excerpt":{"rendered":"<p>Als camps de El Vendrell, Bellpuig, Costa Daurada i Oller del Mas, avui, Sant Mart\u00ed ha fet bona la dita del Estiuet de Sant Mart\u00ed, a primera hora feia fresca i me posat roba per no passar fred, per\u00f2 \u201csorpresa\u201d al segon forat he hagut d\u2019anar-me-la traient per que ja comen\u00e7ava a suar. La FCPP [&hellip;]<\/p>\n","protected":false},"author":1,"featured_media":0,"parent":0,"menu_order":0,"comment_status":"closed","ping_status":"closed","template":"","meta":{"footnotes":""},"c2tw_page_folder":[7],"class_list":["post-875","page","type-page","status-publish","hentry","c2tw_page_folder-noticies"],"_links":{"self":[{"href":"https:\/\/www.asep.cat\/index.php\/wp-json\/wp\/v2\/pages\/875","targetHints":{"allow":["GET"]}}],"collection":[{"href":"https:\/\/www.asep.cat\/index.php\/wp-json\/wp\/v2\/pages"}],"about":[{"href":"https:\/\/www.asep.cat\/index.php\/wp-json\/wp\/v2\/types\/page"}],"author":[{"embeddable":true,"href":"https:\/\/www.asep.cat\/index.php\/wp-json\/wp\/v2\/users\/1"}],"replies":[{"embeddable":true,"href":"https:\/\/www.asep.cat\/index.php\/wp-json\/wp\/v2\/comments?post=875"}],"version-history":[{"count":9,"href":"https:\/\/www.asep.cat\/index.php\/wp-json\/wp\/v2\/pages\/875\/revisions"}],"predecessor-version":[{"id":898,"href":"https:\/\/www.asep.cat\/index.php\/wp-json\/wp\/v2\/pages\/875\/revisions\/898"}],"wp:attachment":[{"href":"https:\/\/www.asep.cat\/index.php\/wp-json\/wp\/v2\/media?parent=875"}],"wp:term":[{"taxonomy":"c2tw_page_folder","embeddable":true,"href":"https:\/\/www.asep.cat\/index.php\/wp-json\/wp\/v2\/c2tw_page_folder?post=875"}],"curies":[{"name":"wp","href":"https:\/\/api.w.org\/{rel}","templated":true}]}}