{"id":86,"date":"2025-08-27T16:44:55","date_gmt":"2025-08-27T14:44:55","guid":{"rendered":"https:\/\/www.asep.cat\/?page_id=86"},"modified":"2026-03-30T13:59:20","modified_gmt":"2026-03-30T11:59:20","slug":"annex-matchplay","status":"publish","type":"page","link":"https:\/\/www.asep.cat\/index.php\/annex-matchplay\/","title":{"rendered":"Annex al Intercamps MatchPlay"},"content":{"rendered":"\n<h1 class=\"wp-block-heading has-large-font-size\"><em>Temporada X 2025-26<\/em><\/h1>\n\n\n\n<h3 class=\"wp-block-heading\">Index<\/h3>\n\n\n\n<ul class=\"wp-block-list\">\n<li><a href=\"#_1er-_Dates_de\">1er- Dates de la competici\u00f3<\/a><\/li>\n\n\n\n<li><a href=\"#_2on-_Camps,_equips\">2on- Camps, equips i ordre de joc<\/a>.<\/li>\n\n\n\n<li><a href=\"#_3er-_Composici\u00f3_del\">3er- Composici\u00f3 del equips i modalitat de joc.<\/a><\/li>\n\n\n\n<li><a href=\"#_4rt-Puntuaci\u00f3_i_classificaci\u00f3\">4rt- Puntuaci\u00f3 i classificaci\u00f3<\/a><\/li>\n\n\n\n<li><a href=\"#_5\u00e8_-_Desempats\">5\u00e8- Desempats<\/a><\/li>\n\n\n\n<li><a href=\"#_6\u00e8.-_Trofeus_i\">6\u00e8- Trofeus i premis<\/a><\/li>\n<\/ul>\n\n\n\n<h3 class=\"wp-block-heading\"><a id=\"_1er-_Dates_de\"><\/a>1er- Dates de la competici\u00f3<\/h3>\n\n\n\n<p>Veure \u201cCalendari temporada 2025-26\u201d al nostre web (www.asep.cat)<\/p>\n\n\n\n<h3 class=\"wp-block-heading\"><a id=\"_2on-_Camps,_equips\"><\/a>2on- Camps, equips i ordre de joc.<\/h3>\n\n\n\n<p>Per l&#8217;ordre de joc, anar a \u201cEncreuaments\u201d a la secci\u00f3 VI Intercamps Oest Match Play de la nostre web.<\/p>\n\n\n\n<p>Els equips participants a la present temporada per divisi\u00f3, son:<\/p>\n\n\n\n<figure class=\"wp-block-table\"><table class=\"has-fixed-layout\"><tbody><tr><td><strong>1a divisi\u00f3<\/strong><\/td><td><strong>2a divisi\u00f3<\/strong><\/td><td><strong>3a divisi\u00f3<\/strong><\/td><\/tr><tr><td>CAN RAFEL SENIOR<\/td><td>ORFEO CATALONIA<\/td><td>CAN MASCARO B<\/td><\/tr><tr><td>MULLIGAN CAN MASCARO<\/td><td>ROC 3 PROMESES<\/td><td>CAN CUYAS<\/td><\/tr><tr><td>MANRESA GOLF LA ROQUETA OBRAMBIENT<\/td><td>BELLPUIG<\/td><td>CAN MASCARO A<\/td><\/tr><tr><td>PORTAL DEL ROC<\/td><td>CAN RAFEL PENEDES<\/td><td>P&amp;P BAGES OLLER DEL MAS<\/td><\/tr><tr><td>EL VALLES A<\/td><td>EL VALLES B<\/td><td>MULLIGAN CAN RAFEL<\/td><\/tr><tr><td>ROC 3 MP<\/td><td>SENIOR OL\u00cdMPIC<\/td><td>VOLA BOLA CAN CUYAS<\/td><\/tr><tr><td>CAN RAFEL NOU<\/td><td>&nbsp;<\/td><td>&nbsp;<\/td><\/tr><\/tbody><\/table><\/figure>\n\n\n\n<p>NOTES:<\/p>\n\n\n\n<ul class=\"wp-block-list\">\n<li>En els camps de 9 forats en que s\u2019hagi de jugar en dos dies, la distribuci\u00f3 vindr\u00e0 donada per l\u2019ordre que se especifica en la tabla \u201cEncreuaments\u201d<\/li>\n\n\n\n<li>En aquesta competici\u00f3 MatchPlay, no s&#8217;admetran nous equips una vegada comen\u00e7ada la temporada<\/li>\n\n\n\n<li>Els equips nous que entrin abans de comen\u00e7ada la temporada, no necess\u00e0riament ho han de fer per la darrera divisi\u00f3, el criteri que es far\u00e0 servir es ubicar-los en la posici\u00f3 que correspongui segons la mitja dels HCP dels jugadors del equip.<\/li>\n\n\n\n<li>A la tabla d\u2019encreuaments hi figuraran tots els enfrontaments de la temporada.<\/li>\n\n\n\n<li>Els jugadors sols podran rebre consells del capit\u00e0 del seu equip, degudament identificat i en el cas dels individuals, tamb\u00e9 del seu company d\u2019equip.<\/li>\n<\/ul>\n\n\n\n<h3 class=\"wp-block-heading\"><a id=\"_3er-_Composici\u00f3_del\"><\/a>3er- Composici\u00f3 del equips i modalitat de joc.<\/h3>\n\n\n\n<p>Els equips es composaran de 4 partits individuals i 2 de parelles,<\/p>\n\n\n\n<p>La modalitat de joc ser\u00e0 sempre de MatchPlay tant en els 4 individuals com en les 2 parelles FourBalls.<\/p>\n\n\n\n<p>Tothom jugar\u00e0 amb HCP 0 i l\u2019ordre de sortida sempre ser\u00e0 segons el HCP dels competidors, del mes alt al mes baix, de forma que el millor jugador de cada equip, s\u2019enfrontar\u00e0 amb el millor del equip contrari, i el pitjor amb el pitjor. En el cas de les parelles es determinar\u00e0 la millor parella per la suma dels HCP.<\/p>\n\n\n\n<p>En el cas de substituci\u00f3 d\u2019algun jugador o parella, es modificar\u00e0 l\u2019ordre de sortida en funci\u00f3 del HCP del substitut i si un equip no pogu\u00e9s alinear els 8 jugador, la manca d\u2019aquest es trauria de les parelles, de forma que totes les sortides quedin complertes.<\/p>\n\n\n\n<h3 class=\"wp-block-heading\"><a id=\"_4rt-Puntuaci\u00f3_i_classificaci\u00f3\"><\/a>4rt-Puntuaci\u00f3 i classificaci\u00f3<\/h3>\n\n\n\n<p>Es repartiran 6 punts per enfrontament de dos equips, es a dir 1 punt per partit i s\u2019assignaran &nbsp;de la seg\u00fcent&nbsp; manera:<\/p>\n\n\n\n<ul class=\"wp-block-list\">\n<li>1 punt per partit guanyat<\/li>\n\n\n\n<li>0,5 punts per partit empatat<\/li>\n\n\n\n<li>0 punts per partit perdut<\/li>\n<\/ul>\n\n\n\n<p>La Classificaci\u00f3 acumulada ser\u00e0 el resultant de sumar la puntuaci\u00f3 assolida per cada equip a cadascuna de les proves jugades fins al moment.<\/p>\n\n\n\n<p>En les divisions en que el n\u00famero d\u2019equips sigui senats, a cada jornada un equip descansar\u00e0, per\u00f2 en les divisions en les que el n\u00famero d\u2019equips sigui parell, a la darrera jornada s\u2019enfrontar\u00e0 el primer equips classificat de la temporada regular, amb el darrer classificat, el segon amb el pen\u00faltim i aix\u00ed successivament, els punts aconseguits, se sumaran als aconseguits durant la temporada i aquest resultat ser\u00e0 la classificaci\u00f3 final.<\/p>\n\n\n\n<h3 class=\"wp-block-heading\"><a id=\"_5\u00e8_-_Desempats\"><\/a>5\u00e8 &#8211; Desempats<\/h3>\n\n\n\n<p>En cas d\u2019empat en una mateixa posici\u00f3 en una prova, es desempatar\u00e0 segons el millor resultat, despr\u00e9s de haver sumar les targetes amb el moment de haver guanyat el enfrontament, es a dir, es guanya per 2 i queda 1 forat, es guanya per 3 i quedant 2 forats etc&#8230; al final es sumar\u00e0 2+3+&#8230;&#8230;<\/p>\n\n\n\n<p>En cas d\u2019empat a la classificaci\u00f3 acumulada, es desempatar\u00e0 segons la millor \u00faltima prova, millor dos \u00faltimes proves, i aix\u00ed consecutivament fins a desfer l\u2019empat.<\/p>\n\n\n\n<p>Les \u00faltimes proves a les que es refereixen els par\u00e0grafs anteriors, es refereixen a les proves previstes al calendari inicial, independentment de que es pugui modificar l\u2019ordre de joc per causes alienes a l\u2019organitzaci\u00f3.<\/p>\n\n\n\n<h3 class=\"wp-block-heading\"><a id=\"_6\u00e8.-_Trofeus_i\"><\/a>6\u00e8.- Trofeus i premis<\/h3>\n\n\n\n<p>En finalitzar la competici\u00f3 es lliurar\u00e0 en funci\u00f3 de la disponibilitat econ\u00f2mica, un sol premi al 1er i 2on guanyadors de cada divisi\u00f3.<\/p>\n","protected":false},"excerpt":{"rendered":"<p>Temporada X 2025-26 Index 1er- Dates de la competici\u00f3 Veure \u201cCalendari temporada 2025-26\u201d al nostre web (www.asep.cat) 2on- Camps, equips i ordre de joc. Per l&#8217;ordre de joc, anar a \u201cEncreuaments\u201d a la secci\u00f3 VI Intercamps Oest Match Play de la nostre web. Els equips participants a la present temporada per divisi\u00f3, son: 1a divisi\u00f3 [&hellip;]<\/p>\n","protected":false},"author":1,"featured_media":0,"parent":0,"menu_order":0,"comment_status":"closed","ping_status":"closed","template":"","meta":{"footnotes":""},"c2tw_page_folder":[8],"class_list":["post-86","page","type-page","status-publish","hentry","c2tw_page_folder-reglaments"],"_links":{"self":[{"href":"https:\/\/www.asep.cat\/index.php\/wp-json\/wp\/v2\/pages\/86","targetHints":{"allow":["GET"]}}],"collection":[{"href":"https:\/\/www.asep.cat\/index.php\/wp-json\/wp\/v2\/pages"}],"about":[{"href":"https:\/\/www.asep.cat\/index.php\/wp-json\/wp\/v2\/types\/page"}],"author":[{"embeddable":true,"href":"https:\/\/www.asep.cat\/index.php\/wp-json\/wp\/v2\/users\/1"}],"replies":[{"embeddable":true,"href":"https:\/\/www.asep.cat\/index.php\/wp-json\/wp\/v2\/comments?post=86"}],"version-history":[{"count":5,"href":"https:\/\/www.asep.cat\/index.php\/wp-json\/wp\/v2\/pages\/86\/revisions"}],"predecessor-version":[{"id":15934,"href":"https:\/\/www.asep.cat\/index.php\/wp-json\/wp\/v2\/pages\/86\/revisions\/15934"}],"wp:attachment":[{"href":"https:\/\/www.asep.cat\/index.php\/wp-json\/wp\/v2\/media?parent=86"}],"wp:term":[{"taxonomy":"c2tw_page_folder","embeddable":true,"href":"https:\/\/www.asep.cat\/index.php\/wp-json\/wp\/v2\/c2tw_page_folder?post=86"}],"curies":[{"name":"wp","href":"https:\/\/api.w.org\/{rel}","templated":true}]}}