{"id":84,"date":"2025-08-27T16:44:41","date_gmt":"2025-08-27T14:44:41","guid":{"rendered":"https:\/\/www.asep.cat\/?page_id=84"},"modified":"2026-03-30T13:58:48","modified_gmt":"2026-03-30T11:58:48","slug":"annex-strokeplay","status":"publish","type":"page","link":"https:\/\/www.asep.cat\/index.php\/annex-strokeplay\/","title":{"rendered":"Annex Intercamps StrokePlay"},"content":{"rendered":"\n<h3 class=\"wp-block-heading\">Temporada XIX any 2025-26<\/h3>\n\n\n\n<p>Index<\/p>\n\n\n\n<ul class=\"wp-block-list\">\n<li><a href=\"#_1er_Dates_de\">1er- Dates de la competici\u00f3<\/a><\/li>\n\n\n\n<li><a href=\"#_2on_Camps,_equips.\">2on- Camps, equips.<\/a><\/li>\n\n\n\n<li><a href=\"#_3er_-_Modalitat\">3er- Modalitat de Joc i HCP<\/a><\/li>\n\n\n\n<li><a href=\"#_4rt_\u2013_Puntuaci\u00f3\">4rt\u2013 Puntuaci\u00f3 i classificaci\u00f3<\/a><\/li>\n\n\n\n<li><a href=\"#_5\u00e8_-_Desempats\">5\u00e8- Desempats<\/a><\/li>\n\n\n\n<li><a href=\"#_6\u00e8_Trofeus_i\">6\u00e8- Trofeus i premis<\/a><\/li>\n<\/ul>\n\n\n\n<h3 class=\"wp-block-heading\"><a id=\"_1er_Dates_de\"><\/a>1er Dates de la competici\u00f3<\/h3>\n\n\n\n<p>Veure \u201cCalendari temporada 2025-26\u201d al nostre web (www.asep.cat)<\/p>\n\n\n\n<h3 class=\"wp-block-heading\"><a id=\"_2on_Camps,_equips.\"><\/a>2on Camps, equips.<\/h3>\n\n\n\n<p>El torneig Intercamps Oest de StrokePlay, consta de 9 jornades, a mes de les que es jugaran a tots els camps que tinguin un equip participant a la competici\u00f3, s\u2019afegiran les jornades que faltin fins completar les 9, entre els camps neutres, es a dir, que no tinguin equips en aquella divisi\u00f3 mitjan\u00e7ant un sorteig.<\/p>\n\n\n\n<p>La designaci\u00f3 de l\u2019ordre dels camps, la far\u00e0 el comit\u00e8 organitzador en funci\u00f3 de la meteorologia t\u00edpica de la zona on es el camp.<\/p>\n\n\n\n<p>Els resultats de cada jornada, puntuen per a la classificaci\u00f3 general il\u2019\u00faltim partit es jugar\u00e0 al camp designat per l\u2019organitzaci\u00f3.<\/p>\n\n\n\n<p>Els equips participants a la present temporada per divisi\u00f3, son:<\/p>\n\n\n\n<figure class=\"wp-block-table\"><table class=\"has-fixed-layout\"><tbody><tr><td><strong>1a divisi\u00f3<\/strong><\/td><td><strong>2a divisi\u00f3<\/strong><\/td><td><strong>3a divisi\u00f3<\/strong><\/td><td><strong>4a divisi\u00f3<\/strong><\/td><\/tr><tr><td>ROC3 VERMELL<\/td><td>CAMBRILS<\/td><td>ROC3 PROMESES<\/td><td>CAN MASCARO A<\/td><\/tr><tr><td>CAN RAFEL SENIOR<\/td><td>ORFEO CATALONIA<\/td><td>VILAGOF CAMBRILS<\/td><td>EL VENDRELL B<\/td><\/tr><tr><td>PORTAL DEL ROC<\/td><td>EL VALLES A<\/td><td>CAN RAFEL NOU<\/td><td>EL VENDRELL A<\/td><\/tr><tr><td>COSTA DAURADA A<\/td><td>SENIORS COSTA DAURADA P&amp;P<\/td><td>CAN CUYAS<\/td><td>P&amp;P BAGES OLLER DEL MAS<\/td><\/tr><tr><td>MULLIGAN CAN MASCARO<\/td><td>ROC 3 APOLO<\/td><td>COSTA DAURADA B<\/td><td>BONAREA B<\/td><\/tr><tr><td>CAN RAFEL PENEDES<\/td><td>BELLPUIG<\/td><td>EL VALLES B<\/td><td>VOLA BOLA CAN CUYAS<\/td><\/tr><tr><td>MANRESA GOLF LA ROQUETA OBRAMBIENT<\/td><td>LLEIDA TORRESERONA<\/td><td>CAN MASCARO B<\/td><td>MULLIGAN CAN RAFEL<\/td><\/tr><tr><td>BONAREA A<\/td><td>ROC3 CAT<\/td><td>SENIOR OL\u00cdMPIC<\/td><td>&nbsp;<\/td><\/tr><\/tbody><\/table><\/figure>\n\n\n\n<p>NOTES:<\/p>\n\n\n\n<ul class=\"wp-block-list\">\n<li><a> <\/a>En els camps de 9 forats en que s\u2019hagi de jugar en dos dies, els equips millor classificats a la jornada anterior, jugaran el primer dia de competici\u00f3 i els pitjor classificats el segon dia.<\/li>\n\n\n\n<li>Per a la 1\u00aa jornada de joc, el criteri per establir quins equips jugaran a la primera o segona jornada, ser\u00e0 la classificaci\u00f3 final de l\u2019any anterior. Les classificacions a les que es refereix aquest par\u00e0graf i l\u2019anterior, s\u00f3n sempre les classificacions scratx<\/li>\n\n\n\n<li>En el cas de que un equip nou entri ja comen\u00e7ada la competici\u00f3, entrar\u00e0 per la divisi\u00f3 que el Comit\u00e8 de Competici\u00f3 li assigni en funci\u00f3 de la mitja dels HCP dels jugadors i se l&#8217;hi adjudicar\u00e0 la puntuaci\u00f3 m\u00ednima de cada una de les jornades en que no hagi participat.<\/li>\n<\/ul>\n\n\n\n<p>Cada equip presentar\u00e0 a cada jornada 4 parelles.<\/p>\n\n\n\n<h3 class=\"wp-block-heading\"><a id=\"_3er_-_Modalitat\"><\/a>3er &#8211; Modalitat de Joc i HCP<\/h3>\n\n\n\n<p>La modalitat de joc ser\u00e0 de FourBall Stableford i les parelles jugaran amb el HCP oficial.<\/p>\n\n\n\n<h3 class=\"wp-block-heading\"><a id=\"_4rt_\u2013_Puntuaci\u00f3\"><\/a>4rt \u2013 Puntuaci\u00f3 i classificaci\u00f3<\/h3>\n\n\n\n<p>Hi hauran dues classificacions:<\/p>\n\n\n\n<ul class=\"wp-block-list\">\n<li>Per la classificaci\u00f3 SCRATX (Brut) de cada prova, puntuaran els 3 millors resultats de cada equip.<\/li>\n\n\n\n<li>Per la classificaci\u00f3 HANDICAP (Net) de cada prova, puntuaran els 3 millors resultats de cada equip.<\/li>\n<\/ul>\n\n\n\n<p>La classificaci\u00f3 SCRATX i HCP acumulades, seran el resultant de sumar la puntuaci\u00f3 assolida per cada equip, a cadascuna de les proves jugades fins al moment.<\/p>\n\n\n\n<h3 class=\"wp-block-heading\"><a id=\"_5\u00e8_-_Desempats\"><\/a>5\u00e8 &#8211; Desempats<\/h3>\n\n\n\n<p>En cas d\u2019empat en una mateixa posici\u00f3 en una prova, es desempatar\u00e0 segons la millor 4\u00aa targeta de l\u2019equip i en cas de persistir l\u2019empat, es desempatar\u00e0 a favor de la millor targeta d\u2019equip, la segona millor targeta i la tercera millor targeta.<\/p>\n\n\n\n<p><a><\/a>En cas d\u2019empat a la classificaci\u00f3 acumulada SCRATX, es desempatar\u00e0 segons millor \u00faltima prova SCRATX, millor dos \u00faltimes proves SCRATX, i aix\u00ed consecutivament fins a desfer l\u2019empat.<\/p>\n\n\n\n<p>En cas d\u2019empat a la classificaci\u00f3 acumulada HANDICAP, es desempatar\u00e0 segons millor \u00faltima prova HANDICAP, millor dos \u00faltimes proves HANDICAP, i aix\u00ed consecutivament fins a desfer l\u2019empat.<\/p>\n\n\n\n<p>Les \u00faltimes proves a les que es refereixen els par\u00e0grafs anteriors es refereixen a les proves previstes al calendari inicial independentment de que es pugui modificar l\u2019ordre de joc per causes alienes a l\u2019organitzaci\u00f3.<\/p>\n\n\n\n<h3 class=\"wp-block-heading\"><a id=\"_6\u00e8_Trofeus_i\"><\/a>6\u00e8 Trofeus i premis<\/h3>\n\n\n\n<p>A cada jornada, es premiar\u00e0 a la millor parella Scratch i HCP, amb dues ampolles d\u2019oli i de vi respectivament.<\/p>\n\n\n\n<p>Els equips que hagin guanyat tres jornades en scrach i\/o HCP (consecutius o no) se\u2019ls lliurar\u00e0 un lot de productes, amb la limitaci\u00f3 que sols es pot guanyar un, per aquest dos conceptes.<\/p>\n\n\n\n<p>Es lliurar\u00e0, si es possible un sol trofeus als equips classificats en els 1ers llocs de les quatre divisions en scratx i handicap que ser\u00e0 retornable cada any<\/p>\n\n\n\n<p>NOTES:<\/p>\n\n\n\n<ul class=\"wp-block-list\">\n<li>Aquells equips que han renunciat a pujar de categoria i que ja han guanyat, en el any anterior, perden el dret a competir pels premis als que es fa esment en els primer i segons par\u00e0graf, ja que es considera que no estan ubicats en el seu verdader nivell de joc.<\/li>\n\n\n\n<li>Tots aquest premis es lliuraran en el dinar del final de la competici\u00f3.<\/li>\n<\/ul>\n\n\n\n<p><\/p>\n\n\n\n<p><\/p>\n","protected":false},"excerpt":{"rendered":"<p>Temporada XIX any 2025-26 Index 1er Dates de la competici\u00f3 Veure \u201cCalendari temporada 2025-26\u201d al nostre web (www.asep.cat) 2on Camps, equips. El torneig Intercamps Oest de StrokePlay, consta de 9 jornades, a mes de les que es jugaran a tots els camps que tinguin un equip participant a la competici\u00f3, s\u2019afegiran les jornades que faltin [&hellip;]<\/p>\n","protected":false},"author":1,"featured_media":0,"parent":0,"menu_order":0,"comment_status":"closed","ping_status":"closed","template":"","meta":{"footnotes":""},"c2tw_page_folder":[8],"class_list":["post-84","page","type-page","status-publish","hentry","c2tw_page_folder-reglaments"],"_links":{"self":[{"href":"https:\/\/www.asep.cat\/index.php\/wp-json\/wp\/v2\/pages\/84","targetHints":{"allow":["GET"]}}],"collection":[{"href":"https:\/\/www.asep.cat\/index.php\/wp-json\/wp\/v2\/pages"}],"about":[{"href":"https:\/\/www.asep.cat\/index.php\/wp-json\/wp\/v2\/types\/page"}],"author":[{"embeddable":true,"href":"https:\/\/www.asep.cat\/index.php\/wp-json\/wp\/v2\/users\/1"}],"replies":[{"embeddable":true,"href":"https:\/\/www.asep.cat\/index.php\/wp-json\/wp\/v2\/comments?post=84"}],"version-history":[{"count":7,"href":"https:\/\/www.asep.cat\/index.php\/wp-json\/wp\/v2\/pages\/84\/revisions"}],"predecessor-version":[{"id":15933,"href":"https:\/\/www.asep.cat\/index.php\/wp-json\/wp\/v2\/pages\/84\/revisions\/15933"}],"wp:attachment":[{"href":"https:\/\/www.asep.cat\/index.php\/wp-json\/wp\/v2\/media?parent=84"}],"wp:term":[{"taxonomy":"c2tw_page_folder","embeddable":true,"href":"https:\/\/www.asep.cat\/index.php\/wp-json\/wp\/v2\/c2tw_page_folder?post=84"}],"curies":[{"name":"wp","href":"https:\/\/api.w.org\/{rel}","templated":true}]}}