{"id":82,"date":"2025-08-27T16:44:18","date_gmt":"2025-08-27T14:44:18","guid":{"rendered":"https:\/\/www.asep.cat\/?page_id=82"},"modified":"2025-11-12T12:42:37","modified_gmt":"2025-11-12T11:42:37","slug":"reglament-intercamps-oest","status":"publish","type":"page","link":"https:\/\/www.asep.cat\/index.php\/reglament-intercamps-oest\/","title":{"rendered":"Reglament Intercamps Oest"},"content":{"rendered":"\n<p class=\"has-large-font-size\">XIX Reglament Intercamps 2025-25<\/p>\n\n\n\n<ul class=\"wp-block-list\">\n<li><a href=\"#1er-Participants\">1er-PARTICIPANTS<\/a><\/li>\n\n\n\n<li><a href=\"#2on.Comiteorganitzador\">2on \u2013 COMIT\u00c8 ORGANITZADOR DE LA PROVA<\/a><\/li>\n\n\n\n<li><a href=\"#3erDivisions\">3er \u2013 DIVISIONS I ZONES<\/a><\/li>\n\n\n\n<li><a href=\"#4rtCalendari\">4rt &#8211; CALENDARI DE LA COMPETICI\u00d3 I HORARIS<\/a><\/li>\n\n\n\n<li><a href=\"#5eModalitats\">5\u00e8 &#8211; EQUIPS I MODALITAT DE JOC<\/a><\/li>\n\n\n\n<li><a href=\"#6eClassificacions\">6\u00e8 &#8211; CLASSIFICACIONS<\/a><\/li>\n\n\n\n<li><a href=\"#7eDesempats\">7\u00e8 &#8211; DESEMPATS<\/a><\/li>\n\n\n\n<li><a href=\"#8eAscensos\">8\u00e8 &#8211; ASCENSOS I DESCENSOS<\/a><\/li>\n\n\n\n<li><a href=\"#9eCapita\">9\u00e8 &#8211; EL CAPIT\u00c0 DE L\u2019EQUIP<\/a><\/li>\n\n\n\n<li><a href=\"#10eHandicap\">10\u00e8 &#8211; HANDICAP DE JOC<\/a><\/li>\n\n\n\n<li><a href=\"#11eInscripcions\">11\u00e8 &#8211; INSCRIPCIONS DE MEMBRES DE L\u2019EQUIP<\/a><\/li>\n\n\n\n<li><a href=\"#12eInscripcionsProva\">12\u00e8 &#8211; INSCRIPCIONS PER CADA PROVA<\/a><\/li>\n\n\n\n<li><a href=\"#13eInformacio\">13\u00e8 &#8211; INFORMACI\u00d3 D\u2019HORARIS I RESULTATS<\/a><\/li>\n\n\n\n<li><a href=\"#14eTrofeus\">14\u00e8 &#8211; TROFEUS I PREMIS<\/a><\/li>\n\n\n\n<li><a href=\"#15eDrets\">15\u00e8 \u2013 DRETS D\u2019INSCRIPCI\u00d3 I PREUS DELS GREENFEES<\/a><\/li>\n\n\n\n<li><a href=\"#16eDesqualificacions\">16\u00e8 \u2013 DESQUALIFICACIONS I RECLAMACIONS<\/a><\/li>\n<\/ul>\n\n\n\n<p><strong>Reglament general<\/strong><\/p>\n\n\n\n<p>L\u2019 inscripci\u00f3 i participaci\u00f3 a la Competici\u00f3 implica l\u2019acceptaci\u00f3 impl\u00edcita d\u2019aquest Reglament i de totes les normes que se\u2019n deriven de les entitats organitzadores incloent el tractament de dades i l\u2019acceptaci\u00f3 de difusi\u00f3 d\u2019imatges i dades esportives dels jugadors amb car\u00e0cter promocional.<\/p>\n\n\n\n<p id=\"1er-Participants\"><strong>1er &#8211; PARTICIPANS<\/strong><\/p>\n\n\n\n<p>Podran participar tots els equips que estiguin al corrent del pagament de les seves quotes, hagin realitzat la preinscripci\u00f3 a la competici\u00f3 i no tinguin cap deute o sanci\u00f3 pendent d\u2019anteriors edicions d\u2019aquest Campionat.<\/p>\n\n\n\n<p>Els equips participants poden ser dependents o no d\u2019un club, per\u00f2 ser\u00e0 indispensable que juguin com a representants d\u2019un camp que acceptar\u00e0 ser seu de la competici\u00f3 a ra\u00f3 d\u2019una prova com a&nbsp;m\u00ednim&nbsp;per equip presentat.<\/p>\n\n\n\n<p>Quan m\u00e9s d\u2019un equip sigui dependent d\u2019un club o un camp, aquests tindran prefer\u00e8ncia d\u2019inscripci\u00f3 fins a exhaurir el nombre m\u00e0xim de places segons aquest ordre:<\/p>\n\n\n\n<ul class=\"wp-block-list\">\n<li>a.&nbsp;Els equips participants a l\u2019anterior edici\u00f3.<\/li>\n\n\n\n<li>b. El primer equip de nous clubs o camps no participants fins al moment.<\/li>\n\n\n\n<li>c.&nbsp;Un equip addicional per club o camp segons ordre de classificaci\u00f3 de l\u2019anterior edici\u00f3, i despr\u00e8s el segon equip dels clubs o camps nous.<\/li>\n\n\n\n<li>d. Un segon equip addicional segons el criteri \u201cc.\u201d i aix\u00ed successivament fins a omplir les divisions.<\/li>\n<\/ul>\n\n\n\n<p>Per considerar a un o m\u00e9s equips dependents d\u2019un club, caldr\u00e0 que aquest estigui registrat en el Registre d\u2019Entitats Esportives de la Secretaria General de l\u2019Esport de la Generalitat de Catalunya com a club esportiu.<\/p>\n\n\n\n<p>Els clubs esportius sense camp que competeixin amb un o mes equips, hauran d\u2019escollir un camp on es disputaran els partits que els pertanyin, aquest camp te que ser nominat al comen\u00e7ament de temporada i no es podr\u00e0 canviar durant la temporada.<\/p>\n\n\n\n<p>\u00b7 Els equips dependents d\u2019un club, representen al mateix i per tant tots els drets esportius s\u00f3n propietat del club. Aquests drets esportius no es poden cedir ni traspassar.<\/p>\n\n\n\n<p>\u00b7 En el cas de que un equip depengui d\u2019un camp, tots els drets esportius s\u00f3n propietat del camp i sols, sota conformitat expressa del camp, es podran cedir.<\/p>\n\n\n\n<p>Els equips preinscrits podran tenir pla\u00e7a segons els criteris d\u2019admissi\u00f3 abans esmentats. Els equips que s\u2019hagin inscrit posteriorment seran acceptats en la competici\u00f3 si queden places vacants segons criteris organitzatius i per estricte ordre d\u2019arribada de les inscripcions.<\/p>\n\n\n\n<p>Els jugadors i jugadores membres dels diferents equips podran ser aquells que tinguin la consideraci\u00f3 de s\u00e8niors per l\u2019Associaci\u00f3 Catalana de Pitch &amp; Putt i estiguin en possessi\u00f3 de la corresponent llic\u00e8ncia en vigor, a m\u00e9s dels homes i dones que compleixin 55 anys o m\u00e9s dins de l&#8217;any en que s&#8217;acaba la competici\u00f3 de la seva zona.<\/p>\n\n\n\n<p>El jugador que hagi jugat amb un equip, podr\u00e0 participar durant la present temporada en un altre equip del mateix club o camp. El n\u00famero de jugadors que rebi un equip d\u2019altres equips se especifica en el punt 5\u00e8 d&#8217;aquest reglament.<\/p>\n\n\n\n<p>Cada jugador nom\u00e9s podr\u00e0 participar una vegada per jornada independentment de si la jornada es juga en un o m\u00e9s dies de competici\u00f3.<\/p>\n\n\n\n<p>A l\u2019hora d\u2019inscriure un jugador com a membre actiu del circuit, si es que la temporada anterior ja n\u2019era, es tindr\u00e0 en compte que com a m\u00ednim va jugar dos partits.<\/p>\n\n\n\n<p>Aquesta limitaci\u00f3 no compta per els jugadors de mes de 80 anys que, per raons d\u2019estat f\u00edsic o de salut, no puguin haver complert amb aquest requisit.<\/p>\n\n\n\n<p>Un jugador que hagi jugat en un equip, no es podr\u00e0 canvia a qualsevol altre, dins de la mateixa temporada.<\/p>\n\n\n\n<p id=\"2on.Comiteorganitzador\"><strong>2on \u2013 COMIT\u00c8 ORGANITZADOR DE LA PROVA<\/strong><\/p>\n\n\n\n<p>L\u2019Associaci\u00f3 Catalana de Pitch &amp; Putt continua amb la tasca de, registrar inscripcions i publicar classificacions de forma conjunta i unificada per a tota la competici\u00f3.<\/p>\n\n\n\n<p>De la col\u00b7laboraci\u00f3 amb l\u2019Associaci\u00f3 Catalana de Pitch &amp; Putt se\u2019n deriva un Comit\u00e8 S\u00e8nior que actua com a Comit\u00e8 Organitzador de la competici\u00f3.<\/p>\n\n\n\n<p>El Comit\u00e8 de Competici\u00f3 de la Prova estar\u00e0 format per&nbsp;el delegat de la divisi\u00f3&nbsp;i un responsable del camp on es jugui la jornada.&nbsp;Es cas de dubte es consultar\u00e0&nbsp;a un membre del Comit\u00e8 S\u00e8nior.<\/p>\n\n\n\n<p>La suspensi\u00f3 de la prova pr\u00e8viament a la seva celebraci\u00f3 \u00e9s responsabilitat del Comit\u00e8 d\u2019Organitzaci\u00f3 i la suspensi\u00f3 de la prova durant la seva celebraci\u00f3 \u00e9s responsabilitat del Comit\u00e8 de Competici\u00f3 de la prova.<\/p>\n\n\n\n<p>La suspensi\u00f3 de la prova amb motiu d\u2019inclem\u00e8ncies meteorol\u00f2giques es regir\u00e0 segons el protocol aprovat per la Junta Directiva de la FCPP i exposat a la circular 05\/2006 FCPP i 03\/2011 FCPP.<\/p>\n\n\n\n<p>Far\u00e0 les funcions de delegat de divisi\u00f3, el capit\u00e0 de l\u2019equip del camp&nbsp;o club, on es jugui la jornada.<\/p>\n\n\n\n<p>Seran d\u2019ell les responsabilitats de coordinar les relacions amb la resta d\u2019equips i formar\u00e0 part del Comit\u00e8 de la Prova.<\/p>\n\n\n\n<p>En cas necessari, al Comit\u00e8 de la Prova se li afegir\u00e0 un \u00e0rbitre designat per la Federaci\u00f3 i que vetllar\u00e0 per el compliment de les normes de joc.<\/p>\n\n\n\n<p>Amb el prop\u00f2sit de millorar la qualitat dels camps, com a norma, el procediment a seguir ser\u00e0:<\/p>\n\n\n\n<p>\u00b7&nbsp;Qualsevol jugador del circuit, que detecti que el camp on properament s\u2019ha de jugar una prova, no est\u00e0 en condicions acceptables, ho ha de comunicar al capit\u00e0 del seu equip o a algun representant del Comit\u00e8 de S\u00e8niors,<\/p>\n\n\n\n<p>\u00b7&nbsp;\u00d2bviament si ning\u00fa detecta que l\u2019estat del camp no es acceptable, de iniciativa pr\u00f2pia, el capit\u00e0 local te que inici\u00e0 el procediment, comunicant al Comit\u00e8 de S\u00e8niors, la situaci\u00f3.<\/p>\n\n\n\n<p>\u00b7&nbsp;Ell es qui ha de prendre la decisi\u00f3 final sobre si l\u2019estat del camp, permet que s\u2019hi jugui o no.<\/p>\n\n\n\n<p>\u00b7&nbsp;La seva decisi\u00f3 l\u2019ha de comunicar al Comit\u00e8 de S\u00e8niors, com a molt tard 10 dies abans de la competici\u00f3.<\/p>\n\n\n\n<p>\u00b7 Aquesta decisi\u00f3 ser\u00e0 acceptada per a tothom.<\/p>\n\n\n\n<p>\u00b7&nbsp;En el cas de que hagi donat per bo el camp, despr\u00e9s d\u2019haver jugat el partit, si 2\/3 dels capitans que han jugat, argumenten que el camp no era acceptable, autom\u00e0ticament aquest camp perdr\u00e0 la propera prova en el seu camp, sigui quina sigui la condici\u00f3 del camp en el moment d\u2019aquesta segona prova.<\/p>\n\n\n\n<p id=\"3erDivisions\"><strong>3er \u2013 DIVISIONS I ZONES<\/strong><\/p>\n\n\n\n<p>Les competicions Intercamps StrokePlay MatchPlay es divideix en&nbsp;tres&nbsp;zones, Zona de Catalunya&nbsp;Nord,&nbsp;Centre&nbsp;i Oest, que es regiran per reglaments iguals en lo b\u00e0sic i diferenciats, en funci\u00f3 de les peculiaritats de cada una d\u2019elles.<\/p>\n\n\n\n<p>Les normes per aquesta zona Oest, venen definides en aquest reglament i els annexes.<\/p>\n\n\n\n<p>Les divisions 1, 2, 3,&#8230; responen a diferents nivells de joc, en funci\u00f3 del dret guanyat en anteriors edicions per part de cada equip a enquadrar-se en cada grup.<\/p>\n\n\n\n<p>El nombre m\u00e0xim d\u2019equips que podran participar a cada una de les divisions ser\u00e0 en funci\u00f3 dels equips inscrits, admesos i amb un m\u00e0xim de 9 i es definiran en els corresponents Annexes.<\/p>\n\n\n\n<p id=\"4rtCalendari\"><strong>4rt &#8211; CALENDARI DE LA COMPETICI\u00d3 I HORARIS<\/strong><\/p>\n\n\n\n<p>El calendari ve publicat en l\u2019annexa d\u2019aquest reglament.<\/p>\n\n\n\n<p>Com a norma general, l\u2019hora de sortida de totes les proves ser\u00e0 a les 10:30 i en aquells camps de 9 forats s\u2019habilitaran dos dies de joc.<\/p>\n\n\n\n<p>El Comit\u00e8 d\u2019Organitzaci\u00f3 es reserva el dret de modificar les dates i l&#8217;horari, per inclem\u00e8ncies del temps o causes de for\u00e7a major.<\/p>\n\n\n\n<p id=\"5eModalitats\"><strong>5\u00e8 &#8211; EQUIPS I MODALITAT DE JOC<\/strong><\/p>\n\n\n\n<p>Els jugadors quedaran englobats com a membres d\u2019un equip des de l\u2019inici de la competici\u00f3, tot i que es permetran canvis d\u2019equip sempre que el jugador no hagi jugat encara per cap altre.<\/p>\n\n\n\n<p>No hi ha n\u00famero m\u00e0xim de jugadors per equip, per\u00f2 si un jugador delsinscrits no ha jugat al menys dos partits per temporada, autom\u00e0ticament quedar\u00e0 vetat&nbsp;a la llista de jugadors en actiu,&nbsp;per les dues properes.<\/p>\n\n\n\n<p>Els equips dependents d\u2019un camp o d\u2019un club, alinearan jugadors de l\u2019equip propi, per\u00f2 podran fer incorporacions puntuals de jugadors d\u2019altres equips del mateix club o camp fins un m\u00e0xim de 2, aquestes supl\u00e8ncies, sempre seran de un equip de categoria inferior a una altre de categoria superior del mateix camp o club, en cap cas es podran deixar jugadors entre equips de la mateixa categoria ni de categoria superior a una de categoria inferior.<\/p>\n\n\n\n<p>En el cas de que siguin 2 els jugadors cedits, aquests es veuran obligats a formar parella, a mes s\u2019ha de tenir en compte que un mateix jugador no pot jugar dos partits en la mateixa jornada.<\/p>\n\n\n\n<p>Si per qualsevol motiu, un equip ha de presentar-se a un torneig amb menys de 8 jugadors i en el cas de que no hi hagu\u00e9s cap marcador disponible,&nbsp;una de les parelles s\u2019haur\u00e0 de desdoblar a fi de que no quedi cap tee lliure.<\/p>\n\n\n\n<p>En cada divisi\u00f3 jugaran un m\u00e0xim de dos partits per camp, en el cas que en una divisi\u00f3 hi haguessin tres o mes equips del mateix camp, sols s\u2019hi jugar\u00e0 dues vegades, complimentant el partit que falta, a qualsevol camp neutral del circuit.<\/p>\n\n\n\n<p>Les normes de les modalitats de joc, venen especificades en els Annexes a aquest reglament.<\/p>\n\n\n\n<p id=\"6eClassificacions\"><strong>6\u00e8 &#8211; CLASSIFICACIONS<\/strong><\/p>\n\n\n\n<p>La Federaci\u00f3 de P&amp;P publicar\u00e0 en la secci\u00f3 de S\u00e8niors els resultats de la jornada aix\u00ed com els acumulats de la competici\u00f3.<\/p>\n\n\n\n<p>Tamb\u00e9 els podeu consultar a la p\u00e0gina que la ASEP te a la vostra disposici\u00f3 a <a href=\"https:\/\/www.asep.cat\/\">https:\/\/www.asep.cat\/<\/a><\/p>\n\n\n\n<p id=\"7eDesempats\"><strong>7\u00e8 &#8211; DESEMPATS<\/strong><\/p>\n\n\n\n<p>Venen definits en els annexes corresponents.<\/p>\n\n\n\n<p id=\"8eAscensos\"><strong>8\u00e8 &#8211; ASCENSOS I DESCENSOS<\/strong><\/p>\n\n\n\n<p>El moviment entre els grups de cara a la seg\u00fcent temporada, es realitzaran sempre en funci\u00f3 dels resultats de la temporada acabada i en general s\u2019aplicar\u00e0 la norma de que:<\/p>\n\n\n\n<p>\u00b7&nbsp;Els dos primers classificats de cada grup, jugaran en la categoria immediatament superior.<\/p>\n\n\n\n<p>\u00b7 Els dos darrers classificats de cada grup jugaran la propera temporada en la categoria immediatament inferior.<\/p>\n\n\n\n<p>Aquesta norma general, pot ser alterada per la entrada i\/o baixes d\u2019equips, aix\u00ed com tamb\u00e9 altres possibles formats de configuraci\u00f3 de grups per propers anys i que es decidiran per part del Comit\u00e8 d\u2019Organitzaci\u00f3.<\/p>\n\n\n\n<p id=\"9eCapita\"><strong>9\u00e8 &#8211; EL CAPIT\u00c0 DE L\u2019EQUIP<\/strong><\/p>\n\n\n\n<p>El Capit\u00e0 de l\u2019equip, ser\u00e0 la persona responsable d\u2019elaborar la llista inicial de jugadors pertanyents a cada equip, les alineacions per a cada prova irealitzar d\u2019inscripci\u00f3 d\u2019acord al que marca aquest Reglament.<\/p>\n\n\n\n<p>El Capit\u00e0 de l\u2019equip, ser\u00e0 l\u2019\u00fanica persona de contacte amb l\u2019organitzaci\u00f3 de la prova abans de la seva celebraci\u00f3.<\/p>\n\n\n\n<p>El Capit\u00e0 de la prova, podr\u00e0 ser el Capit\u00e0 de l\u2019equip o qualsevol altre jugador de l\u2019equip en representaci\u00f3 seva, sigui jugador per aquella prova en concret o no.<\/p>\n\n\n\n<p>El Capit\u00e0 de la prova es l\u2019\u00fanic membre del equip que est\u00e0 autoritzat a donar consells a qualsevol dels seus jugadors, naturalment respectant les normes d\u2019etiqueta i sense molestar a la resta de jugadors.<\/p>\n\n\n\n<p>El jugador inscrit com a Capit\u00e0 de l\u2019equip, ho ser\u00e0 fins al final de la temporada i no es podr\u00e0 rellevar, a no ser per un motiu de for\u00e7a major, no obstant s\u00ed que s\u2019admet el nomenament de uns sots-capit\u00e0, que far\u00e0 les funcions de capit\u00e0 en cas de indisposici\u00f3 del titulat.<\/p>\n\n\n\n<p id=\"10eHandicap\"><strong>10\u00e8 &#8211; HANDICAP DE JOC<\/strong><\/p>\n\n\n\n<p>En la competici\u00f3 de StrokePlay, es jugar\u00e0 sempre amb el handicap actualitzat per l\u2019Associaci\u00f3 Catalana de Pitch and Putt i ser\u00e0 responsabilitat de cada jugador comprovar la veracitat de les dades indicades a les classificacions i a la targeta de joc.<\/p>\n\n\n\n<p>Els jugador \u00f3 jugadores que no tinguin llic\u00e8ncia de Pitch &amp; Putt, es tindran que treure la llic\u00e8ncia corresponent abans de jugar qualsevol prova.<\/p>\n\n\n\n<p>El jugadors, que disposin del Handicap de Golf i no de Pitch &amp; Putt, podran jugar amb la conversi\u00f3 al Handicap de Pitch &amp; Putt (apartat 6.0 del reglament de Handicap de la ACPP)<\/p>\n\n\n\n<p>sempre que abans de jugar, s\u2019hagi emplenat la sol\u00b7licitud de la ACPP i haver pagat la quota corresponent, en aquest cas, una vegada acabada la prova, se li adjudicar\u00e0 el Handicap de Pitch &amp; Putt que li correspongui (apartat 4.3 del Reglament del Handicap de la ACCP).<\/p>\n\n\n\n<p>Els jugadors que disposin de la llic\u00e8ncia per\u00f2 no disposin del Handicap de Pitch &amp; Putt, jugaran amb Handicap CERO, poden obtenir-lo una vegada completades dues proves, sol\u00b7licitant a qualsevol camp la seva tramitaci\u00f3.<\/p>\n\n\n\n<p>A la competici\u00f3 MatchPlay, sempre es jugar\u00e0 amb HCP 0<\/p>\n\n\n\n<p id=\"11eInscripcions\"><strong>11\u00e8 &#8211; INSCRIPCIONS DE MEMBRES DE L\u2019EQUIP<\/strong><\/p>\n\n\n\n<p>Abans de comen\u00e7ar la temporada, cada equip, o en el seu defecte el club o camp del que depengui, haur\u00e0 de comunicar via email a josepbalmu@gmail.com o intercamps@pitch.cat el llistat de jugadors dependents d\u2019aquell equip indicant clarament els n\u00fameros de llic\u00e8ncia dels<\/p>\n\n\n\n<p>jugadors.<\/p>\n\n\n\n<p>Caldr\u00e0 tamb\u00e9 especificar grup de joc i nom de l\u2019equip aix\u00ed com llic\u00e8ncia, tel\u00e8fon i email del jugador que actu\u00ed com a Capit\u00e0 de l\u2019equip.<\/p>\n\n\n\n<p>La data per enviar els components dels equip, s&#8217;haur\u00e0 de fer com a m\u00ednim 15 dies abans del primer partit de la temporada.<\/p>\n\n\n\n<p id=\"12eInscripcionsProva\"><strong>12\u00e8 &#8211; INSCRIPCIONS PER CADA PROVA<\/strong><\/p>\n\n\n\n<p>El Capit\u00e0 de cada equip, es l\u2019encarregat de realitzar les inscripcions de les parelles a cada prova, i de fer l\u2019entrega de l\u2019import dels greenfees al camp corresponent, en el moment de recollir les targetes de l\u2019equip.<\/p>\n\n\n\n<p>El termini m\u00e0xim per a realitzar les inscripcions dels jugadors de cada equip, es el DIVENDRES ANTERIOR a cada prova i aquesta inscripci\u00f3 es podr\u00e0 fer per els seg\u00fcents mitjans:<\/p>\n\n\n\n<p>\u00b7 Amb el m\u00f2dul d\u2019inscripcions on-line de l\u2019Associaci\u00f3 Catalana de Pitch and Putt per als capitans registrats a la mateixa i que hagin comunicat que actuen com a capitans de l\u2019equip.<\/p>\n\n\n\n<p>\u00b7 Per email a l\u2019adre\u00e7a intercamps@pitch.cat<\/p>\n\n\n\n<p>\u00b7 Per Fax al 93 412 16 79 indicant clarament INTERCAMPS 2025-26<\/p>\n\n\n\n<p>Qualsevol que sigui la forma de comunicar les alineacions de cada equip, ser\u00e0 imprescindible fer-ho indicant els n\u00fameros de llic\u00e8ncia dels 8 jugadors participants.<\/p>\n\n\n\n<p id=\"13eInformacio\"><strong>13\u00e8 &#8211; INFORMACI\u00d3 D\u2019HORARIS I RESULTATS<\/strong><\/p>\n\n\n\n<p>A la plana web de l\u2019Associaci\u00f3 Catalana de Pitch and Putt, a l\u2019apartat competicions del men\u00fa principal hi ha habilitada una secci\u00f3 S\u00c8NIOR, on els jugadors i jugadores hi trobaran tota la informaci\u00f3 de la competici\u00f3: Horaris, Dates d\u2019Inscripci\u00f3 i Classificacions.<\/p>\n\n\n\n<p id=\"14eTrofeus\"><strong>14\u00e8 &#8211; TROFEUS I PREMIS<\/strong><\/p>\n\n\n\n<p>Els trofeus i premis quedaran definits per a cadascuna de les dues competicions, en els annexes al Reglament propis de cada una d\u2019elles.<\/p>\n\n\n\n<p>Els trofeus no s\u00f3n acumulables, i en cas de coincid\u00e8ncia d\u2019un premi scracth i un handicap, l\u2019ordre d\u2019adjudicaci\u00f3 ser\u00e0: 1er scratx, 1er handicap, 2on scratx, 2on handicap, i successivament amb tots els premis que hi hagi.<\/p>\n\n\n\n<p id=\"15eDrets\"><strong>15\u00e8 \u2013 DRETS D\u2019INSCRIPCI\u00d3 I PREUS DELS GREENFEES<\/strong><\/p>\n\n\n\n<p>Els drets de inscripci\u00f3 a aquestes competicions es de 420\u20ac per equip i l\u2019import d\u2019aquesta inscripci\u00f3 no ser\u00e0 reemborsable.<\/p>\n\n\n\n<p>Aquest 420\u20ac per equip, dona dret, jugar les dues competicions (Stroke Play i Match Play) i si les despeses corrents ho permeten, a 8 dinars a la final del MP i a 8 dinars en la competici\u00f3 SP&nbsp;i si les despeses ho permeten una part o la totalitat&nbsp;de les 8 targetes de jugador. La resta d\u2019assistents, hauran de abonar tots aquest extres, per l\u2019import que la organitzaci\u00f3 els informi.<\/p>\n\n\n\n<p>Com a molt tard, tots els equips participants han d\u2019haver abonar els 420 \u20ac a la compte que ASEP te en la Caixa de Guissona n\u00famero:&nbsp;ES56 3140 0001 9500 1302 8100&nbsp;abans del comen\u00e7ament de la temporada.<\/p>\n\n\n\n<p>El preu del Greenfee es de 14\u20ac per jugador, dels que 12,5\u20ac seran per el camps, es a dir 100\u20ac per equip, que es faran efectius al retirar les targetes i que s\u2019hauran d\u2019abonar, encara que l\u2019equip no estigui complert.<\/p>\n\n\n\n<p>L\u2019euro i mig d\u2019ASEP, es per contribuir a les despeses generals i es faran efectius al principi de temporada a la compte de la Associaci\u00f3 abans mencionada.<\/p>\n\n\n\n<p id=\"16eDesqualificacions\"><strong>16\u00e8 \u2013 DESQUALIFICACIONS I RECLAMACIONS<\/strong><\/p>\n\n\n\n<p>Aquest reglament est\u00e0 sotm\u00e8s a las regles generals del Pitch and Putt de l\u2019Associaci\u00f3 Catalana de Pitch and Putt i la Federaci\u00f3 Catalana de Pitch and Putt i a les regles locals de cada camp.<\/p>\n\n\n\n<p>La parella que sigui desqualificada en una prova, el resultat no valdr\u00e0 a efectes de classificaci\u00f3 final. S\u2019aplicar\u00e0 el mateix criteri, si una parella es retira per qualsevol motiu no establert per el Reglament de la FCPP.<\/p>\n\n\n\n<p>Si una parella o jugador, es desqualificat 3 cops a les diferents proves de la competici\u00f3, no es podr\u00e0 alinear m\u00e9s a aquest jugador o als jugadors integrants de la parella, per la resta de proves de la temporada.<\/p>\n\n\n\n<p>La no presentaci\u00f3 d\u2019un equip a qualsevol de les proves o no arribi al m\u00ednim de 4 jugadors en la competici\u00f3 StrokePlay i 6 jugadors en la de MatchPlay, a nivell de classificaci\u00f3, es computar\u00e0 un resultat de 0 punts per l\u2019equip en el cas de SP o partits perduts en el cas de MP.<\/p>\n\n\n\n<p>Els jugadors podran presentar reclamacions una vegada finalitzada la prova en el camp implicat, al Comit\u00e8 de la Prova d\u2019aquest camp, tindr\u00e0 que d\u2019actuar en conseq\u00fc\u00e8ncia i prendr\u00e0 una decisi\u00f3 dins les 24 hores seg\u00fcents a la finalitzaci\u00f3 de la prova.<\/p>\n\n\n\n<p>En cas que intervingui el Comit\u00e8 Organitzador es prendr\u00e0 el temps necessari perqu\u00e8 dicti una resoluci\u00f3.<\/p>\n\n\n\n<p>Els aspectes que no estiguin expressament regulats per aquest reglament, ser\u00e0 d\u2019aplicaci\u00f3 la decisi\u00f3 del Comit\u00e8 Organitzador.<\/p>\n","protected":false},"excerpt":{"rendered":"<p>XIX Reglament Intercamps 2025-25 Reglament general L\u2019 inscripci\u00f3 i participaci\u00f3 a la Competici\u00f3 implica l\u2019acceptaci\u00f3 impl\u00edcita d\u2019aquest Reglament i de totes les normes que se\u2019n deriven de les entitats organitzadores incloent el tractament de dades i l\u2019acceptaci\u00f3 de difusi\u00f3 d\u2019imatges i dades esportives dels jugadors amb car\u00e0cter promocional. 1er &#8211; PARTICIPANS Podran participar tots els [&hellip;]<\/p>\n","protected":false},"author":1,"featured_media":0,"parent":0,"menu_order":0,"comment_status":"closed","ping_status":"closed","template":"","meta":{"footnotes":""},"c2tw_page_folder":[8],"class_list":["post-82","page","type-page","status-publish","hentry","c2tw_page_folder-reglaments"],"_links":{"self":[{"href":"https:\/\/www.asep.cat\/index.php\/wp-json\/wp\/v2\/pages\/82","targetHints":{"allow":["GET"]}}],"collection":[{"href":"https:\/\/www.asep.cat\/index.php\/wp-json\/wp\/v2\/pages"}],"about":[{"href":"https:\/\/www.asep.cat\/index.php\/wp-json\/wp\/v2\/types\/page"}],"author":[{"embeddable":true,"href":"https:\/\/www.asep.cat\/index.php\/wp-json\/wp\/v2\/users\/1"}],"replies":[{"embeddable":true,"href":"https:\/\/www.asep.cat\/index.php\/wp-json\/wp\/v2\/comments?post=82"}],"version-history":[{"count":5,"href":"https:\/\/www.asep.cat\/index.php\/wp-json\/wp\/v2\/pages\/82\/revisions"}],"predecessor-version":[{"id":490,"href":"https:\/\/www.asep.cat\/index.php\/wp-json\/wp\/v2\/pages\/82\/revisions\/490"}],"wp:attachment":[{"href":"https:\/\/www.asep.cat\/index.php\/wp-json\/wp\/v2\/media?parent=82"}],"wp:term":[{"taxonomy":"c2tw_page_folder","embeddable":true,"href":"https:\/\/www.asep.cat\/index.php\/wp-json\/wp\/v2\/c2tw_page_folder?post=82"}],"curies":[{"name":"wp","href":"https:\/\/api.w.org\/{rel}","templated":true}]}}