{"id":77,"date":"2025-08-27T16:42:09","date_gmt":"2025-08-27T14:42:09","guid":{"rendered":"https:\/\/www.asep.cat\/?page_id=77"},"modified":"2026-04-10T17:17:38","modified_gmt":"2026-04-10T15:17:38","slug":"resultats-2","status":"publish","type":"page","link":"https:\/\/www.asep.cat\/index.php\/resultats-2\/","title":{"rendered":"Resultats II Copa ASEP"},"content":{"rendered":"\n<p class=\"has-large-font-size\"><\/p>\n\n\n\n<p><em>Campi\u00f3 absolut 1a divisi\u00f3<\/em><\/p>\n\n\n\n<ul class=\"wp-block-list has-medium-font-size\">\n<li class=\"has-medium-font-size\"><strong>Pendent<\/strong><\/li>\n<\/ul>\n\n\n\n<p><em>Campi\u00f3 absolut 2a divisi\u00f3<\/em><\/p>\n\n\n\n<ul class=\"wp-block-list\">\n<li class=\"has-medium-font-size\"><strong>Pendent<\/strong><\/li>\n<\/ul>\n\n\n\n<p><em>Campi\u00f3 absolut 3a divisi\u00f3<\/em><\/p>\n\n\n\n<ul class=\"wp-block-list\">\n<li class=\"has-medium-font-size\"><strong>Pendent<\/strong><\/li>\n<\/ul>\n\n\n\n<p><em>Campi\u00f3 absolut 4a divisi\u00f3<\/em><\/p>\n\n\n\n<ul class=\"wp-block-list\">\n<li class=\"has-medium-font-size\"><strong>Pendent<\/strong><\/li>\n<\/ul>\n","protected":false},"excerpt":{"rendered":"<p>Campi\u00f3 absolut 1a divisi\u00f3 Campi\u00f3 absolut 2a divisi\u00f3 Campi\u00f3 absolut 3a divisi\u00f3 Campi\u00f3 absolut 4a divisi\u00f3<\/p>\n","protected":false},"author":1,"featured_media":0,"parent":0,"menu_order":0,"comment_status":"closed","ping_status":"closed","template":"","meta":{"footnotes":""},"c2tw_page_folder":[12],"class_list":["post-77","page","type-page","status-publish","hentry","c2tw_page_folder-copa"],"_links":{"self":[{"href":"https:\/\/www.asep.cat\/index.php\/wp-json\/wp\/v2\/pages\/77","targetHints":{"allow":["GET"]}}],"collection":[{"href":"https:\/\/www.asep.cat\/index.php\/wp-json\/wp\/v2\/pages"}],"about":[{"href":"https:\/\/www.asep.cat\/index.php\/wp-json\/wp\/v2\/types\/page"}],"author":[{"embeddable":true,"href":"https:\/\/www.asep.cat\/index.php\/wp-json\/wp\/v2\/users\/1"}],"replies":[{"embeddable":true,"href":"https:\/\/www.asep.cat\/index.php\/wp-json\/wp\/v2\/comments?post=77"}],"version-history":[{"count":6,"href":"https:\/\/www.asep.cat\/index.php\/wp-json\/wp\/v2\/pages\/77\/revisions"}],"predecessor-version":[{"id":15946,"href":"https:\/\/www.asep.cat\/index.php\/wp-json\/wp\/v2\/pages\/77\/revisions\/15946"}],"wp:attachment":[{"href":"https:\/\/www.asep.cat\/index.php\/wp-json\/wp\/v2\/media?parent=77"}],"wp:term":[{"taxonomy":"c2tw_page_folder","embeddable":true,"href":"https:\/\/www.asep.cat\/index.php\/wp-json\/wp\/v2\/c2tw_page_folder?post=77"}],"curies":[{"name":"wp","href":"https:\/\/api.w.org\/{rel}","templated":true}]}}