{"id":73,"date":"2025-08-27T16:41:45","date_gmt":"2025-08-27T14:41:45","guid":{"rendered":"https:\/\/www.asep.cat\/?page_id=73"},"modified":"2026-04-10T17:13:02","modified_gmt":"2026-04-10T15:13:02","slug":"equips-participants","status":"publish","type":"page","link":"https:\/\/www.asep.cat\/index.php\/equips-participants\/","title":{"rendered":"Equips participants"},"content":{"rendered":"\n<p>1a divisi\u00f3 &#8211; <\/p>\n\n\n\n<ul class=\"wp-block-list\">\n<li>Pendents de la 9a prova del 12\/05\/26<\/li>\n<\/ul>\n\n\n\n<p>2a Divisi\u00f3 &#8211;<\/p>\n\n\n\n<ul class=\"wp-block-list\">\n<li>Pendents de la 9a Prova del 13\/05\/26<\/li>\n<\/ul>\n\n\n\n<p>3a divisi\u00f3<\/p>\n\n\n\n<ul class=\"wp-block-list\">\n<li>Pendents de la 9a Prova del 19\/05\/26<\/li>\n<\/ul>\n\n\n\n<p>4a divisi\u00f3<\/p>\n\n\n\n<ul class=\"wp-block-list\">\n<li>Pendents de la 9a Prova del 20\/05\/26<\/li>\n<\/ul>\n","protected":false},"excerpt":{"rendered":"<p>1a divisi\u00f3 &#8211; 2a Divisi\u00f3 &#8211; 3a divisi\u00f3 4a divisi\u00f3<\/p>\n","protected":false},"author":1,"featured_media":0,"parent":0,"menu_order":0,"comment_status":"closed","ping_status":"closed","template":"","meta":{"footnotes":""},"c2tw_page_folder":[12],"class_list":["post-73","page","type-page","status-publish","hentry","c2tw_page_folder-copa"],"_links":{"self":[{"href":"https:\/\/www.asep.cat\/index.php\/wp-json\/wp\/v2\/pages\/73","targetHints":{"allow":["GET"]}}],"collection":[{"href":"https:\/\/www.asep.cat\/index.php\/wp-json\/wp\/v2\/pages"}],"about":[{"href":"https:\/\/www.asep.cat\/index.php\/wp-json\/wp\/v2\/types\/page"}],"author":[{"embeddable":true,"href":"https:\/\/www.asep.cat\/index.php\/wp-json\/wp\/v2\/users\/1"}],"replies":[{"embeddable":true,"href":"https:\/\/www.asep.cat\/index.php\/wp-json\/wp\/v2\/comments?post=73"}],"version-history":[{"count":7,"href":"https:\/\/www.asep.cat\/index.php\/wp-json\/wp\/v2\/pages\/73\/revisions"}],"predecessor-version":[{"id":15944,"href":"https:\/\/www.asep.cat\/index.php\/wp-json\/wp\/v2\/pages\/73\/revisions\/15944"}],"wp:attachment":[{"href":"https:\/\/www.asep.cat\/index.php\/wp-json\/wp\/v2\/media?parent=73"}],"wp:term":[{"taxonomy":"c2tw_page_folder","embeddable":true,"href":"https:\/\/www.asep.cat\/index.php\/wp-json\/wp\/v2\/c2tw_page_folder?post=73"}],"curies":[{"name":"wp","href":"https:\/\/api.w.org\/{rel}","templated":true}]}}