{"id":603,"date":"2025-10-28T18:57:47","date_gmt":"2025-10-28T17:57:47","guid":{"rendered":"https:\/\/www.asep.cat\/?page_id=603"},"modified":"2025-11-12T12:37:13","modified_gmt":"2025-11-12T11:37:13","slug":"28-10-2025-resultats-de-1a-jornada-del-intercamps-mp-oest","status":"publish","type":"page","link":"https:\/\/www.asep.cat\/index.php\/28-10-2025-resultats-de-1a-jornada-del-intercamps-mp-oest\/","title":{"rendered":"28\/10\/2025 Resultats de 1a jornada del Intercamps MP Oest"},"content":{"rendered":"\n<p>Hola, ja tenim en marxa l\u2019Intercamps Oest MP, amb aix\u00f2 ja podem posar velocitat de creuer a les nostres competicions habituals.<\/p>\n\n\n\n<p>No se a la resta de camps, per\u00f2 al menys a Oller del Mas, ha fet un dia espl\u00e8ndid.<\/p>\n\n\n\n<p>Al mig dia, incl\u00fas feia calor, es d\u2019aquells dies que dona just jugar, els companys molt be i la prova competitiva, l&#8217;estat del camp, el podem classificar de bo, es a dir, tot tal com te que ser.<\/p>\n\n\n\n<p>Els guanyadors d&#8217;aquesta primera jornada i naturalment la incipient general<\/p>\n\n\n\n<ul class=\"wp-block-list\">\n<li>1a divisi\u00f3: Triple empat a 5 punts dels equips de Can Rafel S\u00e8niors, Manresa Golf La Roqueta i Portal del Roc<\/li>\n\n\n\n<li>2a divisi\u00f3: Can Rafel Pened\u00e8s amb 6 punts<\/li>\n\n\n\n<li>3a divisi\u00f3: P&amp;P Bages OM amb 5,5 punts<\/li>\n<\/ul>\n\n\n\n<p>Podeu veure els resultats complets clicant <a href=\"https:\/\/www.pitchputt.cat\/noticies\/noticia.php?id=52147\">aqu\u00ed<\/a>.<\/p>\n\n\n\n<p>Aquesta jornada, com no podia ser menys, m&#8217;han reportat un nou Forat en Un, l&#8217;ha fet:<\/p>\n\n\n\n<ul class=\"wp-block-list\">\n<li>Calle Fern\u00e1ndez, Crescencio, al forat 18 del Roc3<\/li>\n<\/ul>\n\n\n\n<p>Felicitats company, una ampolla d&#8217;oli per a tu<\/p>\n\n\n\n<p>Salut a tots, Josep<\/p>\n","protected":false},"excerpt":{"rendered":"<p>Hola, ja tenim en marxa l\u2019Intercamps Oest MP, amb aix\u00f2 ja podem posar velocitat de creuer a les nostres competicions habituals. No se a la resta de camps, per\u00f2 al menys a Oller del Mas, ha fet un dia espl\u00e8ndid. Al mig dia, incl\u00fas feia calor, es d\u2019aquells dies que dona just jugar, els companys [&hellip;]<\/p>\n","protected":false},"author":1,"featured_media":0,"parent":0,"menu_order":0,"comment_status":"closed","ping_status":"closed","template":"","meta":{"footnotes":""},"c2tw_page_folder":[7],"class_list":["post-603","page","type-page","status-publish","hentry","c2tw_page_folder-noticies"],"_links":{"self":[{"href":"https:\/\/www.asep.cat\/index.php\/wp-json\/wp\/v2\/pages\/603","targetHints":{"allow":["GET"]}}],"collection":[{"href":"https:\/\/www.asep.cat\/index.php\/wp-json\/wp\/v2\/pages"}],"about":[{"href":"https:\/\/www.asep.cat\/index.php\/wp-json\/wp\/v2\/types\/page"}],"author":[{"embeddable":true,"href":"https:\/\/www.asep.cat\/index.php\/wp-json\/wp\/v2\/users\/1"}],"replies":[{"embeddable":true,"href":"https:\/\/www.asep.cat\/index.php\/wp-json\/wp\/v2\/comments?post=603"}],"version-history":[{"count":6,"href":"https:\/\/www.asep.cat\/index.php\/wp-json\/wp\/v2\/pages\/603\/revisions"}],"predecessor-version":[{"id":624,"href":"https:\/\/www.asep.cat\/index.php\/wp-json\/wp\/v2\/pages\/603\/revisions\/624"}],"wp:attachment":[{"href":"https:\/\/www.asep.cat\/index.php\/wp-json\/wp\/v2\/media?parent=603"}],"wp:term":[{"taxonomy":"c2tw_page_folder","embeddable":true,"href":"https:\/\/www.asep.cat\/index.php\/wp-json\/wp\/v2\/c2tw_page_folder?post=603"}],"curies":[{"name":"wp","href":"https:\/\/api.w.org\/{rel}","templated":true}]}}