{"id":561,"date":"2025-10-14T18:05:06","date_gmt":"2025-10-14T16:05:06","guid":{"rendered":"https:\/\/www.asep.cat\/?page_id=561"},"modified":"2026-01-12T17:40:21","modified_gmt":"2026-01-12T16:40:21","slug":"14-10-2025-3a-jornada-intercamps-oest-sp","status":"publish","type":"page","link":"https:\/\/www.asep.cat\/index.php\/14-10-2025-3a-jornada-intercamps-oest-sp\/","title":{"rendered":"14\/10\/2025 3a jornada Intercamps Oest SP"},"content":{"rendered":"\n<p class=\"has-large-font-size\">Als camps del Roc3, Portal del Roc, Can Rafel i El Vendrell<\/p>\n\n\n\n<p>Hola, la DANA Alice, sembla que ens respecta, avui, als 4 camps que hem jugat ha fet un molt bon dia, concretament a Can Rafel incl\u00fas ha fet una mica de sol, esperem que a la jornada de dem\u00e0 tamb\u00e9 es mantingui be.<\/p>\n\n\n\n<p>Els resultats, com el temps, han estat bons en general a totes les divisions, per el que fa als premis la cosa ha quedat aix\u00ed:<\/p>\n\n\n\n<p>Comencem per els pernils:<\/p>\n\n\n\n<p><strong><em>Scratch<\/em><\/strong><\/p>\n\n\n\n<ul class=\"wp-block-list\">\n<li>1a Divisi\u00f3: Roc3 Vermell &nbsp;amb 16 sota par<\/li>\n\n\n\n<li>2a Divisi\u00f3: El Vall\u00e8s A amb 11 sota par<\/li>\n\n\n\n<li>3a Divisi\u00f3: Can Rafel Nou amb 8 sota par<\/li>\n\n\n\n<li>4a Divisi\u00f3: El Vendrell A amb 5 sobre par<\/li>\n<\/ul>\n\n\n\n<p><strong><u>HCP<\/u><\/strong><\/p>\n\n\n\n<ul class=\"wp-block-list\">\n<li>1a Divisi\u00f3: Can Rafel Pened\u00e8s amb 11 sota par<\/li>\n\n\n\n<li>2a Divisi\u00f3: Cambrils amb 14 sota par<\/li>\n\n\n\n<li>3a Divisi\u00f3: Vilagolf Cambrils amb 16 sota par<\/li>\n\n\n\n<li>4a Divisi\u00f3: P&amp;P Bages OM amb 14 sota par<\/li>\n<\/ul>\n\n\n\n<p>Una curiositat en aquest apartat, es que, sols en tres jornades, ja hi han dos equips que han guanyat els seus respectius pernils, per tres jornades guanyades, aquest equips son:<\/p>\n\n\n\n<ul class=\"wp-block-list\">\n<li>Vilagolf Cambrils en la modalitat de HCP a la 3a divisi\u00f3<\/li>\n\n\n\n<li>P&amp;P Bages tamb\u00e9 en HCP a la 4a divisi\u00f3<\/li>\n<\/ul>\n\n\n\n<p>FELICITATS companys bona feina<\/p>\n\n\n\n<p>Ara repassem al guanyadors de olis i vins:<\/p>\n\n\n\n<p><strong><em>Scratch<\/em><\/strong><\/p>\n\n\n\n<ul class=\"wp-block-list\">\n<li>1a Divisi\u00f3: FEBRERO LOPEZ, TEODORO i LOPEZ CALONGE, ADAN amb 44 punts<\/li>\n\n\n\n<li>2a Divisi\u00f3: FERNANDEZ LOPEZ, JUAN i PENELLA SOLANO, AGUSTIN amb 42 punts<\/li>\n\n\n\n<li>3a Divisi\u00f3: RODRIGUEZ LI\u00d1AN, ANGEL-CUSTODI i MARTINEZ HERAS, VICENTE amb 43 punts<\/li>\n\n\n\n<li>4a Divisi\u00f3: BATALLER REDORAT, ERNESTO i CRUZ SILIO, ROBERT amb 38 punts<\/li>\n<\/ul>\n\n\n\n<p><strong><u>HCP<\/u><\/strong><\/p>\n\n\n\n<ul class=\"wp-block-list\">\n<li>1a Divisi\u00f3: CORTES CASTILLEJOS, JOSE i MORATA MENCHON, JOSE ANGEL amb 41 punts<\/li>\n\n\n\n<li>2a Divisi\u00f3: BERROCAL GARCIA, JOSE M\u00aa i VIQUE VARGAS, JOSEP ANTONI amb 46 punts<\/li>\n\n\n\n<li>3a Divisi\u00f3: HUAMAN TASSARA, ALDO AMADOR i NIETO LIEBANA, PEDRO ANTONIO amb 45 punts<\/li>\n\n\n\n<li>4a Divisi\u00f3: ESCUDERO ALFONSO, JOSE i SUBIRANA ROLANDO, MAURICI amb 46 punts<\/li>\n<\/ul>\n\n\n\n<p>Per el que fa als Forats en Un, per el moment m\u2019ha reportat:<\/p>\n\n\n\n<ul class=\"wp-block-list\">\n<li>SALCEDO FERNANDEZ, JOSEP del Bon\u00c0rea A al Roc3, forat 9<\/li>\n\n\n\n<li>ALVAREZ MOLINA, JUAN del M\u00falligan CR a El Vendrell, forat 12<\/li>\n<\/ul>\n\n\n\n<p>Felicitats companys una ampolla d\u2019oli per a cadasc\u00fa!!<\/p>\n\n\n\n<p>Podeu veure les classificacions complertes clicant <a href=\"https:\/\/www.pitchputt.cat\/noticies\/noticia.php?id=52025\">aqu\u00ed<\/a>, tamb\u00e9 els guanyadors dels olis i vins fent-ho <a href=\"https:\/\/www.asep.cat\/wp-content\/uploads\/2025\/10\/20251014_Oli_Vi.pdf\">aqu\u00ed<\/a> i el pernils <a href=\"https:\/\/www.asep.cat\/wp-content\/uploads\/2025\/10\/20251014_Pernils.pdf\">aqu\u00ed<\/a>.<\/p>\n\n\n\n<p>Si alg\u00fa ha fet fotos, me les podeu fer arribar per correus o per WhatsApp que les penjar\u00e9 al nostre \u00e0lbum<\/p>\n\n\n\n<p>Ara ja podem comen\u00e7ar a preparar la propera jornada en format SP que ser\u00e0 d\u2019aqu\u00ed a 4 setmanes els dimarts i dimecres, el dia 11 de novembre (tots son camps de 18).<\/p>\n\n\n\n<p>Salut a tothom, Josep.<\/p>\n","protected":false},"excerpt":{"rendered":"<p>Als camps del Roc3, Portal del Roc, Can Rafel i El Vendrell Hola, la DANA Alice, sembla que ens respecta, avui, als 4 camps que hem jugat ha fet un molt bon dia, concretament a Can Rafel incl\u00fas ha fet una mica de sol, esperem que a la jornada de dem\u00e0 tamb\u00e9 es mantingui be. [&hellip;]<\/p>\n","protected":false},"author":1,"featured_media":0,"parent":0,"menu_order":0,"comment_status":"closed","ping_status":"closed","template":"","meta":{"footnotes":""},"c2tw_page_folder":[7],"class_list":["post-561","page","type-page","status-publish","hentry","c2tw_page_folder-noticies"],"_links":{"self":[{"href":"https:\/\/www.asep.cat\/index.php\/wp-json\/wp\/v2\/pages\/561","targetHints":{"allow":["GET"]}}],"collection":[{"href":"https:\/\/www.asep.cat\/index.php\/wp-json\/wp\/v2\/pages"}],"about":[{"href":"https:\/\/www.asep.cat\/index.php\/wp-json\/wp\/v2\/types\/page"}],"author":[{"embeddable":true,"href":"https:\/\/www.asep.cat\/index.php\/wp-json\/wp\/v2\/users\/1"}],"replies":[{"embeddable":true,"href":"https:\/\/www.asep.cat\/index.php\/wp-json\/wp\/v2\/comments?post=561"}],"version-history":[{"count":9,"href":"https:\/\/www.asep.cat\/index.php\/wp-json\/wp\/v2\/pages\/561\/revisions"}],"predecessor-version":[{"id":587,"href":"https:\/\/www.asep.cat\/index.php\/wp-json\/wp\/v2\/pages\/561\/revisions\/587"}],"wp:attachment":[{"href":"https:\/\/www.asep.cat\/index.php\/wp-json\/wp\/v2\/media?parent=561"}],"wp:term":[{"taxonomy":"c2tw_page_folder","embeddable":true,"href":"https:\/\/www.asep.cat\/index.php\/wp-json\/wp\/v2\/c2tw_page_folder?post=561"}],"curies":[{"name":"wp","href":"https:\/\/api.w.org\/{rel}","templated":true}]}}