{"id":531,"date":"2025-10-02T09:25:19","date_gmt":"2025-10-02T07:25:19","guid":{"rendered":"https:\/\/www.asep.cat\/?page_id=531"},"modified":"2025-11-12T12:49:27","modified_gmt":"2025-11-12T11:49:27","slug":"02-10-2025-us-de-la-targeta-virtual","status":"publish","type":"page","link":"https:\/\/www.asep.cat\/index.php\/02-10-2025-us-de-la-targeta-virtual\/","title":{"rendered":"02\/10\/2025 Us de la Targeta Virtual"},"content":{"rendered":"\n<p>Hola, aquesta jornada alguns camps han introdu\u00eft la targeta virtual de forma plena o mixta, es a dir, que qui volia que la fes i qui no, que agaf\u00e9s una cartolina de puntuaci\u00f3 i la fes servir.<\/p>\n\n\n\n<p>En les darreres reunions del Comit\u00e8 de S\u00e8niors, varies vegades hem tractat aquest tema, que tots sabem que tard o d\u2019hora s\u2019ha d\u2019implantar.<\/p>\n\n\n\n<p>Per\u00f2 a l\u2019\u00faltima, v\u00e0rem pensar que encara no era el moment i per varies raons, es va decidir que podr\u00edem ajorna la implantaci\u00f3 a una mica mes tard, a fi de que ens don\u00e9s mes de temps per fer-ne pedagogia.<\/p>\n\n\n\n<p>Aquesta decisi\u00f3 del Comit\u00e8, tamb\u00e9 est\u00e0 condicionada a la propera Reuni\u00f3 de Capitans.<\/p>\n\n\n\n<p>Es a dir, hi ha moltes veus que s\u2019han d\u2019escoltar abans de implementar aquest nou sistema de puntuaci\u00f3, en un col\u00b7lectiu com el nostre.<\/p>\n\n\n\n<p>Ja he enviat una nota als camps per que, per el moment, no implementin la Targeta Virtual en el Intercamps.<\/p>\n\n\n\n<p>Gr\u00e0cies a tots per la vostra col\u00b7laboraci\u00f3, Josep<\/p>\n","protected":false},"excerpt":{"rendered":"<p>Hola, aquesta jornada alguns camps han introdu\u00eft la targeta virtual de forma plena o mixta, es a dir, que qui volia que la fes i qui no, que agaf\u00e9s una cartolina de puntuaci\u00f3 i la fes servir. En les darreres reunions del Comit\u00e8 de S\u00e8niors, varies vegades hem tractat aquest tema, que tots sabem que [&hellip;]<\/p>\n","protected":false},"author":1,"featured_media":0,"parent":0,"menu_order":0,"comment_status":"closed","ping_status":"closed","template":"","meta":{"footnotes":""},"c2tw_page_folder":[7],"class_list":["post-531","page","type-page","status-publish","hentry","c2tw_page_folder-noticies"],"_links":{"self":[{"href":"https:\/\/www.asep.cat\/index.php\/wp-json\/wp\/v2\/pages\/531","targetHints":{"allow":["GET"]}}],"collection":[{"href":"https:\/\/www.asep.cat\/index.php\/wp-json\/wp\/v2\/pages"}],"about":[{"href":"https:\/\/www.asep.cat\/index.php\/wp-json\/wp\/v2\/types\/page"}],"author":[{"embeddable":true,"href":"https:\/\/www.asep.cat\/index.php\/wp-json\/wp\/v2\/users\/1"}],"replies":[{"embeddable":true,"href":"https:\/\/www.asep.cat\/index.php\/wp-json\/wp\/v2\/comments?post=531"}],"version-history":[{"count":3,"href":"https:\/\/www.asep.cat\/index.php\/wp-json\/wp\/v2\/pages\/531\/revisions"}],"predecessor-version":[{"id":538,"href":"https:\/\/www.asep.cat\/index.php\/wp-json\/wp\/v2\/pages\/531\/revisions\/538"}],"wp:attachment":[{"href":"https:\/\/www.asep.cat\/index.php\/wp-json\/wp\/v2\/media?parent=531"}],"wp:term":[{"taxonomy":"c2tw_page_folder","embeddable":true,"href":"https:\/\/www.asep.cat\/index.php\/wp-json\/wp\/v2\/c2tw_page_folder?post=531"}],"curies":[{"name":"wp","href":"https:\/\/api.w.org\/{rel}","templated":true}]}}