{"id":525,"date":"2025-10-01T18:33:14","date_gmt":"2025-10-01T16:33:14","guid":{"rendered":"https:\/\/www.asep.cat\/?page_id=525"},"modified":"2026-01-14T09:59:25","modified_gmt":"2026-01-14T08:59:25","slug":"16-09-25-1a-jornada-intercamps-oest-sp","status":"publish","type":"page","link":"https:\/\/www.asep.cat\/index.php\/16-09-25-1a-jornada-intercamps-oest-sp\/","title":{"rendered":"16\/09\/2025 1a Jornada Intercamps Oest SP"},"content":{"rendered":"\n<h2 class=\"wp-block-heading\">Als camps de Can Mascar\u00f3, Can Rafel, Oller del Mas i El Vall\u00e8s<\/h2>\n\n\n\n<p>Per fi, la espera de l\u2019estiu s\u2019ha fet llarga, ja hem pogut comen\u00e7ar la temprada del Intercamps Oest SP 2025-26.<\/p>\n\n\n\n<p>El dia una mica r\u00fafol, hem tingut sort i no ens ha plogut, per\u00f2 poc n\u2019hi ha faltat, de fet nosaltres a Oller del Mas hem suat una mica, no per que fes molta temperatura, si no per que feia in dia molt xafog\u00f3s.<\/p>\n\n\n\n<p>Els resultats molt bons en general a totes les divisions, per el que fa als premis la cosa ha quedat aix\u00ed:<\/p>\n\n\n\n<p>Comencem per els pernils:<\/p>\n\n\n\n<p><strong><em>Scratch<\/em><\/strong><\/p>\n\n\n\n<ul class=\"wp-block-list\">\n<li>1a Divisi\u00f3: Roc3 Vermell amb 12 sota par<\/li>\n\n\n\n<li>2a Divisi\u00f3: Lleida Torre-serona amb 12 sota par<\/li>\n\n\n\n<li>3a Divisi\u00f3: Vilagolf Cambrils amb 1 sota par<\/li>\n\n\n\n<li>4a Divisi\u00f3: Can&nbsp; Mascar\u00f3 A amb 1 sota par<\/li>\n<\/ul>\n\n\n\n<p><strong><u>HCP<\/u><\/strong><\/p>\n\n\n\n<ul class=\"wp-block-list\">\n<li>1a Divisi\u00f3: M\u00falligan Can Mascar\u00f3 amb 9 sota par<\/li>\n\n\n\n<li>2a Divisi\u00f3: Cambrils amb 16 sota par<\/li>\n\n\n\n<li>3a Divisi\u00f3: Vilagolf Cambrils amb 11 sota par<\/li>\n\n\n\n<li>4a Divisi\u00f3: P&amp;P Bages amb 15 sota par<\/li>\n<\/ul>\n\n\n\n<p>Ara repassem al guanyadors de olis i vins:<\/p>\n\n\n\n<p><strong><em>Scratch<\/em><\/strong><\/p>\n\n\n\n<ul class=\"wp-block-list\">\n<li>1a Divisi\u00f3: JAEN LOPEZ, ENRIQUE i FRANCISCO APARICIO, AMPARO amb 41 punts<\/li>\n\n\n\n<li>2a Divisi\u00f3: DE MARCOS HERNANDEZ, MIQUEL i CASTELL SALVANES, CARLOS amb 43 punts<\/li>\n\n\n\n<li>3a Divisi\u00f3: NADAL AZORIN, RICARDO i QUINTANA GUIJARRO, JUAN CARLOS amb 39 punts<\/li>\n\n\n\n<li>4a Divisi\u00f3: FERNANDEZ VALENTIN, JUAN i VILASECA PARCERISAS, VICTOR amb 39 punts<\/li>\n<\/ul>\n\n\n\n<p><strong><u>HCP<\/u><\/strong><\/p>\n\n\n\n<ul class=\"wp-block-list\">\n<li>1a Divisi\u00f3: MAZA LOZANO, JOSE MANUEL i LAGUNAS MARQUINA, RAFAEL amb 42 punts<\/li>\n\n\n\n<li>2a Divisi\u00f3: LOPEZ ROMERA, ELIAS i PACO ESCUDERO, JESUS amb 45 punts<\/li>\n\n\n\n<li>3a Divisi\u00f3: BADESSICH, HUGO i ARTESERO DEL MORAL, JOSE LUIS amb 42 punts<\/li>\n\n\n\n<li>4a Divisi\u00f3: FORTU\u00d1O GARUZ, JESUS i ESCUDERO ALFONSO, JOSE amb 42 punts<\/li>\n<\/ul>\n\n\n\n<p>Aquesta jornada s\u2019ha produ\u00eft un forat en un, es tracta d\u2019en FUENTES GONZALEZ, FRANCISCO al forat 11 al camp de Can Rafel, FELICITATS COMPANY, t\u2019has guanyat una ampolla d\u2019oli.<\/p>\n\n\n\n<p>Podeu veure les classificacions complertes clicant <a href=\"https:\/\/www.pitchputt.cat\/noticies\/noticia.php?id=51791\">aqu\u00ed<\/a><\/p>\n\n\n\n<p>Ja tenim un munt de fotos dels equips que poder viure clicant <a href=\"https:\/\/www.asep.cat\/index.php\/2025\/12\/22\/equips-2025-26\/\">aqu\u00ed<\/a>, de totes maneres encara en falten, de mica en mica anirem completar-ho tots, tamb\u00e9 <a href=\"https:\/\/www.asep.cat\/index.php\/2025\/12\/23\/16-09-2025-4a-divisio-a-el-valles\/\">aqu\u00ed<\/a> hi ha una foto del Vall\u00e8s, algunes de l&#8217;Oller del Mas que he fet jo mateix <a href=\"https:\/\/www.asep.cat\/index.php\/2025\/12\/23\/16-09-2025-3a-divisio-a-oller-del-mas\/\">aqu\u00ed<\/a> . He vist alguns tirant fotos durant el partit, si me les feu arribar les penjar\u00e9 per que quedin a disposici\u00f3 de tothom.<\/p>\n\n\n\n<p>Ara ja podem comen\u00e7ar a preparar la propera jornada que ser\u00e0 d\u2019aqu\u00ed a dues setmanes els dimarts i dimecres, dies 30\/09 i 01\/10, tamb\u00e9 en format SP.<\/p>\n\n\n\n<p>Salut a tothom, Josep<\/p>\n","protected":false},"excerpt":{"rendered":"<p>Als camps de Can Mascar\u00f3, Can Rafel, Oller del Mas i El Vall\u00e8s Per fi, la espera de l\u2019estiu s\u2019ha fet llarga, ja hem pogut comen\u00e7ar la temprada del Intercamps Oest SP 2025-26. El dia una mica r\u00fafol, hem tingut sort i no ens ha plogut, per\u00f2 poc n\u2019hi ha faltat, de fet nosaltres a [&hellip;]<\/p>\n","protected":false},"author":1,"featured_media":0,"parent":0,"menu_order":0,"comment_status":"closed","ping_status":"closed","template":"","meta":{"footnotes":""},"c2tw_page_folder":[7],"class_list":["post-525","page","type-page","status-publish","hentry","c2tw_page_folder-noticies"],"_links":{"self":[{"href":"https:\/\/www.asep.cat\/index.php\/wp-json\/wp\/v2\/pages\/525","targetHints":{"allow":["GET"]}}],"collection":[{"href":"https:\/\/www.asep.cat\/index.php\/wp-json\/wp\/v2\/pages"}],"about":[{"href":"https:\/\/www.asep.cat\/index.php\/wp-json\/wp\/v2\/types\/page"}],"author":[{"embeddable":true,"href":"https:\/\/www.asep.cat\/index.php\/wp-json\/wp\/v2\/users\/1"}],"replies":[{"embeddable":true,"href":"https:\/\/www.asep.cat\/index.php\/wp-json\/wp\/v2\/comments?post=525"}],"version-history":[{"count":4,"href":"https:\/\/www.asep.cat\/index.php\/wp-json\/wp\/v2\/pages\/525\/revisions"}],"predecessor-version":[{"id":14555,"href":"https:\/\/www.asep.cat\/index.php\/wp-json\/wp\/v2\/pages\/525\/revisions\/14555"}],"wp:attachment":[{"href":"https:\/\/www.asep.cat\/index.php\/wp-json\/wp\/v2\/media?parent=525"}],"wp:term":[{"taxonomy":"c2tw_page_folder","embeddable":true,"href":"https:\/\/www.asep.cat\/index.php\/wp-json\/wp\/v2\/c2tw_page_folder?post=525"}],"curies":[{"name":"wp","href":"https:\/\/api.w.org\/{rel}","templated":true}]}}