{"id":491,"date":"2025-09-30T17:51:11","date_gmt":"2025-09-30T15:51:11","guid":{"rendered":"https:\/\/www.asep.cat\/?page_id=491"},"modified":"2025-11-12T12:37:33","modified_gmt":"2025-11-12T11:37:33","slug":"30-09-25-2a-jornada-intercamps-oest-sp","status":"publish","type":"page","link":"https:\/\/www.asep.cat\/index.php\/30-09-25-2a-jornada-intercamps-oest-sp\/","title":{"rendered":"30\/09\/2025 2a jornada Intercamps Oest SP"},"content":{"rendered":"\n<p class=\"has-large-font-size\">Als camps de Can Rafel, Lleida, Cambrils i Can Mascar\u00f3.<\/p>\n\n\n\n<p>Avui el temps ens ha respectat, totes les alarmes que ens han estat passant, a les zones dels partits el temps ha estat molt bo, incl\u00fas calor\u00f3s.<\/p>\n\n\n\n<p>Alguns camps ha comen\u00e7at a fer la targeta virtual, aix\u00f3 ja ho sabeu, es obligatori per els campionat de la FCPP com l\u2019Interclubs, el Ranking, etc, per\u00f2 no per nosaltres, en la passada reuni\u00f3 del Comit\u00e8 de s\u00e8niors ja v\u00e0rem acordar que, tant els Intercamsp Est (SEMAR) com en l\u2019Oest (nosaltres d\u2019ASEP) ho discutir\u00edem a la propera reuni\u00f3 de capitans.<\/p>\n\n\n\n<p>Aix\u00f2 no s\u2019ha produ\u00eft, aix\u00ed que ja he passat una nota als camps per que continu\u00efn fent la targeta f\u00edsica fins que decidim el contrari.<\/p>\n\n\n\n<p>Els resultats, com el temps, han estat bons en general a totes les divisions, per el que fa als premis la cosa ha quedat aix\u00ed:<\/p>\n\n\n\n<p>Comencem per els pernils:<\/p>\n\n\n\n<p><strong><em>Scratch<\/em><\/strong><\/p>\n\n\n\n<ul class=\"wp-block-list\">\n<li>1a Divisi\u00f3: Can Rafel S\u00e8niors amb 17 sota par<\/li>\n\n\n\n<li>2a Divisi\u00f3: Lleida Torre-serona amb 9 sota par<\/li>\n\n\n\n<li>3a Divisi\u00f3: Vilagolf Cambrils amb 4 sota par<\/li>\n\n\n\n<li>4a Divisi\u00f3:Can Mascar\u00f3 A amb 8 sota par<\/li>\n<\/ul>\n\n\n\n<p><strong><u>HCP<\/u><\/strong><\/p>\n\n\n\n<ul class=\"wp-block-list\">\n<li>1a Divisi\u00f3: Costa Daurada A amb 7 sota par<\/li>\n\n\n\n<li>2a Divisi\u00f3: Roc 3 CAT amb 14 sota par<\/li>\n\n\n\n<li>3a Divisi\u00f3: Vilagolf Cambrils, amb 7 sota par<\/li>\n\n\n\n<li>4a Divisi\u00f3:P&amp;P Bages OM amb 14 sota par<\/li>\n<\/ul>\n\n\n\n<p>Ara repassem al guanyadors de olis i vins:<\/p>\n\n\n\n<p><strong><em>Scratch<\/em><\/strong><\/p>\n\n\n\n<ul class=\"wp-block-list\">\n<li>1a Divisi\u00f3: TERUEL SANCHEZ, CRISTOBA i URBISTONDO GOMEZ, I\u00d1AKI amb 45 punts<\/li>\n\n\n\n<li>2a Divisi\u00f3: OLLER NAVARRO, FRANCISCO i BALAGUER SANTACREU, VICTOR amb 42 punts<\/li>\n\n\n\n<li>3a Divisi\u00f3: NADAL AZORIN, RICARDO i QUINTANA GUIJARRO, JUAN CARLOSQUINTANA GUIJARRO, JUAN CARLOS amb 40 punts<\/li>\n\n\n\n<li>4a Divisi\u00f3: MENDOZA MARTINEZ, RAFAEL i FREIXA BALLESTEROS, JOAN amb 36 punts<\/li>\n<\/ul>\n\n\n\n<p><strong><u>HCP<\/u><\/strong><\/p>\n\n\n\n<ul class=\"wp-block-list\">\n<li>1a Divisi\u00f3: POYATOS VILLALVA, ANTONIO i GELABERT CARANDELL, FRANCK amb 41 punts<\/li>\n\n\n\n<li>2a Divisi\u00f3: PERMANYER MUNNE, LLUIS i PACO ESCUDERO, JESUS amb 46 punt<\/li>\n\n\n\n<li>3a Divisi\u00f3: HUAMAN TASSARA, ALDO AMADOR i NIETO LIEBANA, PEDRO ANTONIO amb 42 punts<\/li>\n\n\n\n<li>4a ROMERO GARCIA, JUAN JULIAN i CANFRAN BETBESE, GLORIA amb 42 punts<\/li>\n<\/ul>\n\n\n\n<p>Per el que fa als Forats en Un, al final han estat 4 el primer que n&#8217;han reportat, ha estat en Pintor Barbero, Joan al camp de Cambrils al forat 7, FELICITATS company!! el segon ha estat en Freixa Ballesteros, Joan a Can Mascar\u00f3, forat 15 i el 3er, avui mateix a Cambrils en el fora 16, ha estat en Rodr\u00edguez Li\u00f1\u00e1n, \u00c1ngel Custodio i a Can Rafel  ha estat l&#8217;Agust\u00ed Carabassa, felicitats companys una ampolla d&#8217;oli per a cadasc\u00fa!!<\/p>\n\n\n\n<p>Podeu veure les classificacions complertes clicant <a href=\"https:\/\/www.pitchputt.cat\/noticies\/noticia.php?id=51905\">aqu\u00ed<\/a><\/p>\n\n\n\n<p>He fet algunes fotos dels equips i dins del camp que poder veure clicant <a href=\"https:\/\/1drv.ms\/f\/c\/60e7609856da2666\/ElnEacLbpvBIsT3CJnqBD-MBRQh-JMLNwhpx1UjfCOpZQQ?e=G2MPss\">aqu\u00ed<\/a>, de totes maneres he vist alguns tirant fotos durant el partit, si me les feu arribar les penjar\u00e9, per que quedin a disposici\u00f3 de tothom.<\/p>\n\n\n\n<p>Ara ja podem comen\u00e7ar a preparar la propera jornada que ser\u00e0 d\u2019aqu\u00ed a dues setmanes els dimarts i dimecres, dies 14 i 15 del 10, tamb\u00e9 en format SP.<\/p>\n\n\n\n<p>Salut a tothom, Josep.<\/p>\n","protected":false},"excerpt":{"rendered":"<p>Als camps de Can Rafel, Lleida, Cambrils i Can Mascar\u00f3. Avui el temps ens ha respectat, totes les alarmes que ens han estat passant, a les zones dels partits el temps ha estat molt bo, incl\u00fas calor\u00f3s. Alguns camps ha comen\u00e7at a fer la targeta virtual, aix\u00f3 ja ho sabeu, es obligatori per els campionat [&hellip;]<\/p>\n","protected":false},"author":1,"featured_media":0,"parent":0,"menu_order":0,"comment_status":"closed","ping_status":"closed","template":"","meta":{"footnotes":""},"c2tw_page_folder":[7],"class_list":["post-491","page","type-page","status-publish","hentry","c2tw_page_folder-noticies"],"_links":{"self":[{"href":"https:\/\/www.asep.cat\/index.php\/wp-json\/wp\/v2\/pages\/491","targetHints":{"allow":["GET"]}}],"collection":[{"href":"https:\/\/www.asep.cat\/index.php\/wp-json\/wp\/v2\/pages"}],"about":[{"href":"https:\/\/www.asep.cat\/index.php\/wp-json\/wp\/v2\/types\/page"}],"author":[{"embeddable":true,"href":"https:\/\/www.asep.cat\/index.php\/wp-json\/wp\/v2\/users\/1"}],"replies":[{"embeddable":true,"href":"https:\/\/www.asep.cat\/index.php\/wp-json\/wp\/v2\/comments?post=491"}],"version-history":[{"count":9,"href":"https:\/\/www.asep.cat\/index.php\/wp-json\/wp\/v2\/pages\/491\/revisions"}],"predecessor-version":[{"id":611,"href":"https:\/\/www.asep.cat\/index.php\/wp-json\/wp\/v2\/pages\/491\/revisions\/611"}],"wp:attachment":[{"href":"https:\/\/www.asep.cat\/index.php\/wp-json\/wp\/v2\/media?parent=491"}],"wp:term":[{"taxonomy":"c2tw_page_folder","embeddable":true,"href":"https:\/\/www.asep.cat\/index.php\/wp-json\/wp\/v2\/c2tw_page_folder?post=491"}],"curies":[{"name":"wp","href":"https:\/\/api.w.org\/{rel}","templated":true}]}}