{"id":2679,"date":"2025-12-16T16:20:31","date_gmt":"2025-12-16T15:20:31","guid":{"rendered":"https:\/\/www.asep.cat\/?page_id=2679"},"modified":"2026-01-14T09:45:55","modified_gmt":"2026-01-14T08:45:55","slug":"16-12-2025-5a-jornada-intercamps-oest-sp","status":"publish","type":"page","link":"https:\/\/www.asep.cat\/index.php\/16-12-2025-5a-jornada-intercamps-oest-sp\/","title":{"rendered":"16\/12\/2025 5a Jornada Intercamps Oest SP"},"content":{"rendered":"\n<p>Als camps de Costa Daurada, Roc3, El Vall\u00e8s i Can Rafel, avui, hem tingut bastanta sort amb el temps, tot i el mal temps que s\u2019anunciava, al final no ha estat quasi res, en algun camps han plogut quatre gotes, en altres, res de res.<\/p>\n\n\n\n<p>Avui dimecres ja tenim tots els resultats de les 4 divisions, aix\u00ed que passo a analitzar-los.<\/p>\n\n\n\n<p>Per el que fa als premis la cosa ha quedat aix\u00ed:<\/p>\n\n\n\n<p>Comencem per els candidat als premis pernils extres:<\/p>\n\n\n\n<p><strong><em>Scratch<\/em><\/strong><\/p>\n\n\n\n<ul class=\"wp-block-list\">\n<li>1a Divisi\u00f3: COSTA DAURADA A amb 8 sota par<\/li>\n\n\n\n<li>2a Divisi\u00f3: ORFEO CATALONIA amb 5 sota par<\/li>\n\n\n\n<li>3a Divisi\u00f3: ROC 3 PROMESES amb 7 sota par<\/li>\n\n\n\n<li>4a Divisi\u00f3: EL VENDRELL A amb 6 sota par<\/li>\n<\/ul>\n\n\n\n<p><strong><u>HCP<\/u><\/strong><\/p>\n\n\n\n<ul class=\"wp-block-list\">\n<li>1a Divisi\u00f3: MULLIGAN CAN MASCARO amb 8 sota par<\/li>\n\n\n\n<li>2a Divisi\u00f3: ROC 3 CAT amb 10 sota par.<\/li>\n\n\n\n<li>3a Divisi\u00f3: ROC 3 PROMESES amb 11 sota par<\/li>\n\n\n\n<li>4a Divisi\u00f3: EL VENDRELL A amb 8 sota par<\/li>\n<\/ul>\n\n\n\n<p>Ara repassem al guanyadors de olis i vins:<\/p>\n\n\n\n<p><strong><em>Scratch<\/em><\/strong><\/p>\n\n\n\n<ul class=\"wp-block-list\">\n<li>1a Divisi\u00f3: TERUEL SANCHEZ, CRISTOBAL i JURBISTONDO GOMEZ, I\u00d1AKI amb 42 punts<\/li>\n\n\n\n<li>2a Divisi\u00f3: OLLER NAVARRO, FRANCISCO i FERNANDEZ ARIAS, FRANCISCO amb 42 punts<\/li>\n\n\n\n<li>3a Divisi\u00f3: BAQUES PASCUAL, JORDI i CALLE FERNANDEZ, CRESCENCIO amb 43 punts<\/li>\n\n\n\n<li>4a Divisi\u00f3: CRUZ SILIO, ROBERT i PEREDA ORTEGA, ANGEL amb 43 punts<\/li>\n<\/ul>\n\n\n\n<p><strong><u>HCP<\/u><\/strong><\/p>\n\n\n\n<ul class=\"wp-block-list\">\n<li>1a Divisi\u00f3: ARANDA GUZMAN, PEDRO JOSE i BARRERA BASSO, CARLES amb 40 punts<\/li>\n\n\n\n<li>2a Divisi\u00f3: BICARDI TRESERRAS, RAUL i BOLIVAR ALCAIDE, ALFREDO amb 41 punts<\/li>\n\n\n\n<li>3a Divisi\u00f3: ORTIZ CASAS, FELIP i NIETO LIEBANA, PEDRO ANTONIO amb 42 punts<\/li>\n\n\n\n<li>4a Divisi\u00f3: POLONIO BELLIDO, JOSE i GONZALEZ SANCHEZ, JOSEP ANTONI amb 39 punts<\/li>\n<\/ul>\n\n\n\n<p>Tenim tres Forat en Un reportats fins aquest moment, es tracta d\u2019en Ubach Casta\u00f1er, Jordi, al forat 1 del Roc3!!!, en Llenas Calvo, Jes\u00fas al forat 2 del Vall\u00e8s i Garcia Martin, Javier al Costa Daurada. Felicitats companys, us heu guanyat una ampolla d\u2019oli cada un.<\/p>\n\n\n\n<p>Un nou equip s\u2019apunta a un pernil addicional, per haver guanyat a tres jornades, es tracta del Roc3 CAT que ha guanyat a les jornades 2a, 4a i 5a en HCP, felicitats companys!!!<\/p>\n\n\n\n<p>Podeu veure les classificacions complertes clicant <a href=\"https:\/\/www.pitchputt.cat\/noticies\/noticia.php?id=52535\">aqu\u00ed<\/a><\/p>\n\n\n\n<p>Si alg\u00fa ha fet fotos i vol que li pengi al nostre web, envieu-me-les i ho far\u00e9 aix\u00ed tots podrem gaudir-les, jo n\u2019he fet algunes a El Vall\u00e8s (<a href=\"https:\/\/www.asep.cat\/index.php\/2025\/12\/23\/16-12-2025-3a-divisio-a-el-valles\/\">aqu\u00ed<\/a>) i el Jes\u00fas al Costa Daurada que podeu veure (<a href=\"https:\/\/www.asep.cat\/index.php\/2025\/12\/23\/16-12-2025-1a-divisio-al-costa-daurada\/\">aqu\u00ed<\/a>)<\/p>\n\n\n\n<p>Salut a tothom, Josep<\/p>\n","protected":false},"excerpt":{"rendered":"<p>Als camps de Costa Daurada, Roc3, El Vall\u00e8s i Can Rafel, avui, hem tingut bastanta sort amb el temps, tot i el mal temps que s\u2019anunciava, al final no ha estat quasi res, en algun camps han plogut quatre gotes, en altres, res de res. Avui dimecres ja tenim tots els resultats de les 4 [&hellip;]<\/p>\n","protected":false},"author":5,"featured_media":0,"parent":0,"menu_order":0,"comment_status":"closed","ping_status":"closed","template":"","meta":{"footnotes":""},"c2tw_page_folder":[7],"class_list":["post-2679","page","type-page","status-publish","hentry","c2tw_page_folder-noticies"],"_links":{"self":[{"href":"https:\/\/www.asep.cat\/index.php\/wp-json\/wp\/v2\/pages\/2679","targetHints":{"allow":["GET"]}}],"collection":[{"href":"https:\/\/www.asep.cat\/index.php\/wp-json\/wp\/v2\/pages"}],"about":[{"href":"https:\/\/www.asep.cat\/index.php\/wp-json\/wp\/v2\/types\/page"}],"author":[{"embeddable":true,"href":"https:\/\/www.asep.cat\/index.php\/wp-json\/wp\/v2\/users\/5"}],"replies":[{"embeddable":true,"href":"https:\/\/www.asep.cat\/index.php\/wp-json\/wp\/v2\/comments?post=2679"}],"version-history":[{"count":11,"href":"https:\/\/www.asep.cat\/index.php\/wp-json\/wp\/v2\/pages\/2679\/revisions"}],"predecessor-version":[{"id":14552,"href":"https:\/\/www.asep.cat\/index.php\/wp-json\/wp\/v2\/pages\/2679\/revisions\/14552"}],"wp:attachment":[{"href":"https:\/\/www.asep.cat\/index.php\/wp-json\/wp\/v2\/media?parent=2679"}],"wp:term":[{"taxonomy":"c2tw_page_folder","embeddable":true,"href":"https:\/\/www.asep.cat\/index.php\/wp-json\/wp\/v2\/c2tw_page_folder?post=2679"}],"curies":[{"name":"wp","href":"https:\/\/api.w.org\/{rel}","templated":true}]}}