{"id":2380,"date":"2025-11-25T15:28:32","date_gmt":"2025-11-25T14:28:32","guid":{"rendered":"https:\/\/www.asep.cat\/?page_id=2380"},"modified":"2025-11-26T15:41:46","modified_gmt":"2025-11-26T14:41:46","slug":"25-11-2025-resultats-de-la-2a-jornada-del-intercamps-oest-matchplay","status":"publish","type":"page","link":"https:\/\/www.asep.cat\/index.php\/25-11-2025-resultats-de-la-2a-jornada-del-intercamps-oest-matchplay\/","title":{"rendered":"25\/11\/2025 Resultats de la 2a jornada del Intercamps Oest MatchPlay"},"content":{"rendered":"\n<p>Segona jornada del MatchPlay, no ha fet massa fred i el vent mes o menys suportable i bon sol els dos dies.<\/p>\n\n\n\n<p>En el moment que estic redactant aquesta nota, ja tenim els resultats complerts de les 3 divisions<\/p>\n\n\n\n<p>Ja podem dir amb tota seguretat que la cosa est\u00e0 aix\u00ed<\/p>\n\n\n\n<p>A les classificacions generals:<\/p>\n\n\n\n<ul class=\"wp-block-list\">\n<li>1a divisi\u00f3: Can Rafel S\u00e8niors va primer amb 9,5 punts, sols 1 punt per sobre del Manresa GLR<\/li>\n\n\n\n<li>2a divisi\u00f3: Can Rafel Pened\u00e8s es posa primer sols a 1\/2 punts per sobre del Roc3 Promeses<\/li>\n\n\n\n<li>3a divisi\u00f3: i aqu\u00ed tamb\u00e9 hi ha 1\/2 punt de difer\u00e8ncia entre els del Can mascar\u00f3 A i els del Can Cuy\u00e0s<\/li>\n<\/ul>\n\n\n\n<p>Com podeu veure la cosa est\u00e0 mes que ajustada a les tres divisions <\/p>\n\n\n\n<p>En aquests moments no tinc cap Forat en Un reportat, esperem a veure si alg\u00fa diu quelcom.<\/p>\n\n\n\n<p>Podeu veure els resultats complerts clicant <a href=\"https:\/\/www.pitchputt.cat\/noticies\/noticia.php?id=52357\">aqu\u00ed<\/a><\/p>\n\n\n\n<p>Salut a&nbsp; tots, Josep<\/p>\n","protected":false},"excerpt":{"rendered":"<p>Segona jornada del MatchPlay, no ha fet massa fred i el vent mes o menys suportable i bon sol els dos dies. En el moment que estic redactant aquesta nota, ja tenim els resultats complerts de les 3 divisions Ja podem dir amb tota seguretat que la cosa est\u00e0 aix\u00ed A les classificacions generals: Com [&hellip;]<\/p>\n","protected":false},"author":1,"featured_media":0,"parent":0,"menu_order":0,"comment_status":"closed","ping_status":"closed","template":"","meta":{"footnotes":""},"c2tw_page_folder":[7],"class_list":["post-2380","page","type-page","status-publish","hentry","c2tw_page_folder-noticies"],"_links":{"self":[{"href":"https:\/\/www.asep.cat\/index.php\/wp-json\/wp\/v2\/pages\/2380","targetHints":{"allow":["GET"]}}],"collection":[{"href":"https:\/\/www.asep.cat\/index.php\/wp-json\/wp\/v2\/pages"}],"about":[{"href":"https:\/\/www.asep.cat\/index.php\/wp-json\/wp\/v2\/types\/page"}],"author":[{"embeddable":true,"href":"https:\/\/www.asep.cat\/index.php\/wp-json\/wp\/v2\/users\/1"}],"replies":[{"embeddable":true,"href":"https:\/\/www.asep.cat\/index.php\/wp-json\/wp\/v2\/comments?post=2380"}],"version-history":[{"count":2,"href":"https:\/\/www.asep.cat\/index.php\/wp-json\/wp\/v2\/pages\/2380\/revisions"}],"predecessor-version":[{"id":2443,"href":"https:\/\/www.asep.cat\/index.php\/wp-json\/wp\/v2\/pages\/2380\/revisions\/2443"}],"wp:attachment":[{"href":"https:\/\/www.asep.cat\/index.php\/wp-json\/wp\/v2\/media?parent=2380"}],"wp:term":[{"taxonomy":"c2tw_page_folder","embeddable":true,"href":"https:\/\/www.asep.cat\/index.php\/wp-json\/wp\/v2\/c2tw_page_folder?post=2380"}],"curies":[{"name":"wp","href":"https:\/\/api.w.org\/{rel}","templated":true}]}}