{"id":2200,"date":"2025-11-22T11:46:10","date_gmt":"2025-11-22T10:46:10","guid":{"rendered":"https:\/\/www.asep.cat\/?page_id=2200"},"modified":"2025-11-22T11:46:35","modified_gmt":"2025-11-22T10:46:35","slug":"jugador-a-ibanez-parrilla-andres","status":"publish","type":"page","link":"https:\/\/www.asep.cat\/index.php\/jugador-a-ibanez-parrilla-andres\/","title":{"rendered":"Jugador\/a: Ib\u00e1\u00f1ez Parrilla, Andr\u00e9s"},"content":{"rendered":"\n<figure class=\"wp-block-image size-large\"><img decoding=\"async\" src=\"https:\/\/www.asep.cat\/wp-content\/uploads\/2025\/11\/Ibanez-Padilla-Andres.jpg\" alt=\"\"\/><\/figure>\n\n\n\n<ul class=\"wp-block-list\">\n<li><strong>Llic\u00e8ncia:<\/strong> <a href=\"http:\/\/nova.pitch.cat\/handicap.php?lli=ACPP019308\">ACPP019308<\/a><\/li>\n\n\n\n<li><strong>Equip:<\/strong> Roc3 Promeses<\/li>\n\n\n\n<li><strong>Soci No:<\/strong> ASEP250829<\/li>\n<\/ul>\n\n\n\n<p><strong><em>Partits jugats aquesta temporada:<\/em><\/strong><\/p>\n\n\n\n<ol class=\"wp-block-list\">\n<li>30\/09\/25 J2 SP Cambrils<\/li>\n<\/ol>\n","protected":false},"excerpt":{"rendered":"<p>Partits jugats aquesta temporada:<\/p>\n","protected":false},"author":1,"featured_media":0,"parent":0,"menu_order":0,"comment_status":"closed","ping_status":"closed","template":"","meta":{"footnotes":""},"c2tw_page_folder":[43],"class_list":["post-2200","page","type-page","status-publish","hentry","c2tw_page_folder-r3-p"],"_links":{"self":[{"href":"https:\/\/www.asep.cat\/index.php\/wp-json\/wp\/v2\/pages\/2200","targetHints":{"allow":["GET"]}}],"collection":[{"href":"https:\/\/www.asep.cat\/index.php\/wp-json\/wp\/v2\/pages"}],"about":[{"href":"https:\/\/www.asep.cat\/index.php\/wp-json\/wp\/v2\/types\/page"}],"author":[{"embeddable":true,"href":"https:\/\/www.asep.cat\/index.php\/wp-json\/wp\/v2\/users\/1"}],"replies":[{"embeddable":true,"href":"https:\/\/www.asep.cat\/index.php\/wp-json\/wp\/v2\/comments?post=2200"}],"version-history":[{"count":1,"href":"https:\/\/www.asep.cat\/index.php\/wp-json\/wp\/v2\/pages\/2200\/revisions"}],"predecessor-version":[{"id":2201,"href":"https:\/\/www.asep.cat\/index.php\/wp-json\/wp\/v2\/pages\/2200\/revisions\/2201"}],"wp:attachment":[{"href":"https:\/\/www.asep.cat\/index.php\/wp-json\/wp\/v2\/media?parent=2200"}],"wp:term":[{"taxonomy":"c2tw_page_folder","embeddable":true,"href":"https:\/\/www.asep.cat\/index.php\/wp-json\/wp\/v2\/c2tw_page_folder?post=2200"}],"curies":[{"name":"wp","href":"https:\/\/api.w.org\/{rel}","templated":true}]}}