{"id":2002,"date":"2025-11-21T16:40:07","date_gmt":"2025-11-21T15:40:07","guid":{"rendered":"https:\/\/www.asep.cat\/?page_id=2002"},"modified":"2026-04-29T19:54:31","modified_gmt":"2026-04-29T17:54:31","slug":"jugador-a-pujol-forte-ramon","status":"publish","type":"page","link":"https:\/\/www.asep.cat\/index.php\/jugador-a-pujol-forte-ramon\/","title":{"rendered":"Jugador\/a: Pujol Forte, Ramon"},"content":{"rendered":"\n<figure class=\"wp-block-image size-large\"><img decoding=\"async\" src=\"https:\/\/www.asep.cat\/wp-content\/uploads\/2025\/11\/Pujol-Forte-Ramon.jpg\" alt=\"\"\/><\/figure>\n\n\n\n<ul class=\"wp-block-list\">\n<li><strong>Llic\u00e8ncia:<\/strong> <a href=\"http:\/\/nova.pitch.cat\/handicap.php?lli=ACPP004715\">ACPP004715<\/a><\/li>\n\n\n\n<li><strong>Equip:<\/strong> Orfe\u00f3 Catal\u00f2nia S\u00e8nior<\/li>\n\n\n\n<li><strong>Soci No:<\/strong> ASEP220677<\/li>\n<\/ul>\n\n\n\n<p><strong><em>Partits jugats aquesta temporada:<\/em><\/strong><\/p>\n\n\n\n<ol class=\"wp-block-list\">\n<li>14\/10\/25 J3 SP Portal del Roc<\/li>\n\n\n\n<li>28\/10\/25 J1 MP Roc3<\/li>\n\n\n\n<li>25\/11\/25 J2 MP El Vall\u00e8s<\/li>\n\n\n\n<li>14\/04\/26 J8 SP Cambrils<\/li>\n\n\n\n<li>28\/04\/26 J6 MP Bellpuig<\/li>\n<\/ol>\n","protected":false},"excerpt":{"rendered":"<p>Partits jugats aquesta temporada:<\/p>\n","protected":false},"author":1,"featured_media":0,"parent":0,"menu_order":0,"comment_status":"closed","ping_status":"closed","template":"","meta":{"footnotes":""},"c2tw_page_folder":[37],"class_list":["post-2002","page","type-page","status-publish","hentry","c2tw_page_folder-oc"],"_links":{"self":[{"href":"https:\/\/www.asep.cat\/index.php\/wp-json\/wp\/v2\/pages\/2002","targetHints":{"allow":["GET"]}}],"collection":[{"href":"https:\/\/www.asep.cat\/index.php\/wp-json\/wp\/v2\/pages"}],"about":[{"href":"https:\/\/www.asep.cat\/index.php\/wp-json\/wp\/v2\/types\/page"}],"author":[{"embeddable":true,"href":"https:\/\/www.asep.cat\/index.php\/wp-json\/wp\/v2\/users\/1"}],"replies":[{"embeddable":true,"href":"https:\/\/www.asep.cat\/index.php\/wp-json\/wp\/v2\/comments?post=2002"}],"version-history":[{"count":4,"href":"https:\/\/www.asep.cat\/index.php\/wp-json\/wp\/v2\/pages\/2002\/revisions"}],"predecessor-version":[{"id":16442,"href":"https:\/\/www.asep.cat\/index.php\/wp-json\/wp\/v2\/pages\/2002\/revisions\/16442"}],"wp:attachment":[{"href":"https:\/\/www.asep.cat\/index.php\/wp-json\/wp\/v2\/media?parent=2002"}],"wp:term":[{"taxonomy":"c2tw_page_folder","embeddable":true,"href":"https:\/\/www.asep.cat\/index.php\/wp-json\/wp\/v2\/c2tw_page_folder?post=2002"}],"curies":[{"name":"wp","href":"https:\/\/api.w.org\/{rel}","templated":true}]}}