{"id":1998,"date":"2025-11-21T16:34:47","date_gmt":"2025-11-21T15:34:47","guid":{"rendered":"https:\/\/www.asep.cat\/?page_id=1998"},"modified":"2026-04-29T19:53:54","modified_gmt":"2026-04-29T17:53:54","slug":"jugador-a-martinez-ramirez-fernando","status":"publish","type":"page","link":"https:\/\/www.asep.cat\/index.php\/jugador-a-martinez-ramirez-fernando\/","title":{"rendered":"Jugador\/a: Mart\u00ednez Ram\u00edrez, Fernando"},"content":{"rendered":"\n<figure class=\"wp-block-image size-large\"><img decoding=\"async\" src=\"https:\/\/www.asep.cat\/wp-content\/uploads\/2025\/11\/Martinez-Ramirez-Fernando.jpg\" alt=\"\"\/><\/figure>\n\n\n\n<ul class=\"wp-block-list\">\n<li><strong>Llic\u00e8ncia:<\/strong> <a href=\"http:\/\/nova.pitch.cat\/handicap.php?lli=ACPP006793\">ACPP006793<\/a><\/li>\n\n\n\n<li><strong>Equip:<\/strong> Orfe\u00f3 Catal\u00f2nia S\u00e8nior<\/li>\n\n\n\n<li><strong>Soci No:<\/strong> ASEP220685<\/li>\n<\/ul>\n\n\n\n<p><strong><em>Partits jugats aquesta temporada:<\/em><\/strong><\/p>\n\n\n\n<ol class=\"wp-block-list\">\n<li>16\/09\/25 J1 SP Can Rafel<\/li>\n\n\n\n<li>28\/10\/25 J1 MP Roc3<\/li>\n\n\n\n<li>11\/11\/25 J4 SP Bellpuig<\/li>\n\n\n\n<li>25\/11\/25 J2 MP El Vall\u00e8s<\/li>\n\n\n\n<li>16\/12\/25 J5 SP Roc3<\/li>\n\n\n\n<li>27\/01\/25 J3 MP Canal Ol\u00edmpic<\/li>\n\n\n\n<li>03\/02\/26 J6 SP El Vall\u00e8s<\/li>\n\n\n\n<li>17\/02\/26 J4 MP Can Rafel<\/li>\n\n\n\n<li>03\/03\/26 J7 SP Costa Daurada<\/li>\n\n\n\n<li>17\/03\/26 J5 MP Roc3<\/li>\n\n\n\n<li>28\/04\/26 J6 MP Bellpuig<\/li>\n<\/ol>\n","protected":false},"excerpt":{"rendered":"<p>Partits jugats aquesta temporada:<\/p>\n","protected":false},"author":1,"featured_media":0,"parent":0,"menu_order":0,"comment_status":"closed","ping_status":"closed","template":"","meta":{"footnotes":""},"c2tw_page_folder":[37],"class_list":["post-1998","page","type-page","status-publish","hentry","c2tw_page_folder-oc"],"_links":{"self":[{"href":"https:\/\/www.asep.cat\/index.php\/wp-json\/wp\/v2\/pages\/1998","targetHints":{"allow":["GET"]}}],"collection":[{"href":"https:\/\/www.asep.cat\/index.php\/wp-json\/wp\/v2\/pages"}],"about":[{"href":"https:\/\/www.asep.cat\/index.php\/wp-json\/wp\/v2\/types\/page"}],"author":[{"embeddable":true,"href":"https:\/\/www.asep.cat\/index.php\/wp-json\/wp\/v2\/users\/1"}],"replies":[{"embeddable":true,"href":"https:\/\/www.asep.cat\/index.php\/wp-json\/wp\/v2\/comments?post=1998"}],"version-history":[{"count":9,"href":"https:\/\/www.asep.cat\/index.php\/wp-json\/wp\/v2\/pages\/1998\/revisions"}],"predecessor-version":[{"id":16440,"href":"https:\/\/www.asep.cat\/index.php\/wp-json\/wp\/v2\/pages\/1998\/revisions\/16440"}],"wp:attachment":[{"href":"https:\/\/www.asep.cat\/index.php\/wp-json\/wp\/v2\/media?parent=1998"}],"wp:term":[{"taxonomy":"c2tw_page_folder","embeddable":true,"href":"https:\/\/www.asep.cat\/index.php\/wp-json\/wp\/v2\/c2tw_page_folder?post=1998"}],"curies":[{"name":"wp","href":"https:\/\/api.w.org\/{rel}","templated":true}]}}