{"id":1984,"date":"2025-11-21T16:15:26","date_gmt":"2025-11-21T15:15:26","guid":{"rendered":"https:\/\/www.asep.cat\/?page_id=1984"},"modified":"2026-04-15T15:39:30","modified_gmt":"2026-04-15T13:39:30","slug":"jugador-a-belmonte-roig-javier","status":"publish","type":"page","link":"https:\/\/www.asep.cat\/index.php\/jugador-a-belmonte-roig-javier\/","title":{"rendered":"Jugador\/a: Belmonte Roig, Javier"},"content":{"rendered":"\n<figure class=\"wp-block-image size-large\"><img decoding=\"async\" src=\"https:\/\/www.asep.cat\/wp-content\/uploads\/2025\/11\/Belmonte-Roig-Javier.jpg\" alt=\"\"\/><\/figure>\n\n\n\n<ul class=\"wp-block-list\">\n<li><strong>Llic\u00e8ncia:<\/strong> <a href=\"http:\/\/nova.pitch.cat\/handicap.php?lli=ACPP007765\">ACPP007765<\/a><\/li>\n\n\n\n<li><strong>Equip:<\/strong> Orfe\u00f3 Catal\u00f2nia S\u00e8nior<\/li>\n\n\n\n<li><strong>Soci No:<\/strong> ASEP160381<\/li>\n<\/ul>\n\n\n\n<p><em>Sots capit\u00e0 del equip<\/em><\/p>\n\n\n\n<p><strong><em>Partits jugats aquesta temporada:<\/em><\/strong><\/p>\n\n\n\n<ol class=\"wp-block-list\">\n<li>16\/09\/25 J1 SP Can Rafel<\/li>\n\n\n\n<li>30\/09\/25 J2 SP Lleida Torre-serona<\/li>\n\n\n\n<li>28\/10\/25 J1 MP Roc3<\/li>\n\n\n\n<li>27\/01\/25 J3 MP Canal Ol\u00edmpic<\/li>\n\n\n\n<li>14\/04\/26 J8 SP Cambrils<\/li>\n<\/ol>\n","protected":false},"excerpt":{"rendered":"<p>Sots capit\u00e0 del equip Partits jugats aquesta temporada:<\/p>\n","protected":false},"author":1,"featured_media":0,"parent":0,"menu_order":0,"comment_status":"closed","ping_status":"closed","template":"","meta":{"footnotes":""},"c2tw_page_folder":[37],"class_list":["post-1984","page","type-page","status-publish","hentry","c2tw_page_folder-oc"],"_links":{"self":[{"href":"https:\/\/www.asep.cat\/index.php\/wp-json\/wp\/v2\/pages\/1984","targetHints":{"allow":["GET"]}}],"collection":[{"href":"https:\/\/www.asep.cat\/index.php\/wp-json\/wp\/v2\/pages"}],"about":[{"href":"https:\/\/www.asep.cat\/index.php\/wp-json\/wp\/v2\/types\/page"}],"author":[{"embeddable":true,"href":"https:\/\/www.asep.cat\/index.php\/wp-json\/wp\/v2\/users\/1"}],"replies":[{"embeddable":true,"href":"https:\/\/www.asep.cat\/index.php\/wp-json\/wp\/v2\/comments?post=1984"}],"version-history":[{"count":3,"href":"https:\/\/www.asep.cat\/index.php\/wp-json\/wp\/v2\/pages\/1984\/revisions"}],"predecessor-version":[{"id":16144,"href":"https:\/\/www.asep.cat\/index.php\/wp-json\/wp\/v2\/pages\/1984\/revisions\/16144"}],"wp:attachment":[{"href":"https:\/\/www.asep.cat\/index.php\/wp-json\/wp\/v2\/media?parent=1984"}],"wp:term":[{"taxonomy":"c2tw_page_folder","embeddable":true,"href":"https:\/\/www.asep.cat\/index.php\/wp-json\/wp\/v2\/c2tw_page_folder?post=1984"}],"curies":[{"name":"wp","href":"https:\/\/api.w.org\/{rel}","templated":true}]}}