{"id":1910,"date":"2025-11-20T22:31:44","date_gmt":"2025-11-20T21:31:44","guid":{"rendered":"https:\/\/www.asep.cat\/?page_id=1910"},"modified":"2025-11-23T10:04:32","modified_gmt":"2025-11-23T09:04:32","slug":"jugador-a-martin-vinas-jose-maria","status":"publish","type":"page","link":"https:\/\/www.asep.cat\/index.php\/jugador-a-martin-vinas-jose-maria\/","title":{"rendered":"Jugador\/a: Mart\u00edn Vi\u00f1as, Jos\u00e9 Mar\u00eda"},"content":{"rendered":"\n<figure class=\"wp-block-image size-large\"><img decoding=\"async\" src=\"https:\/\/www.asep.cat\/wp-content\/uploads\/2025\/11\/Martin-Vinas-Jose-Maria.jpg\" alt=\"\"\/><\/figure>\n\n\n\n<ul class=\"wp-block-list\">\n<li><strong>Llic\u00e8ncia:<\/strong> <a href=\"http:\/\/nova.pitch.cat\/handicap.php?lli=ACPP005368\">ACPP005368<\/a><\/li>\n\n\n\n<li><strong>Equip:<\/strong> M\u00falligan Can Mascar\u00f3<\/li>\n\n\n\n<li><strong>Soci No:<\/strong> ASEP250840<\/li>\n<\/ul>\n\n\n\n<p><strong><em>Partits jugats aquesta temporada:<\/em><\/strong><\/p>\n","protected":false},"excerpt":{"rendered":"<p>Partits jugats aquesta temporada:<\/p>\n","protected":false},"author":1,"featured_media":0,"parent":0,"menu_order":0,"comment_status":"closed","ping_status":"closed","template":"","meta":{"footnotes":""},"c2tw_page_folder":[21,51],"class_list":["post-1910","page","type-page","status-publish","hentry","c2tw_page_folder-mu-cm","c2tw_page_folder-mcm-mp"],"_links":{"self":[{"href":"https:\/\/www.asep.cat\/index.php\/wp-json\/wp\/v2\/pages\/1910","targetHints":{"allow":["GET"]}}],"collection":[{"href":"https:\/\/www.asep.cat\/index.php\/wp-json\/wp\/v2\/pages"}],"about":[{"href":"https:\/\/www.asep.cat\/index.php\/wp-json\/wp\/v2\/types\/page"}],"author":[{"embeddable":true,"href":"https:\/\/www.asep.cat\/index.php\/wp-json\/wp\/v2\/users\/1"}],"replies":[{"embeddable":true,"href":"https:\/\/www.asep.cat\/index.php\/wp-json\/wp\/v2\/comments?post=1910"}],"version-history":[{"count":1,"href":"https:\/\/www.asep.cat\/index.php\/wp-json\/wp\/v2\/pages\/1910\/revisions"}],"predecessor-version":[{"id":1911,"href":"https:\/\/www.asep.cat\/index.php\/wp-json\/wp\/v2\/pages\/1910\/revisions\/1911"}],"wp:attachment":[{"href":"https:\/\/www.asep.cat\/index.php\/wp-json\/wp\/v2\/media?parent=1910"}],"wp:term":[{"taxonomy":"c2tw_page_folder","embeddable":true,"href":"https:\/\/www.asep.cat\/index.php\/wp-json\/wp\/v2\/c2tw_page_folder?post=1910"}],"curies":[{"name":"wp","href":"https:\/\/api.w.org\/{rel}","templated":true}]}}