{"id":16290,"date":"2026-04-29T17:55:16","date_gmt":"2026-04-29T15:55:16","guid":{"rendered":"https:\/\/www.asep.cat\/?page_id=16290"},"modified":"2026-04-29T18:50:09","modified_gmt":"2026-04-29T16:50:09","slug":"29-04-2026-resultats-intercamps-oest-mp-2a-divisio-a-can-mascaro","status":"publish","type":"page","link":"https:\/\/www.asep.cat\/index.php\/29-04-2026-resultats-intercamps-oest-mp-2a-divisio-a-can-mascaro\/","title":{"rendered":"29\/04\/2026 Resultats Intercamps Oest MP 2a Divisi\u00f3 a Can Mascar\u00f3"},"content":{"rendered":"\n<p>El dia d&#8217;avui no ha estat tant bo com ahir, ha fet una mica de vent que pot ser que ha molestat al joc i tamb\u00e9 quelcom de fresca, per\u00f2 no es excusa, s&#8217;ha pogut jugar perfectament.<\/p>\n\n\n\n<p>El camp, tenint en compte la situaci\u00f3 en la que estava no fa massa, hem de dir que s&#8217;ha notat la feina feta.<\/p>\n\n\n\n<p>Entrem a els resultats, com ja se sabia,  els dos primers classificats, han arribat empatats a punts, aix\u00ed que avui es decidia el guanyador dels 100\u20ac i 50\u20ac.<\/p>\n\n\n\n<p>No hi ha hagut dubte,  els companys de Can Mascar\u00f3 A han fet un ple de 6 a 0, cosa que no ha donat cap opci\u00f3 als de Can Cuy\u00e0s que tot i amb un excel\u00b7lent partit (5.5 a 0.5) han quedat per darrera. aix\u00ed dons campions d&#8217;enguany:<\/p>\n\n\n\n<p class=\"has-text-align-center\"><strong>Can Mascar\u00f3 A<\/strong><\/p>\n\n\n\n<p>Clicant <a href=\"https:\/\/www.pitchputt.cat\/noticies\/noticia.php?id=53428\">aqu\u00ed <\/a>podeu veure els resultats complerts<\/p>\n\n\n\n<p>Alguns de nosaltres hem fet algunes fotos que podeu veure clicant <a href=\"https:\/\/www.asep.cat\/index.php\/2026\/04\/29\/29-04-2026-3a-divisio-a-can-mascaro\/\">aqu\u00ed<\/a><\/p>\n\n\n\n<p>Els equips guanyadors:<\/p>\n\n\n\n<figure class=\"wp-block-image size-large\"><img loading=\"lazy\" decoding=\"async\" width=\"1024\" height=\"683\" src=\"https:\/\/www.asep.cat\/wp-content\/uploads\/2026\/04\/20260429_133703-1024x683.jpg\" alt=\"\" class=\"wp-image-16317\" srcset=\"https:\/\/www.asep.cat\/wp-content\/uploads\/2026\/04\/20260429_133703-1024x683.jpg 1024w, https:\/\/www.asep.cat\/wp-content\/uploads\/2026\/04\/20260429_133703-300x200.jpg 300w, https:\/\/www.asep.cat\/wp-content\/uploads\/2026\/04\/20260429_133703-768x512.jpg 768w, https:\/\/www.asep.cat\/wp-content\/uploads\/2026\/04\/20260429_133703.jpg 1134w\" sizes=\"auto, (max-width: 1024px) 100vw, 1024px\" \/><\/figure>\n","protected":false},"excerpt":{"rendered":"<p>El dia d&#8217;avui no ha estat tant bo com ahir, ha fet una mica de vent que pot ser que ha molestat al joc i tamb\u00e9 quelcom de fresca, per\u00f2 no es excusa, s&#8217;ha pogut jugar perfectament. El camp, tenint en compte la situaci\u00f3 en la que estava no fa massa, hem de dir que [&hellip;]<\/p>\n","protected":false},"author":5,"featured_media":0,"parent":0,"menu_order":0,"comment_status":"closed","ping_status":"closed","template":"","meta":{"footnotes":""},"c2tw_page_folder":[7],"class_list":["post-16290","page","type-page","status-publish","hentry","c2tw_page_folder-noticies"],"_links":{"self":[{"href":"https:\/\/www.asep.cat\/index.php\/wp-json\/wp\/v2\/pages\/16290","targetHints":{"allow":["GET"]}}],"collection":[{"href":"https:\/\/www.asep.cat\/index.php\/wp-json\/wp\/v2\/pages"}],"about":[{"href":"https:\/\/www.asep.cat\/index.php\/wp-json\/wp\/v2\/types\/page"}],"author":[{"embeddable":true,"href":"https:\/\/www.asep.cat\/index.php\/wp-json\/wp\/v2\/users\/5"}],"replies":[{"embeddable":true,"href":"https:\/\/www.asep.cat\/index.php\/wp-json\/wp\/v2\/comments?post=16290"}],"version-history":[{"count":3,"href":"https:\/\/www.asep.cat\/index.php\/wp-json\/wp\/v2\/pages\/16290\/revisions"}],"predecessor-version":[{"id":16374,"href":"https:\/\/www.asep.cat\/index.php\/wp-json\/wp\/v2\/pages\/16290\/revisions\/16374"}],"wp:attachment":[{"href":"https:\/\/www.asep.cat\/index.php\/wp-json\/wp\/v2\/media?parent=16290"}],"wp:term":[{"taxonomy":"c2tw_page_folder","embeddable":true,"href":"https:\/\/www.asep.cat\/index.php\/wp-json\/wp\/v2\/c2tw_page_folder?post=16290"}],"curies":[{"name":"wp","href":"https:\/\/api.w.org\/{rel}","templated":true}]}}