{"id":16082,"date":"2026-04-14T20:52:43","date_gmt":"2026-04-14T18:52:43","guid":{"rendered":"https:\/\/www.asep.cat\/?page_id=16082"},"modified":"2026-04-16T18:20:57","modified_gmt":"2026-04-16T16:20:57","slug":"14-i-15-03-2026-resultats-de-la-8a-prova-del-intercamps-sp-oest","status":"publish","type":"page","link":"https:\/\/www.asep.cat\/index.php\/14-i-15-03-2026-resultats-de-la-8a-prova-del-intercamps-sp-oest\/","title":{"rendered":"14 i 15\/03\/2026 Resultats de la 8a prova del Intercamps SP Oest"},"content":{"rendered":"\n<p>Un dia dels millors que enguany hem tingut per a jugar al P&amp;P, parlant amb en Jes\u00fas del Costa Daurada A, m&#8217;ha dit que a Oller del Mas les vistes eren espectaculars, per una banda es veia Montserrat i de l&#8217;altre el Pirineu tot nevat, ha fet unes fotos precioses que diu que m&#8217;enviar\u00e0, en quan ho faci, per penjar\u00e9 al \u00e0lbum, jo puc parlar des de Can Mascar\u00f3 i confirmo el que diu en Jes\u00fas, bon sol, sense gens de vent i molt bona temperatura.<\/p>\n\n\n\n<p>Aquesta ja es la pen\u00faltima jornada es a dir ja queda poc marga de maniobra, podeu veure les classificacions generals clicant <a href=\"https:\/\/www.pitchputt.cat\/noticies\/noticia.php?id=53280\">aqu\u00ed<\/a>.<\/p>\n\n\n\n<p>Els premis de pernils per divisions les coses queden aix\u00ed:<\/p>\n\n\n\n<p><em>Scratch<\/em><\/p>\n\n\n\n<ul class=\"wp-block-list\">\n<li>1a Divisi\u00f3: Guanyen els del Roc3, amb 10 sota par, ja tenien el pernil en propietat, es a dir no  hi han novetats<\/li>\n\n\n\n<li>2a Divisi\u00f3: Guanyen els de Cambrils amb 7 sota par, res de nou, ja tenen pernil per HCP<\/li>\n\n\n\n<li>3a Divisi\u00f3: Guanyen els del Roc3 Promeses amb par de camp, Segon partit guanyat, encara no tenen el pernil guanyat<\/li>\n\n\n\n<li>4a Divisi\u00f3: Guanya Bon\u00c0rea B a el par de camp, primer partit guanyat, ja no tenen oportunitat.<\/li>\n<\/ul>\n\n\n\n<p><em>HCP<\/em><\/p>\n\n\n\n<ul class=\"wp-block-list\">\n<li>1a Divisi\u00f3: Guanya Manresa Golf La Roqueta amb 10 sota par, 1a vict\u00f2ria d&#8217;enguany, es a dir ja no tenen oportunitat de guanyar cap pernil per aquest concepte<\/li>\n\n\n\n<li>2a Guanya Cambrils amb 17 sota par, aquest es el tercer partit que guanyen, FELICITATS, pernil per vosaltres.<\/li>\n\n\n\n<li>3a Divisi\u00f3 Guanya Can Mascar\u00f3 B amb 8 sota par, ja no tenen oportunitat de guanyar cap pernil per aquest concepte<\/li>\n\n\n\n<li>4a Divisi\u00f3: Guanya el P&amp;P Bages amb 14 sota par, ja tenien el pernil guanyat<\/li>\n<\/ul>\n\n\n\n<p>En quant als premis per parelles (oli i Vi) els guanyadors han estat:<\/p>\n\n\n\n<p>Scratch:<\/p>\n\n\n\n<ul class=\"wp-block-list\">\n<li>1a Divisi\u00f3: GALLARDO MORCILLO, RAFAEL i GALLARDO MORCILLO, MANUEL amb 44 punts<\/li>\n\n\n\n<li>2a divisi\u00f3: VILELA FERREIRA, ANTONIO i HERNANDEZ LOPEZ, FRANCISCO JAVIER amb 39 punts<\/li>\n\n\n\n<li>3a divisi\u00f3: SERRANO LEON, DANIEL i RODRIGUES OLIVEIRA, CICERO amb 41 punts<\/li>\n\n\n\n<li>4a divisi\u00f3: BENET SISTERO, ESTANISLAO i TOMAS PANADES, HUMBERT amb 37 punts<\/li>\n<\/ul>\n\n\n\n<p>HCP:<\/p>\n\n\n\n<ul class=\"wp-block-list\">\n<li>1a Divisi\u00f3: ORTIZ PEDRERO, JOSE LUIS i TEMPORAL PARDO, ADRIAN amb 40 punts<\/li>\n\n\n\n<li>2a divisi\u00f3: BUSTILLO BARBERO, GORGONIO i FUERTES JARQUE, LUIS amb 42 punts<\/li>\n\n\n\n<li>3a divisi\u00f3: ARANDA LACAMARA, PEDRO JOSE i PASCUAL SANZA, EDELMIRO amb 40 punts<\/li>\n\n\n\n<li>4a divisi\u00f3: ESCUDERO ALFONSO, JOSE i SUBIRANA ROLANDO, MAURICI amb 44 punts<\/li>\n<\/ul>\n\n\n\n<p>Per el que fa a els forats en un, de moment sols se m&#8217;ha reportat un i es per en Toni Solans del Roc3 CAT<\/p>\n\n\n\n<p>Clicant <a href=\"https:\/\/www.asep.cat\/index.php\/2026\/04\/15\/14-04-2026-1a-divisio-a-oller-del-mas\/\">aqu\u00ed <\/a>veureu les fotos que va fer en Jes\u00fas a Oller del Mas.<\/p>\n\n\n\n<p>Salut a tots i ja fins les properes finals, Josep<\/p>\n","protected":false},"excerpt":{"rendered":"<p>Un dia dels millors que enguany hem tingut per a jugar al P&amp;P, parlant amb en Jes\u00fas del Costa Daurada A, m&#8217;ha dit que a Oller del Mas les vistes eren espectaculars, per una banda es veia Montserrat i de l&#8217;altre el Pirineu tot nevat, ha fet unes fotos precioses que diu que m&#8217;enviar\u00e0, en [&hellip;]<\/p>\n","protected":false},"author":5,"featured_media":0,"parent":0,"menu_order":0,"comment_status":"closed","ping_status":"closed","template":"","meta":{"footnotes":""},"c2tw_page_folder":[],"class_list":["post-16082","page","type-page","status-publish","hentry"],"_links":{"self":[{"href":"https:\/\/www.asep.cat\/index.php\/wp-json\/wp\/v2\/pages\/16082","targetHints":{"allow":["GET"]}}],"collection":[{"href":"https:\/\/www.asep.cat\/index.php\/wp-json\/wp\/v2\/pages"}],"about":[{"href":"https:\/\/www.asep.cat\/index.php\/wp-json\/wp\/v2\/types\/page"}],"author":[{"embeddable":true,"href":"https:\/\/www.asep.cat\/index.php\/wp-json\/wp\/v2\/users\/5"}],"replies":[{"embeddable":true,"href":"https:\/\/www.asep.cat\/index.php\/wp-json\/wp\/v2\/comments?post=16082"}],"version-history":[{"count":8,"href":"https:\/\/www.asep.cat\/index.php\/wp-json\/wp\/v2\/pages\/16082\/revisions"}],"predecessor-version":[{"id":16239,"href":"https:\/\/www.asep.cat\/index.php\/wp-json\/wp\/v2\/pages\/16082\/revisions\/16239"}],"wp:attachment":[{"href":"https:\/\/www.asep.cat\/index.php\/wp-json\/wp\/v2\/media?parent=16082"}],"wp:term":[{"taxonomy":"c2tw_page_folder","embeddable":true,"href":"https:\/\/www.asep.cat\/index.php\/wp-json\/wp\/v2\/c2tw_page_folder?post=16082"}],"curies":[{"name":"wp","href":"https:\/\/api.w.org\/{rel}","templated":true}]}}