{"id":16,"date":"2025-08-27T15:27:26","date_gmt":"2025-08-27T13:27:26","guid":{"rendered":"https:\/\/www.asep.cat\/?page_id=16"},"modified":"2026-04-29T17:57:13","modified_gmt":"2026-04-29T15:57:13","slug":"noticies","status":"publish","type":"page","link":"https:\/\/www.asep.cat\/index.php\/noticies\/","title":{"rendered":"Not\u00edcies"},"content":{"rendered":"\n<hr class=\"wp-block-separator has-alpha-channel-opacity\"\/>\n\n\n\n<ul class=\"wp-block-list\">\n<li>29\/04\/2026 <a href=\"https:\/\/www.asep.cat\/index.php\/29-04-2026-resultats-intercamps-oest-mp-2a-divisio-a-can-mascaro\/\">Resultats Intercamps Oest MP 2a Divisi\u00f3 a Can Mascar\u00f3<\/a><\/li>\n\n\n\n<li>28\/04\/2026 <a href=\"https:\/\/www.asep.cat\/index.php\/26-04-2026-resultats-final-intercamps-oest-mp-2a-divisio\/\">Resultats Intercamps Oest MP 2a divisi\u00f3 a Bellpuig<\/a><\/li>\n\n\n\n<li>14\/04\/2026 <a href=\"https:\/\/www.asep.cat\/index.php\/14-i-15-03-2026-resultats-de-la-8a-prova-del-intercamps-sp-oest\/\">Resultats de la 8a jornada del Intercamps SP Oest<\/a><\/li>\n\n\n\n<li>10\/04\/2026 <a href=\"https:\/\/www.asep.cat\/index.php\/nova-seu-de-la-ii-copa-asep\/\">Nova seu de la II Copa ASEP<\/a><\/li>\n\n\n\n<li>27\/03\/2026 <a href=\"https:\/\/www.asep.cat\/index.php\/una-noticia-mes-de-les-que-no-voldriem-que-passessin\/\">Una trista noticia.<\/a><\/li>\n\n\n\n<li>24\/03\/2026 <a href=\"https:\/\/www.asep.cat\/index.php\/24-03-2026-5a-jornada-de-la-3a-divisio-del-intercamps-mp-oest\/\">Resultats de la 3a divisi\u00f3 de la 5a prova del Intercamps MP Oest<\/a><\/li>\n\n\n\n<li>17\/03\/2026 <a href=\"https:\/\/www.asep.cat\/index.php\/17-03-2026-resultats-parcials-de-la-5a-prova-del-intercamps-mp-oest\/\">Resultats (parcials) de la 5a jornada del Intercamps MP Oest<\/a><\/li>\n\n\n\n<li>10\/03\/2026 <a href=\"https:\/\/www.asep.cat\/index.php\/19-03-2026-resultats-de-la-3a-prova-del-intercamps-oest-mp\/\">Resultats de la 3a prova de la 3a divisi\u00f3 del Intercamps MP<\/a><\/li>\n\n\n\n<li>09\/03\/2026 <a href=\"https:\/\/www.asep.cat\/index.php\/09-03-2026-propera-reunio-de-capitans\/\">Reuni\u00f3 de capitans del dia 23 d&#8217;aquest mes<\/a><\/li>\n\n\n\n<li>05\/03\/2026 <a href=\"https:\/\/www.asep.cat\/index.php\/05-03-2026-canvi-de-seu-del-intercamps-mp-de-3a-divisio-del-dia-24-de-marc-a-can-mascaro\/\">Canvi de seu del partit del Intercamps MP de 3a divisi\u00f3 a Can Mascar\u00f3<\/a><\/li>\n\n\n\n<li>03 i 04\/03\/2026 <a href=\"https:\/\/www.asep.cat\/index.php\/03-i-04-03-2026-resultats-de-la-7a-prova-del-intercamps-sp-oest\/\">Resultats de la 7a prova del Intercamps SP Oest<\/a><\/li>\n\n\n\n<li>03\/03\/2023 <a href=\"https:\/\/www.asep.cat\/index.php\/canvi-de-seu-de-la-5a-prova-del-intercamps-mp-de-la-1a-divisio\/\">Canvi de seu de la 5a prova de Intercamps Oest 1a Divisi\u00f3<\/a><\/li>\n\n\n\n<li>23\/02\/2026 <a href=\"https:\/\/www.asep.cat\/index.php\/una-trista-noticia\/\">Una trista noticia<\/a><\/li>\n\n\n\n<li>21\/02\/2026 <a href=\"https:\/\/www.asep.cat\/index.php\/canvi-de-seu-de-la-prova-de-la-3a-divisio-del-intercamps-oest-sp\/\">Canvi de seu de la prova de la 3a divisi\u00f3 del Intercamps Oest SP<\/a><\/li>\n\n\n\n<li>19\/02\/2026 <a href=\"https:\/\/www.pitchputt.cat\/noticies\/noticia.php?id=52921\">Sortides dels equips participants a l&#8217;Intercamps Strokeplay S\u00e8nior Oest 7\u00aa prova<\/a><\/li>\n\n\n\n<li>18\/02\/2026 <a href=\"https:\/\/www.asep.cat\/index.php\/18-02-2026-resultats-de-la-4a-prova-intercamps-matxplay-senior-oest\/\">Resultats de la 4a Jornada del Intercamps MP Oest<\/a><\/li>\n\n\n\n<li>16\/02\/2026 <a href=\"https:\/\/www.pitchputt.cat\/noticies\/noticia.php?id=52897\">Sortides dels jugadors a la 4a jornada del Intercamps MP Oest<\/a><\/li>\n\n\n\n<li>03 i 04\/02\/2026 <a href=\"https:\/\/www.asep.cat\/index.php\/03-02-2026-resultats-de-la-6a-jornada-del-intercamps-oest-sp\/\">Resultats de la 6a jornada del Intercamps SP<\/a><\/li>\n\n\n\n<li>03\/02\/2026 <a href=\"https:\/\/www.pitchputt.cat\/noticies\/noticia.php?id=52796\">Sortides dels equips a la 4a jornada del Intercamps MP Oest<\/a><\/li>\n\n\n\n<li>29\/01\/2026 <a href=\"https:\/\/www.asep.cat\/index.php\/28-01-2026-resultats-de-la-2a-jornada-del-intercamps-oest-mp\/\">Resultats parcials de la 3a jornada del Intercamps MP Oest<\/a><\/li>\n\n\n\n<li>20\/01\/2026 <a href=\"https:\/\/www.pitchputt.cat\/noticies\/noticia.php?id=52697\">Sortides dels equips de la 6a jornada del Intercamps SP Oest<\/a><\/li>\n\n\n\n<li>19\/01\/2026 <a href=\"https:\/\/www.asep.cat\/index.php\/19-01-2026-suspensio-del-partit-intercamps-mp-a-can-cuyas\/\">Suspensi\u00f3 de la 3a Jornada del Intercamps MP de 1a, 2a i 3a Divisi\u00f3<\/a><\/li>\n\n\n\n<li>14\/01\/2026 <a href=\"https:\/\/www.asep.cat\/index.php\/14-01-2026-informacio-de-can-mascaro\/\">Informaci\u00f3 de Can Mascar\u00f3<\/a><\/li>\n\n\n\n<li>12\/01\/2026 <a href=\"https:\/\/www.asep.cat\/index.php\/12-01-2026-menu-per-el-dimarts-dia-20-al-portal-del-roc\/\">Men\u00fa per el dimarts dia 20 al Portal del Roc<\/a><\/li>\n\n\n\n<li>05\/01\/2026 <a href=\"https:\/\/www.asep.cat\/index.php\/novetats-al-album-de-fotografies\/\">Novetats al \u00e0lbum de fotografies<\/a><\/li>\n\n\n\n<li>16\/12\/2025 <a href=\"https:\/\/www.asep.cat\/index.php\/16-12-2025-5a-jornada-intercamps-oest-sp\/\">Resultats de la 5a jornada Intercamps Oest SP<\/a><\/li>\n\n\n\n<li>01\/12\/25 <a href=\"https:\/\/www.pitchputt.cat\/noticies\/noticia.php?id=52397\">Sortides dels equips del Intercamps SP del 16 de desembre<\/a><\/li>\n\n\n\n<li>25\/11\/2025 <a href=\"https:\/\/www.asep.cat\/index.php\/25-11-2025-resultats-de-la-2a-jornada-del-intercamps-oest-matchplay\/\">Resultats de la 2a jornada del Intercamps Oest MP<\/a><\/li>\n\n\n\n<li>19\/11\/2025 <a href=\"https:\/\/www.pitchputt.cat\/noticies\/noticia.php?id=52265\">Sortides dels equips del Intercamps MP dels 25 i 26 de novembre<\/a><\/li>\n\n\n\n<li>11\/11\/2025 <a href=\"https:\/\/www.asep.cat\/index.php\/11-11-2025-resultats-4a-jornada-del-intercamps-sp-oestals-camps-de-el-vendrell-bellpuig-costa-daurada-i-oller-del-mas\/\">Resultats de la 4a Jornada del Intercamps SP Oest<\/a><\/li>\n\n\n\n<li>10\/11\/20205 <a href=\"https:\/\/tinyurl.com\/2v8nmva8\">Sortides dels jugadors de la 4a jornada del Intercamps SP Oest.<\/a><\/li>\n\n\n\n<li>02\/11\/2025 <a href=\"https:\/\/www.pitchputt.cat\/noticies\/noticia.php?id=52153\">Sortides dels equips de la 4a jornada del Intercamps SP Oest<\/a><\/li>\n\n\n\n<li>28\/10\/2025 <a href=\"https:\/\/www.asep.cat\/index.php\/28-10-2025-resultats-de-1a-jornada-del-intercamps-mp-oest\/\">Resultats de 1a jornada del Intercamps MP Oest<\/a><\/li>\n\n\n\n<li>27\/10\/2025 <a href=\"https:\/\/www.pitchputt.cat\/noticies\/noticia.php?id=52123\">Sortides dels jugadors de la 1a jornada del Intercamps MP Oest<\/a><\/li>\n\n\n\n<li>17\/10\/2025 <a href=\"https:\/\/www.pitchputt.cat\/noticies\/noticia.php?id=52035\">Sortides dels equips per la 1a jornada Intercamps MP<\/a><\/li>\n\n\n\n<li>14\/10\/2025 <a href=\"https:\/\/www.asep.cat\/index.php\/14-10-2025-3a-jornada-intercamps-oest-sp\/\">Resultats de la 3a Jornada del Intercamps SP Oes<\/a>t<\/li>\n\n\n\n<li>13\/10\/2025 <a href=\"https:\/\/tinyurl.com\/4jb5yv7w\">Sortides dels jugadors de la 3a jornada Intercamps SP Oest<\/a><\/li>\n\n\n\n<li>03\/10\/2025 <a href=\"https:\/\/www.asep.cat\/index.php\/03-10-2025-una-pessima-noticia\/\">Una p\u00e8ssima noticia<\/a><\/li>\n\n\n\n<li>01\/10\/2025 <a href=\"https:\/\/www.asep.cat\/index.php\/02-10-2025-us-de-la-targeta-virtual\/\">Us de la targeta virtual<\/a><\/li>\n\n\n\n<li>30\/09\/2025 <a href=\"https:\/\/www.asep.cat\/index.php\/30-09-25-2a-jornada-intercamps-oest-sp\">Resultats de la 2a Jornada del Intercamps Oest SP<\/a><\/li>\n\n\n\n<li>29\/09\/2025 <a href=\"https:\/\/www.pitchputt.cat\/noticies\/noticia.php?id=51890\">Sortides dels jugadors del 30 de setembre i de l&#8217;1 d&#8217;ctubre<\/a><\/li>\n\n\n\n<li>18\/09\/2025 <a href=\"https:\/\/www.pitchputt.cat\/noticies\/noticia.php?id=51801\">Sortides dels equips dels 30\/09 i 01\/ 10 de la 2a Jornada del Intercamps Oest SP<\/a><\/li>\n\n\n\n<li>16\/09\/2025 <a href=\"https:\/\/www.asep.cat\/index.php\/16-09-25-1a-jornada-intercamps-oest-sp\/\">Resultats de la 1a Jornada Intercamps Oest SP<\/a><a href=\"https:\/\/www.asep.cat\/wp-content\/uploads\/20250916-nota-1a-jornada-sp\"> <\/a><\/li>\n\n\n\n<li>15\/09\/2025 <a href=\"https:\/\/www.pitchputt.cat\/noticies\/noticia.php?id=51773\">Sortides dels jugadors 16 i 17 de setembre<\/a><\/li>\n\n\n\n<li>02\/09\/2025 <a href=\"https:\/\/www.pitchputt.cat\/noticies\/noticia.php?id=51682\">Sortides dels equips 16 i 17 de setembre<\/a><\/li>\n<\/ul>\n\n\n\n<p>01\/09\/2025<\/p>\n\n\n\n<h1 class=\"wp-block-heading\">Benvinguts al nou portal d&#8217;ASEP<\/h1>\n\n\n\n<p>Hola companys aquests es el nostre nou lloc de trobada, on editarem totes les&nbsp; nostres comunicacions , vaja, que es el substitut modern del pipcat que tan de servei ens ha donat.<\/p>\n\n\n\n<p>Hi trobareu les mateixes coses, per\u00f2 distribu\u00efdes de manera mes amable i sobretot millor adaptada al \u201cm\u00f2bils\u201d<\/p>\n\n\n\n<p>De moment veureu que est\u00e0 una mica desangelada, es el comen\u00e7ament. per\u00f2 a mida de que vagi agafant-li pr\u00e0ctica ja la anirem vestint<\/p>\n\n\n\n<p>Be, ja sabeu, primer partit el proper dia 16 als camps de Can Mascar\u00f3 (1\u00aa Divisi\u00f3) Can Rafel&nbsp; (2\u00aa Divisi\u00f3) Oller del Mas (3\u00aa Divisi\u00f3) i El Vall\u00e8s (4\u00aa Divisi\u00f3)<\/p>\n\n\n\n<p>Tot en modalitat SP Stablefour!!<\/p>\n\n\n\n<p>Salut a tots i bona temporada<\/p>\n\n\n\n<p><\/p>\n","protected":false},"excerpt":{"rendered":"<p>01\/09\/2025 Benvinguts al nou portal d&#8217;ASEP Hola companys aquests es el nostre nou lloc de trobada, on editarem totes les&nbsp; nostres comunicacions , vaja, que es el substitut modern del pipcat que tan de servei ens ha donat. Hi trobareu les mateixes coses, per\u00f2 distribu\u00efdes de manera mes amable i sobretot millor adaptada al \u201cm\u00f2bils\u201d [&hellip;]<\/p>\n","protected":false},"author":1,"featured_media":0,"parent":0,"menu_order":0,"comment_status":"closed","ping_status":"closed","template":"","meta":{"footnotes":""},"c2tw_page_folder":[14],"class_list":["post-16","page","type-page","status-publish","hentry","c2tw_page_folder-general"],"_links":{"self":[{"href":"https:\/\/www.asep.cat\/index.php\/wp-json\/wp\/v2\/pages\/16","targetHints":{"allow":["GET"]}}],"collection":[{"href":"https:\/\/www.asep.cat\/index.php\/wp-json\/wp\/v2\/pages"}],"about":[{"href":"https:\/\/www.asep.cat\/index.php\/wp-json\/wp\/v2\/types\/page"}],"author":[{"embeddable":true,"href":"https:\/\/www.asep.cat\/index.php\/wp-json\/wp\/v2\/users\/1"}],"replies":[{"embeddable":true,"href":"https:\/\/www.asep.cat\/index.php\/wp-json\/wp\/v2\/comments?post=16"}],"version-history":[{"count":82,"href":"https:\/\/www.asep.cat\/index.php\/wp-json\/wp\/v2\/pages\/16\/revisions"}],"predecessor-version":[{"id":16292,"href":"https:\/\/www.asep.cat\/index.php\/wp-json\/wp\/v2\/pages\/16\/revisions\/16292"}],"wp:attachment":[{"href":"https:\/\/www.asep.cat\/index.php\/wp-json\/wp\/v2\/media?parent=16"}],"wp:term":[{"taxonomy":"c2tw_page_folder","embeddable":true,"href":"https:\/\/www.asep.cat\/index.php\/wp-json\/wp\/v2\/c2tw_page_folder?post=16"}],"curies":[{"name":"wp","href":"https:\/\/api.w.org\/{rel}","templated":true}]}}