{"id":15937,"date":"2026-04-10T08:31:01","date_gmt":"2026-04-10T06:31:01","guid":{"rendered":"https:\/\/www.asep.cat\/?page_id=15937"},"modified":"2026-04-10T08:31:26","modified_gmt":"2026-04-10T06:31:26","slug":"nova-seu-de-la-ii-copa-asep","status":"publish","type":"page","link":"https:\/\/www.asep.cat\/index.php\/nova-seu-de-la-ii-copa-asep\/","title":{"rendered":"Nova seu de la II Copa ASEP"},"content":{"rendered":"\n<p>Com a conseq\u00fc\u00e8ncia del que vam acordar a la passada reuni\u00f3 de capitans, hem fet una enquesta entre tots els camps de 18 forat del nostre territori, demanant una oferta per jugar aquesta competici\u00f3.<\/p>\n\n\n\n<p>Varis camps han participat i la millor oferta ha estat la del camps de Bon\u00c0rea.<\/p>\n\n\n\n<p>S&#8217;han comprom\u00e8s a tancar el camp per nosaltres, donar-nos una poma i aigua a l&#8217;hora de jugar i el dinar per a tots els jugadors, tot plegat per 17\u20ac per jugador<\/p>\n\n\n\n<p>Salut a tots, Josep<\/p>\n\n\n\n<p><\/p>\n","protected":false},"excerpt":{"rendered":"<p>Com a conseq\u00fc\u00e8ncia del que vam acordar a la passada reuni\u00f3 de capitans, hem fet una enquesta entre tots els camps de 18 forat del nostre territori, demanant una oferta per jugar aquesta competici\u00f3. Varis camps han participat i la millor oferta ha estat la del camps de Bon\u00c0rea. S&#8217;han comprom\u00e8s a tancar el camp [&hellip;]<\/p>\n","protected":false},"author":5,"featured_media":0,"parent":0,"menu_order":0,"comment_status":"closed","ping_status":"closed","template":"","meta":{"footnotes":""},"c2tw_page_folder":[7],"class_list":["post-15937","page","type-page","status-publish","hentry","c2tw_page_folder-noticies"],"_links":{"self":[{"href":"https:\/\/www.asep.cat\/index.php\/wp-json\/wp\/v2\/pages\/15937","targetHints":{"allow":["GET"]}}],"collection":[{"href":"https:\/\/www.asep.cat\/index.php\/wp-json\/wp\/v2\/pages"}],"about":[{"href":"https:\/\/www.asep.cat\/index.php\/wp-json\/wp\/v2\/types\/page"}],"author":[{"embeddable":true,"href":"https:\/\/www.asep.cat\/index.php\/wp-json\/wp\/v2\/users\/5"}],"replies":[{"embeddable":true,"href":"https:\/\/www.asep.cat\/index.php\/wp-json\/wp\/v2\/comments?post=15937"}],"version-history":[{"count":1,"href":"https:\/\/www.asep.cat\/index.php\/wp-json\/wp\/v2\/pages\/15937\/revisions"}],"predecessor-version":[{"id":15938,"href":"https:\/\/www.asep.cat\/index.php\/wp-json\/wp\/v2\/pages\/15937\/revisions\/15938"}],"wp:attachment":[{"href":"https:\/\/www.asep.cat\/index.php\/wp-json\/wp\/v2\/media?parent=15937"}],"wp:term":[{"taxonomy":"c2tw_page_folder","embeddable":true,"href":"https:\/\/www.asep.cat\/index.php\/wp-json\/wp\/v2\/c2tw_page_folder?post=15937"}],"curies":[{"name":"wp","href":"https:\/\/api.w.org\/{rel}","templated":true}]}}