{"id":15924,"date":"2026-03-27T21:03:44","date_gmt":"2026-03-27T20:03:44","guid":{"rendered":"https:\/\/www.asep.cat\/?page_id=15924"},"modified":"2026-03-28T09:56:58","modified_gmt":"2026-03-28T08:56:58","slug":"una-noticia-mes-de-les-que-no-voldriem-que-passessin","status":"publish","type":"page","link":"https:\/\/www.asep.cat\/index.php\/una-noticia-mes-de-les-que-no-voldriem-que-passessin\/","title":{"rendered":"Una noticia mes de les que no voldr\u00edem que passessin"},"content":{"rendered":"\n<figure class=\"wp-block-image size-full\"><img loading=\"lazy\" decoding=\"async\" width=\"122\" height=\"173\" src=\"https:\/\/www.asep.cat\/wp-content\/uploads\/2026\/03\/BOLEDA-RIBALTA-ANTONI.jpg\" alt=\"\" class=\"wp-image-15923\"\/><\/figure>\n\n\n\n<p>Avui els membres de l&#8217;equip de Bellpuig han publicat que l&#8217;amic i bon company Antoni Boleda, ens ha deixat.<\/p>\n\n\n\n<p>No se com expressar la meva consternaci\u00f3 i pena per aquest fet, tots sabem que era un dels jugadors cl\u00e0ssics del circuit, fa ja  molts anys que ens hav\u00edem fet amb la seva companyia i al seu art.<\/p>\n\n\n\n<p>Des de aqu\u00ed, tot el conjunt dels jugadors de l&#8217;Intercamps i jo mateix, volem transmeta el mes sentit condol a la seva fam\u00edlia i naturalment als seus companys d&#8217;equip i a tots els seus amics.<\/p>\n\n\n\n<p>Amic Antoni, descanse amb pau.<\/p>\n","protected":false},"excerpt":{"rendered":"<p>Avui els membres de l&#8217;equip de Bellpuig han publicat que l&#8217;amic i bon company Antoni Boleda, ens ha deixat. No se com expressar la meva consternaci\u00f3 i pena per aquest fet, tots sabem que era un dels jugadors cl\u00e0ssics del circuit, fa ja molts anys que ens hav\u00edem fet amb la seva companyia i al [&hellip;]<\/p>\n","protected":false},"author":5,"featured_media":0,"parent":0,"menu_order":0,"comment_status":"closed","ping_status":"closed","template":"","meta":{"footnotes":""},"c2tw_page_folder":[7],"class_list":["post-15924","page","type-page","status-publish","hentry","c2tw_page_folder-noticies"],"_links":{"self":[{"href":"https:\/\/www.asep.cat\/index.php\/wp-json\/wp\/v2\/pages\/15924","targetHints":{"allow":["GET"]}}],"collection":[{"href":"https:\/\/www.asep.cat\/index.php\/wp-json\/wp\/v2\/pages"}],"about":[{"href":"https:\/\/www.asep.cat\/index.php\/wp-json\/wp\/v2\/types\/page"}],"author":[{"embeddable":true,"href":"https:\/\/www.asep.cat\/index.php\/wp-json\/wp\/v2\/users\/5"}],"replies":[{"embeddable":true,"href":"https:\/\/www.asep.cat\/index.php\/wp-json\/wp\/v2\/comments?post=15924"}],"version-history":[{"count":3,"href":"https:\/\/www.asep.cat\/index.php\/wp-json\/wp\/v2\/pages\/15924\/revisions"}],"predecessor-version":[{"id":15932,"href":"https:\/\/www.asep.cat\/index.php\/wp-json\/wp\/v2\/pages\/15924\/revisions\/15932"}],"wp:attachment":[{"href":"https:\/\/www.asep.cat\/index.php\/wp-json\/wp\/v2\/media?parent=15924"}],"wp:term":[{"taxonomy":"c2tw_page_folder","embeddable":true,"href":"https:\/\/www.asep.cat\/index.php\/wp-json\/wp\/v2\/c2tw_page_folder?post=15924"}],"curies":[{"name":"wp","href":"https:\/\/api.w.org\/{rel}","templated":true}]}}