{"id":15852,"date":"2026-03-24T21:11:54","date_gmt":"2026-03-24T20:11:54","guid":{"rendered":"https:\/\/www.asep.cat\/?page_id=15852"},"modified":"2026-03-24T21:17:27","modified_gmt":"2026-03-24T20:17:27","slug":"24-03-2026-5a-jornada-de-la-3a-divisio-del-intercamps-mp-oest","status":"publish","type":"page","link":"https:\/\/www.asep.cat\/index.php\/24-03-2026-5a-jornada-de-la-3a-divisio-del-intercamps-mp-oest\/","title":{"rendered":"24\/03\/2026 5a jornada de la 3a divisi\u00f3 del Intercamps MP Oest"},"content":{"rendered":"\n<p>Amb aquests partits, els de 3a divisi\u00f3 tanquen la accidentada 5a prova del Intercamps MP Oest al camp de Can Rafel, que ha actuat com a camp substitut de Can Mascar\u00f3.<\/p>\n\n\n\n<p>El dia ha estat del tot primaveral, una mica de fred al mat\u00ed per\u00f2 una temperatura excel\u00b7lent al mig dia i amb un bon sol.<\/p>\n\n\n\n<p>El camp de Can Rafel que com hem dit ha actuat com a substitut, tot i haver estat punxar fa dues setmana no ha estat del tot malament, segons els comentari del Quintin, perfectament acceptable, sense cap problema.<\/p>\n\n\n\n<p>Per el que fa als resultats els dos equips de Can Mascar\u00f3 han fet un molt bon resultat, els del A ha fet un 6 a 0 i els del B un 5 a 1, per\u00f2 haurem d&#8217;esperar a dem\u00e0 a veure que fan els companys de Can Cuy\u00e0s que provisionalment han quedat 3er, per\u00f2 sols a un punt del 2ons, les espases estan a l&#8217;aire per saber quins equips pugen.<\/p>\n\n\n\n<p>Podeu veure els resultats clicant <a href=\"https:\/\/www.pitchputt.cat\/noticies\/noticia.php?id=53175\">aqu\u00ed<\/a><\/p>\n\n\n\n<p>Salut, Josep<\/p>\n","protected":false},"excerpt":{"rendered":"<p>Amb aquests partits, els de 3a divisi\u00f3 tanquen la accidentada 5a prova del Intercamps MP Oest al camp de Can Rafel, que ha actuat com a camp substitut de Can Mascar\u00f3. El dia ha estat del tot primaveral, una mica de fred al mat\u00ed per\u00f2 una temperatura excel\u00b7lent al mig dia i amb un bon [&hellip;]<\/p>\n","protected":false},"author":5,"featured_media":0,"parent":0,"menu_order":0,"comment_status":"closed","ping_status":"closed","template":"","meta":{"footnotes":""},"c2tw_page_folder":[7],"class_list":["post-15852","page","type-page","status-publish","hentry","c2tw_page_folder-noticies"],"_links":{"self":[{"href":"https:\/\/www.asep.cat\/index.php\/wp-json\/wp\/v2\/pages\/15852","targetHints":{"allow":["GET"]}}],"collection":[{"href":"https:\/\/www.asep.cat\/index.php\/wp-json\/wp\/v2\/pages"}],"about":[{"href":"https:\/\/www.asep.cat\/index.php\/wp-json\/wp\/v2\/types\/page"}],"author":[{"embeddable":true,"href":"https:\/\/www.asep.cat\/index.php\/wp-json\/wp\/v2\/users\/5"}],"replies":[{"embeddable":true,"href":"https:\/\/www.asep.cat\/index.php\/wp-json\/wp\/v2\/comments?post=15852"}],"version-history":[{"count":3,"href":"https:\/\/www.asep.cat\/index.php\/wp-json\/wp\/v2\/pages\/15852\/revisions"}],"predecessor-version":[{"id":15857,"href":"https:\/\/www.asep.cat\/index.php\/wp-json\/wp\/v2\/pages\/15852\/revisions\/15857"}],"wp:attachment":[{"href":"https:\/\/www.asep.cat\/index.php\/wp-json\/wp\/v2\/media?parent=15852"}],"wp:term":[{"taxonomy":"c2tw_page_folder","embeddable":true,"href":"https:\/\/www.asep.cat\/index.php\/wp-json\/wp\/v2\/c2tw_page_folder?post=15852"}],"curies":[{"name":"wp","href":"https:\/\/api.w.org\/{rel}","templated":true}]}}