{"id":15737,"date":"2026-03-17T16:09:01","date_gmt":"2026-03-17T15:09:01","guid":{"rendered":"https:\/\/www.asep.cat\/?page_id=15737"},"modified":"2026-03-17T16:34:09","modified_gmt":"2026-03-17T15:34:09","slug":"17-03-2026-resultats-parcials-de-la-5a-prova-del-intercamps-mp-oest","status":"publish","type":"page","link":"https:\/\/www.asep.cat\/index.php\/17-03-2026-resultats-parcials-de-la-5a-prova-del-intercamps-mp-oest\/","title":{"rendered":"17\/03\/2026 Resultats (parcials) de la 5a prova del Intercamps MP oest."},"content":{"rendered":"\n<p>Avui, diria que ha estat el millor dia per jugar del que va de temprada, hem jugat la 5a prova els de la 1a i 2a divisi\u00f3, els de la 3a ho faran el proper dimarts dia 24 a Can Rafel, que es el substitut del Can Mascar\u00f3, al igual que El Vendrell tamb\u00e9 ho ha estat, en aquest cas de 1a divisi\u00f3<\/p>\n\n\n\n<p>Passem a comentar els resultats d&#8217;aquesta jornada:<\/p>\n\n\n\n<ul class=\"wp-block-list\">\n<li>A 1a divisi\u00f3 el Portal del Roc empata amb Can Rafel S\u00e8niors, per\u00f2 aquest encara el queda una prova per parar, aix\u00ed que sembla que els de Can Rafel agafen una avantatge significativa. La seg\u00fcent amena\u00e7a que tenen, son els de Manresa que ara son 3rs i estan a sols 1,5 punts, per\u00f2 tamb\u00e9 els queda una jornada de parada. <\/li>\n\n\n\n<li>Les posicions de descens ja semblem clarament assignades a Can Rafel Nou i al Roc3 MP que sols tenen 4 punts <\/li>\n\n\n\n<li>A 2a divisi\u00f3, Can Rafel Pened\u00e8s i l&#8217;Orfe\u00f3 Catal\u00f2nia, tenen quasi tots els punts per pujar, els dos equips tenen 20,5 punts, 6 per sobre del 3er classificat. Les posicions  per baixa de categoria, no estan gens clares hi han 3 equips amb moltes possibilitats.<\/li>\n\n\n\n<li>Els de 3a, com hem dit al principi, haurem d&#8217;esperar al proper dimarts i dimecres per poder opinar.<\/li>\n<\/ul>\n\n\n\n<p>Podeu veure els resultats complerts clicant <a href=\"https:\/\/www.pitchputt.cat\/noticies\/noticia.php?id=53116\">aqu\u00ed<\/a><\/p>\n\n\n\n<p>Per el moment, a aquesta jornada sols m&#8217;han reportat u Forat en Un i ha estat l&#8217;Eugeni Garcia al forat 5 del Roc3, felicitats company!!<\/p>\n\n\n\n<p>Salut a tots, Josep<\/p>\n\n\n\n<p><\/p>\n","protected":false},"excerpt":{"rendered":"<p>Avui, diria que ha estat el millor dia per jugar del que va de temprada, hem jugat la 5a prova els de la 1a i 2a divisi\u00f3, els de la 3a ho faran el proper dimarts dia 24 a Can Rafel, que es el substitut del Can Mascar\u00f3, al igual que El Vendrell tamb\u00e9 ho [&hellip;]<\/p>\n","protected":false},"author":5,"featured_media":0,"parent":0,"menu_order":0,"comment_status":"closed","ping_status":"closed","template":"","meta":{"footnotes":""},"c2tw_page_folder":[7],"class_list":["post-15737","page","type-page","status-publish","hentry","c2tw_page_folder-noticies"],"_links":{"self":[{"href":"https:\/\/www.asep.cat\/index.php\/wp-json\/wp\/v2\/pages\/15737","targetHints":{"allow":["GET"]}}],"collection":[{"href":"https:\/\/www.asep.cat\/index.php\/wp-json\/wp\/v2\/pages"}],"about":[{"href":"https:\/\/www.asep.cat\/index.php\/wp-json\/wp\/v2\/types\/page"}],"author":[{"embeddable":true,"href":"https:\/\/www.asep.cat\/index.php\/wp-json\/wp\/v2\/users\/5"}],"replies":[{"embeddable":true,"href":"https:\/\/www.asep.cat\/index.php\/wp-json\/wp\/v2\/comments?post=15737"}],"version-history":[{"count":4,"href":"https:\/\/www.asep.cat\/index.php\/wp-json\/wp\/v2\/pages\/15737\/revisions"}],"predecessor-version":[{"id":15744,"href":"https:\/\/www.asep.cat\/index.php\/wp-json\/wp\/v2\/pages\/15737\/revisions\/15744"}],"wp:attachment":[{"href":"https:\/\/www.asep.cat\/index.php\/wp-json\/wp\/v2\/media?parent=15737"}],"wp:term":[{"taxonomy":"c2tw_page_folder","embeddable":true,"href":"https:\/\/www.asep.cat\/index.php\/wp-json\/wp\/v2\/c2tw_page_folder?post=15737"}],"curies":[{"name":"wp","href":"https:\/\/api.w.org\/{rel}","templated":true}]}}