{"id":1566,"date":"2025-11-19T14:58:50","date_gmt":"2025-11-19T13:58:50","guid":{"rendered":"https:\/\/www.asep.cat\/?page_id=1566"},"modified":"2026-04-14T18:46:21","modified_gmt":"2026-04-14T16:46:21","slug":"jugador-a-rodriguez-gonzalez-jose-luis","status":"publish","type":"page","link":"https:\/\/www.asep.cat\/index.php\/jugador-a-rodriguez-gonzalez-jose-luis\/","title":{"rendered":"Jugador\/a: Rodr\u00edguez Gonz\u00e1lez, Jos\u00e9 Luis"},"content":{"rendered":"\n<figure class=\"wp-block-image size-large\"><img decoding=\"async\" src=\"https:\/\/www.asep.cat\/wp-content\/uploads\/2025\/11\/Rodriguez-Gonzalez-Jose-Luis.jpg\" alt=\"\"\/><\/figure>\n\n\n\n<ul class=\"wp-block-list\">\n<li><strong>Llic\u00e8ncia:<\/strong> <a href=\"http:\/\/nova.pitch.cat\/handicap.php?lli=ACPP003249\">ACPP003249<\/a><\/li>\n\n\n\n<li><strong>Equip:<\/strong> Can Rafel Nou<\/li>\n\n\n\n<li><strong>Soci No:<\/strong> ASEP260857<\/li>\n<\/ul>\n\n\n\n<p><strong><em>Partits jugats aquesta temporada:<\/em><\/strong><\/p>\n\n\n\n<ol class=\"wp-block-list\">\n<li>11\/11\/25 J4 SP Costa Daurada<\/li>\n\n\n\n<li>17\/02\/26 J4 MP El Vall\u00e8s<\/li>\n\n\n\n<li>17\/03\/26 J5 MP El Vendrell<\/li>\n\n\n\n<li>14\/04\/25 J8 SP Can Mascar\u00f3<\/li>\n<\/ol>\n","protected":false},"excerpt":{"rendered":"<p>Partits jugats aquesta temporada:<\/p>\n","protected":false},"author":1,"featured_media":0,"parent":0,"menu_order":0,"comment_status":"closed","ping_status":"closed","template":"","meta":{"footnotes":""},"c2tw_page_folder":[26],"class_list":["post-1566","page","type-page","status-publish","hentry","c2tw_page_folder-cr-n"],"_links":{"self":[{"href":"https:\/\/www.asep.cat\/index.php\/wp-json\/wp\/v2\/pages\/1566","targetHints":{"allow":["GET"]}}],"collection":[{"href":"https:\/\/www.asep.cat\/index.php\/wp-json\/wp\/v2\/pages"}],"about":[{"href":"https:\/\/www.asep.cat\/index.php\/wp-json\/wp\/v2\/types\/page"}],"author":[{"embeddable":true,"href":"https:\/\/www.asep.cat\/index.php\/wp-json\/wp\/v2\/users\/1"}],"replies":[{"embeddable":true,"href":"https:\/\/www.asep.cat\/index.php\/wp-json\/wp\/v2\/comments?post=1566"}],"version-history":[{"count":4,"href":"https:\/\/www.asep.cat\/index.php\/wp-json\/wp\/v2\/pages\/1566\/revisions"}],"predecessor-version":[{"id":15964,"href":"https:\/\/www.asep.cat\/index.php\/wp-json\/wp\/v2\/pages\/1566\/revisions\/15964"}],"wp:attachment":[{"href":"https:\/\/www.asep.cat\/index.php\/wp-json\/wp\/v2\/media?parent=1566"}],"wp:term":[{"taxonomy":"c2tw_page_folder","embeddable":true,"href":"https:\/\/www.asep.cat\/index.php\/wp-json\/wp\/v2\/c2tw_page_folder?post=1566"}],"curies":[{"name":"wp","href":"https:\/\/api.w.org\/{rel}","templated":true}]}}