{"id":15654,"date":"2026-03-10T17:05:08","date_gmt":"2026-03-10T16:05:08","guid":{"rendered":"https:\/\/www.asep.cat\/?page_id=15654"},"modified":"2026-03-11T21:49:31","modified_gmt":"2026-03-11T20:49:31","slug":"19-03-2026-resultats-de-la-3a-prova-del-intercamps-oest-mp","status":"publish","type":"page","link":"https:\/\/www.asep.cat\/index.php\/19-03-2026-resultats-de-la-3a-prova-del-intercamps-oest-mp\/","title":{"rendered":"19\/03\/2026 Resultats de la 3a prova del Intercamps Oest MP"},"content":{"rendered":"\n<p>Aquesta es la prova que s&#8217;hagues hagut de jugar el 26 i 27 de gener i que es va suspendre degut al estat del camp, provocat per el mal temps.<\/p>\n\n\n\n<p>Avui s&#8217;ha jugat la primera jornada, dem\u00e0 ho faran els dos equips restants, per\u00f2 ara mateix, ja despr\u00e9s dels resultats d&#8217;avui, podem treure conclusions que perfilen com a candidats a pujar de categoria els equips de:<\/p>\n\n\n\n<ul class=\"wp-block-list\">\n<li>Can Cuy\u00e0s amb 18 punts<\/li>\n\n\n\n<li>Can Mascar\u00f3 A amb 15 punts<\/li>\n\n\n\n<li>Can Mascar\u00f3 B amb 13,5 punts<\/li>\n<\/ul>\n\n\n\n<p>Est\u00e0 clar que encara hi ha molt a discutir, especialment entre els dos Can Mascar\u00f3 que sols els separen 1,5 punts de difer\u00e8ncia i encara queden dues proves, la del 24 d&#8217;aquest mes que es far\u00e0 a Can Rafel (substituint a Can Mascar\u00f3 per problemes al camp) i la final, es a dir, que encara hi han oportunitats per que hi hagin canvis.<\/p>\n\n\n\n<p>Podeu veure el resultats clicant <a href=\"https:\/\/www.pitchputt.cat\/noticies\/noticia.php?id=53077\">aqu\u00ed<\/a><\/p>\n\n\n\n<p>Salut a tots, Josep<\/p>\n","protected":false},"excerpt":{"rendered":"<p>Aquesta es la prova que s&#8217;hagues hagut de jugar el 26 i 27 de gener i que es va suspendre degut al estat del camp, provocat per el mal temps. Avui s&#8217;ha jugat la primera jornada, dem\u00e0 ho faran els dos equips restants, per\u00f2 ara mateix, ja despr\u00e9s dels resultats d&#8217;avui, podem treure conclusions que [&hellip;]<\/p>\n","protected":false},"author":5,"featured_media":0,"parent":0,"menu_order":0,"comment_status":"closed","ping_status":"closed","template":"","meta":{"footnotes":""},"c2tw_page_folder":[7],"class_list":["post-15654","page","type-page","status-publish","hentry","c2tw_page_folder-noticies"],"_links":{"self":[{"href":"https:\/\/www.asep.cat\/index.php\/wp-json\/wp\/v2\/pages\/15654","targetHints":{"allow":["GET"]}}],"collection":[{"href":"https:\/\/www.asep.cat\/index.php\/wp-json\/wp\/v2\/pages"}],"about":[{"href":"https:\/\/www.asep.cat\/index.php\/wp-json\/wp\/v2\/types\/page"}],"author":[{"embeddable":true,"href":"https:\/\/www.asep.cat\/index.php\/wp-json\/wp\/v2\/users\/5"}],"replies":[{"embeddable":true,"href":"https:\/\/www.asep.cat\/index.php\/wp-json\/wp\/v2\/comments?post=15654"}],"version-history":[{"count":10,"href":"https:\/\/www.asep.cat\/index.php\/wp-json\/wp\/v2\/pages\/15654\/revisions"}],"predecessor-version":[{"id":15722,"href":"https:\/\/www.asep.cat\/index.php\/wp-json\/wp\/v2\/pages\/15654\/revisions\/15722"}],"wp:attachment":[{"href":"https:\/\/www.asep.cat\/index.php\/wp-json\/wp\/v2\/media?parent=15654"}],"wp:term":[{"taxonomy":"c2tw_page_folder","embeddable":true,"href":"https:\/\/www.asep.cat\/index.php\/wp-json\/wp\/v2\/c2tw_page_folder?post=15654"}],"curies":[{"name":"wp","href":"https:\/\/api.w.org\/{rel}","templated":true}]}}