{"id":15649,"date":"2026-03-09T08:28:44","date_gmt":"2026-03-09T07:28:44","guid":{"rendered":"https:\/\/www.asep.cat\/?page_id=15649"},"modified":"2026-03-09T08:29:11","modified_gmt":"2026-03-09T07:29:11","slug":"09-03-2026-propera-reunio-de-capitans","status":"publish","type":"page","link":"https:\/\/www.asep.cat\/index.php\/09-03-2026-propera-reunio-de-capitans\/","title":{"rendered":"09\/03\/2026 Propera reuni\u00f3 de capitans"},"content":{"rendered":"\n<p>Hola com cada any, els capitans d\u2019equips farem una reuni\u00f3 al restaurant Els Torrents el dia 23 d\u2019aquest mes.<\/p>\n\n\n\n<p>La idea es comen\u00e7ar a les 12:30 i dinar cap a les 2, b\u00e0sicament hi tractarem temes de novetats per la propera temporada i detalls per acabar l\u2019actual.<\/p>\n\n\n\n<p>Hi pot assistir qui vulgui, els capitans o qui els representi, tenen de dinar cobert per ASEP, per\u00f2 els acompanyants hauran de pagar-se&#8217;l i costa 14,80\u20ac<\/p>\n\n\n\n<p>Qui estigui interessat en anar, p.f. que es posi en contacta amb mi, que li facilitar\u00e9 el men\u00fa per que esculli el que voldr\u00e0 demanar.<\/p>\n\n\n\n<p>Salut a tots, Josep<\/p>\n","protected":false},"excerpt":{"rendered":"<p>Hola com cada any, els capitans d\u2019equips farem una reuni\u00f3 al restaurant Els Torrents el dia 23 d\u2019aquest mes. La idea es comen\u00e7ar a les 12:30 i dinar cap a les 2, b\u00e0sicament hi tractarem temes de novetats per la propera temporada i detalls per acabar l\u2019actual. Hi pot assistir qui vulgui, els capitans o [&hellip;]<\/p>\n","protected":false},"author":5,"featured_media":0,"parent":0,"menu_order":0,"comment_status":"closed","ping_status":"closed","template":"","meta":{"footnotes":""},"c2tw_page_folder":[7],"class_list":["post-15649","page","type-page","status-publish","hentry","c2tw_page_folder-noticies"],"_links":{"self":[{"href":"https:\/\/www.asep.cat\/index.php\/wp-json\/wp\/v2\/pages\/15649","targetHints":{"allow":["GET"]}}],"collection":[{"href":"https:\/\/www.asep.cat\/index.php\/wp-json\/wp\/v2\/pages"}],"about":[{"href":"https:\/\/www.asep.cat\/index.php\/wp-json\/wp\/v2\/types\/page"}],"author":[{"embeddable":true,"href":"https:\/\/www.asep.cat\/index.php\/wp-json\/wp\/v2\/users\/5"}],"replies":[{"embeddable":true,"href":"https:\/\/www.asep.cat\/index.php\/wp-json\/wp\/v2\/comments?post=15649"}],"version-history":[{"count":1,"href":"https:\/\/www.asep.cat\/index.php\/wp-json\/wp\/v2\/pages\/15649\/revisions"}],"predecessor-version":[{"id":15650,"href":"https:\/\/www.asep.cat\/index.php\/wp-json\/wp\/v2\/pages\/15649\/revisions\/15650"}],"wp:attachment":[{"href":"https:\/\/www.asep.cat\/index.php\/wp-json\/wp\/v2\/media?parent=15649"}],"wp:term":[{"taxonomy":"c2tw_page_folder","embeddable":true,"href":"https:\/\/www.asep.cat\/index.php\/wp-json\/wp\/v2\/c2tw_page_folder?post=15649"}],"curies":[{"name":"wp","href":"https:\/\/api.w.org\/{rel}","templated":true}]}}