{"id":15614,"date":"2026-03-05T09:10:51","date_gmt":"2026-03-05T08:10:51","guid":{"rendered":"https:\/\/www.asep.cat\/?page_id=15614"},"modified":"2026-03-05T09:16:47","modified_gmt":"2026-03-05T08:16:47","slug":"05-03-2026-canvi-de-seu-del-intercamps-mp-de-3a-divisio-del-dia-24-de-marc-a-can-mascaro","status":"publish","type":"page","link":"https:\/\/www.asep.cat\/index.php\/05-03-2026-canvi-de-seu-del-intercamps-mp-de-3a-divisio-del-dia-24-de-marc-a-can-mascaro\/","title":{"rendered":"05\/03\/2026 Canvi de seu del Intercamps MP de 3a divisi\u00f3 del dia 24 de Mar\u00e7 a Can Mascar\u00f3"},"content":{"rendered":"\n<p>Hola el capit\u00e0 del equip Can Mascar\u00f3 A, ens comunica que donat l&#8217;estat del seu camp resident, escull com a alternatiu, jugar aquest partit a <strong>Can Rafel<\/strong><\/p>\n\n\n\n<p>Els encreuaments seran:<\/p>\n\n\n\n<p>Dia 24<\/p>\n\n\n\n<ul class=\"wp-block-list\">\n<li>Can Mascar\u00f3 A vs P&amp;P Bages<\/li>\n\n\n\n<li>Can Mascar\u00f3 B vs Can Cuy\u00e0s Vola Bola<\/li>\n<\/ul>\n\n\n\n<p>Dia 25<\/p>\n\n\n\n<ul class=\"wp-block-list\">\n<li>M\u00falligan Can Rafel vs Can Cuy\u00e0s S\u00e8niors<\/li>\n<\/ul>\n\n\n\n<p>Salut, Josep<\/p>\n","protected":false},"excerpt":{"rendered":"<p>Hola el capit\u00e0 del equip Can Mascar\u00f3 A, ens comunica que donat l&#8217;estat del seu camp resident, escull com a alternatiu, jugar aquest partit a Can Rafel Els encreuaments seran: Dia 24 Dia 25 Salut, Josep<\/p>\n","protected":false},"author":5,"featured_media":0,"parent":0,"menu_order":0,"comment_status":"closed","ping_status":"closed","template":"","meta":{"footnotes":""},"c2tw_page_folder":[7],"class_list":["post-15614","page","type-page","status-publish","hentry","c2tw_page_folder-noticies"],"_links":{"self":[{"href":"https:\/\/www.asep.cat\/index.php\/wp-json\/wp\/v2\/pages\/15614","targetHints":{"allow":["GET"]}}],"collection":[{"href":"https:\/\/www.asep.cat\/index.php\/wp-json\/wp\/v2\/pages"}],"about":[{"href":"https:\/\/www.asep.cat\/index.php\/wp-json\/wp\/v2\/types\/page"}],"author":[{"embeddable":true,"href":"https:\/\/www.asep.cat\/index.php\/wp-json\/wp\/v2\/users\/5"}],"replies":[{"embeddable":true,"href":"https:\/\/www.asep.cat\/index.php\/wp-json\/wp\/v2\/comments?post=15614"}],"version-history":[{"count":5,"href":"https:\/\/www.asep.cat\/index.php\/wp-json\/wp\/v2\/pages\/15614\/revisions"}],"predecessor-version":[{"id":15621,"href":"https:\/\/www.asep.cat\/index.php\/wp-json\/wp\/v2\/pages\/15614\/revisions\/15621"}],"wp:attachment":[{"href":"https:\/\/www.asep.cat\/index.php\/wp-json\/wp\/v2\/media?parent=15614"}],"wp:term":[{"taxonomy":"c2tw_page_folder","embeddable":true,"href":"https:\/\/www.asep.cat\/index.php\/wp-json\/wp\/v2\/c2tw_page_folder?post=15614"}],"curies":[{"name":"wp","href":"https:\/\/api.w.org\/{rel}","templated":true}]}}