{"id":15324,"date":"2026-03-03T19:09:24","date_gmt":"2026-03-03T18:09:24","guid":{"rendered":"https:\/\/www.asep.cat\/?page_id=15324"},"modified":"2026-03-04T21:21:05","modified_gmt":"2026-03-04T20:21:05","slug":"03-i-04-03-2026-resultats-de-la-7a-prova-del-intercamps-sp-oest","status":"publish","type":"page","link":"https:\/\/www.asep.cat\/index.php\/03-i-04-03-2026-resultats-de-la-7a-prova-del-intercamps-sp-oest\/","title":{"rendered":"03 i 04\/03\/2026 Resultats de la 7a prova del Intercamps SP Oest"},"content":{"rendered":"\n<p>Hola, ja han sortit tos els resultats, 1a, 2a 3a i 4a.<\/p>\n\n\n\n<p>Els jugadors d&#8217;avui ho han tingut una mica mes dif\u00edcil que els d&#8217;ahir, ha fet bastant mes vent, per\u00f2 per sort no ha plogut cap dels dos dies, aix\u00f2 sembla que ser\u00e0 dem\u00e0<\/p>\n\n\n\n<p>Com a an\u00e0lisis des resultats, podem dir que<\/p>\n\n\n\n<ul class=\"wp-block-list\">\n<li>A 1a divisi\u00f3, tot ha quedat mes o menys estable, aquesta jornada ha servit per que els del Roc3 Vermell li treguin 10 punts mes al segon que continua sent Can Rafel S\u00e8niors i aquests li treu un punt mes al del M\u00falligan Man Mascar\u00f3, per la part del descens sembla que les coses estan prou definides, Manresa que l&#8217;antepen\u00faltim ha quedat a 33 punts del de Can Rafel Pened\u00e8s i Bon\u00c0rea A, que es l&#8217;ultim est\u00e0 a 11 punts del Manresa.<\/li>\n\n\n\n<li>A segona Lleida i El Vall\u00e8s han intercanviat posicions, ara es Lleida qui li treu 6 punts al EL Vall\u00e8s A, l&#8217;Orfe\u00f3 est\u00e0 a 13 punts del 2on, aix\u00ed que sols li queden dos partit per retall\u00e0 la difer\u00e8ncia si vol ser a 1a la propera temporada, per el que fa a les posicions de descens, els del Cat, continuen com anys anteriors, tenir molts n\u00fameros per baixar i en canvi son els primers en HCP, ja un cl\u00e0ssic d&#8217;ells, i un altre vegada s&#8217;emporten un pernil, <\/li>\n\n\n\n<li>A 3a.  el Vall\u00e8s 20 i Can Rafel Nou, es mantenen empatats en primer lloc, seguits del Promeses a 7 punts, que aquesta jornada els ha retallat 1 punt, a la zona baixa, Costa Daurada B i Can Mascar\u00f3 B, tenen molts punts de baixar a 4a divisi\u00f3 Costa daurada est\u00e0 a 21 punt del antepen\u00faltim que es S\u00e8nior Ol\u00edmpic.<\/li>\n\n\n\n<li>A 4a divisi\u00f3, qui sembla que te mes n\u00fameros per pujar, es Bon\u00c0rea B, que li porta 5 punts a Can mascar\u00f3 A i aquest 3 punts a El Vendrell B, es a dir, en les dues proves que falten quasi qualsevol cosa pot passar.<\/li>\n<\/ul>\n\n\n\n<p>De moment comencem per els candidat als premis a pernils extres:<\/p>\n\n\n\n<p><strong><em>Scratch<\/em><\/strong><\/p>\n\n\n\n<ul class=\"wp-block-list\">\n<li>1a Divisi\u00f3: ROC 3 VERMELL amb 16 sota par<\/li>\n\n\n\n<li>2a Divisi\u00f3: ROC 3 CAT amb el par de camp.<\/li>\n\n\n\n<li>3a Divisi\u00f3: SENIOR OLIMPICS amb el par de camp<\/li>\n\n\n\n<li>4a Divisi\u00f3: EL VENDRELL A amb 10 sobre par<\/li>\n<\/ul>\n\n\n\n<p><strong><u>HCP<\/u><\/strong><\/p>\n\n\n\n<ul class=\"wp-block-list\">\n<li>1a Divisi\u00f3: ROC 3 VERMELL amb 6 sota par <\/li>\n\n\n\n<li>2a Divisi\u00f3: ROC 3 CAT amb 11 sota par.<\/li>\n\n\n\n<li>3a Divisi\u00f3: SENIOR OLIMPICS amb 8 sota par<\/li>\n\n\n\n<li>4a Divisi\u00f3: P&amp;P BAGES OLER DEL MAS amb 9 sota par<\/li>\n<\/ul>\n\n\n\n<p>Fins aquest moments, un nou equip s&#8217;ha ajuntat als guanyadors dels pernils extres i aquest es l&#8217;equip de EL Vendrell A que ha guanyat les tres darreres proves.<\/p>\n\n\n\n<p>Ara repassem al guanyadors de olis i vins:<\/p>\n\n\n\n<p><strong><em>Scratch<\/em><\/strong><\/p>\n\n\n\n<ul class=\"wp-block-list\">\n<li>1a Divisi\u00f3: SOLER MORENO, MIGUEL ANGEL i LOPEZ CALONGE, ADAN amb 44 puns<\/li>\n\n\n\n<li>2a Divisi\u00f3: NOGUERA PUJOL, AGUSTI i ROCA SALVAT, RAFAEL amb 38 punts<\/li>\n\n\n\n<li>3a Divisi\u00f3: PEREZ SANCHEZ, JUAN MANUEL i SOLANAS VILADOMIU, PERE amb 38 punts<\/li>\n\n\n\n<li>4a Divisi\u00f3: DONAIRE MARTINEZ, FRANCESC i UAREZ CASTILLO, ENRIQUE amb 37 punts<\/li>\n<\/ul>\n\n\n\n<p><strong><u>HCP<\/u><\/strong><\/p>\n\n\n\n<ul class=\"wp-block-list\">\n<li>1a Divisi\u00f3: MORATA MENCHON, JOSE ANGEL i GARCIA MARTIN, JAVIER amb 42 punts<\/li>\n\n\n\n<li>2a Divisi\u00f3: PACO ESCUDERO, JESUS i UBACH CASTA\u00d1ER, JORDI amb 43 punts<\/li>\n\n\n\n<li>3a Divisi\u00f3: ORTIZ CASAS, FELIP i NIETO LIEBANA, PEDRO ANTONIO amb 40 punts<\/li>\n\n\n\n<li>4a Divisi\u00f3: REY VAZQUEZ, AGUSTIN i LEON MORALES, MATEO amb 40 punts<\/li>\n<\/ul>\n\n\n\n<p>De moment he rebut <strong>sis <\/strong>avisos de Forat en Un, r\u00e8cord absolut a tota l&#8217;historia d&#8217;ASEP i especialment els que s&#8217;han produ\u00eft a <strong>4a<\/strong> divisi\u00f3, que n&#8217;han fet <strong>QUATRE<\/strong>!!!<\/p>\n\n\n\n<p>Els afortunats han estat, a primera divisi\u00f3 en FEIJOO REBOLLEDO, ANGEL MANUEL, a segona divisi\u00f3, en PACO ESCUDERO, JESUS al Costa Daurada forat 15 i els de 4a divisi\u00f3 han estat fets al El Vendrell, i son en MIRALLES FALCO, JOSEP al forat 3, tamb\u00e9 al Forat 3 en PALAZZI COLL, JOSE LUIS, es la primera vegada que, al menys jo, em trobo que a la mateixa jornada es facin 2 Forats en Un en un mateix forat!! Felicitats companys i els altres 2, han estat en DONAIRE MARTINEZ, FRANCESC del Bon\u00c0rea B al forat 15 i en ESCUDERO ALFONSO, JOSE del P&amp;P Bages al forat 15 \u00a1\u00a1quina jornada per els de la 4a divisi\u00f3!! Tamb\u00e9 el mateix Marc, m&#8217;ha assegurat que s&#8217;ha quedat del tot sorpr\u00e8s per aquest fet tant ins\u00f3lit.<\/p>\n\n\n\n<p>Podeu veure els resultats complerts clicant <a href=\"https:\/\/www.pitchputt.cat\/noticies\/noticia.php?id=53029\">aqu\u00ed<\/a>.<\/p>\n\n\n\n<p>Salut a tots, Josep<\/p>\n","protected":false},"excerpt":{"rendered":"<p>Hola, ja han sortit tos els resultats, 1a, 2a 3a i 4a. Els jugadors d&#8217;avui ho han tingut una mica mes dif\u00edcil que els d&#8217;ahir, ha fet bastant mes vent, per\u00f2 per sort no ha plogut cap dels dos dies, aix\u00f2 sembla que ser\u00e0 dem\u00e0 Com a an\u00e0lisis des resultats, podem dir que De moment [&hellip;]<\/p>\n","protected":false},"author":5,"featured_media":0,"parent":0,"menu_order":0,"comment_status":"closed","ping_status":"closed","template":"","meta":{"footnotes":""},"c2tw_page_folder":[7],"class_list":["post-15324","page","type-page","status-publish","hentry","c2tw_page_folder-noticies"],"_links":{"self":[{"href":"https:\/\/www.asep.cat\/index.php\/wp-json\/wp\/v2\/pages\/15324","targetHints":{"allow":["GET"]}}],"collection":[{"href":"https:\/\/www.asep.cat\/index.php\/wp-json\/wp\/v2\/pages"}],"about":[{"href":"https:\/\/www.asep.cat\/index.php\/wp-json\/wp\/v2\/types\/page"}],"author":[{"embeddable":true,"href":"https:\/\/www.asep.cat\/index.php\/wp-json\/wp\/v2\/users\/5"}],"replies":[{"embeddable":true,"href":"https:\/\/www.asep.cat\/index.php\/wp-json\/wp\/v2\/comments?post=15324"}],"version-history":[{"count":12,"href":"https:\/\/www.asep.cat\/index.php\/wp-json\/wp\/v2\/pages\/15324\/revisions"}],"predecessor-version":[{"id":15533,"href":"https:\/\/www.asep.cat\/index.php\/wp-json\/wp\/v2\/pages\/15324\/revisions\/15533"}],"wp:attachment":[{"href":"https:\/\/www.asep.cat\/index.php\/wp-json\/wp\/v2\/media?parent=15324"}],"wp:term":[{"taxonomy":"c2tw_page_folder","embeddable":true,"href":"https:\/\/www.asep.cat\/index.php\/wp-json\/wp\/v2\/c2tw_page_folder?post=15324"}],"curies":[{"name":"wp","href":"https:\/\/api.w.org\/{rel}","templated":true}]}}