{"id":15315,"date":"2026-03-03T13:53:26","date_gmt":"2026-03-03T12:53:26","guid":{"rendered":"https:\/\/www.asep.cat\/?page_id=15315"},"modified":"2026-03-03T14:04:57","modified_gmt":"2026-03-03T13:04:57","slug":"canvi-de-seu-de-la-5a-prova-del-intercamps-mp-de-la-1a-divisio","status":"publish","type":"page","link":"https:\/\/www.asep.cat\/index.php\/canvi-de-seu-de-la-5a-prova-del-intercamps-mp-de-la-1a-divisio\/","title":{"rendered":"03\/03\/2026 Canvi de seu de la 5a prova del Intercamps MP de la 1a Divisi\u00f3"},"content":{"rendered":"\n<p>Hola, en Jos\u00e9 Manuel Maza, com a capit\u00e0 de l&#8217;equip local d&#8217;aquesta prova del 17 de mar\u00e7 i despr\u00e9s de veure amb quines condicions est\u00e0 el camp de Can Mascar\u00f3 ara mateix, finalment ha decidit que la millor alternativa, es jugar aquesta jornada a El Vendrell.<\/p>\n","protected":false},"excerpt":{"rendered":"<p>Hola, en Jos\u00e9 Manuel Maza, com a capit\u00e0 de l&#8217;equip local d&#8217;aquesta prova del 17 de mar\u00e7 i despr\u00e9s de veure amb quines condicions est\u00e0 el camp de Can Mascar\u00f3 ara mateix, finalment ha decidit que la millor alternativa, es jugar aquesta jornada a El Vendrell.<\/p>\n","protected":false},"author":5,"featured_media":0,"parent":0,"menu_order":0,"comment_status":"closed","ping_status":"closed","template":"","meta":{"footnotes":""},"c2tw_page_folder":[7],"class_list":["post-15315","page","type-page","status-publish","hentry","c2tw_page_folder-noticies"],"_links":{"self":[{"href":"https:\/\/www.asep.cat\/index.php\/wp-json\/wp\/v2\/pages\/15315","targetHints":{"allow":["GET"]}}],"collection":[{"href":"https:\/\/www.asep.cat\/index.php\/wp-json\/wp\/v2\/pages"}],"about":[{"href":"https:\/\/www.asep.cat\/index.php\/wp-json\/wp\/v2\/types\/page"}],"author":[{"embeddable":true,"href":"https:\/\/www.asep.cat\/index.php\/wp-json\/wp\/v2\/users\/5"}],"replies":[{"embeddable":true,"href":"https:\/\/www.asep.cat\/index.php\/wp-json\/wp\/v2\/comments?post=15315"}],"version-history":[{"count":4,"href":"https:\/\/www.asep.cat\/index.php\/wp-json\/wp\/v2\/pages\/15315\/revisions"}],"predecessor-version":[{"id":15322,"href":"https:\/\/www.asep.cat\/index.php\/wp-json\/wp\/v2\/pages\/15315\/revisions\/15322"}],"wp:attachment":[{"href":"https:\/\/www.asep.cat\/index.php\/wp-json\/wp\/v2\/media?parent=15315"}],"wp:term":[{"taxonomy":"c2tw_page_folder","embeddable":true,"href":"https:\/\/www.asep.cat\/index.php\/wp-json\/wp\/v2\/c2tw_page_folder?post=15315"}],"curies":[{"name":"wp","href":"https:\/\/api.w.org\/{rel}","templated":true}]}}