{"id":15305,"date":"2026-02-23T18:40:10","date_gmt":"2026-02-23T17:40:10","guid":{"rendered":"https:\/\/www.asep.cat\/?page_id=15305"},"modified":"2026-02-27T19:09:16","modified_gmt":"2026-02-27T18:09:16","slug":"una-trista-noticia","status":"publish","type":"page","link":"https:\/\/www.asep.cat\/index.php\/una-trista-noticia\/","title":{"rendered":"23\/02\/2026 Una trista noticia"},"content":{"rendered":"\n<p>Aquesta tarda m\u2019he quedat perplexa, l\u2019Antoni Guasch ha comunicat en el xat de 1a divisi\u00f3 que l\u2019amic <a href=\"https:\/\/www.asep.cat\/index.php\/jugador-carabasa-fontanet-agustin\/\">Agust\u00ed Carabassa<\/a> havia traspassat, era uns del vells capitans d\u2019equip, quasi des del principi i en plena forma al menys la darrera vegada que ens vam veure, de fet no fa gaire va guanya el Parelles Mixtes de Bon\u00c0rea!<\/p>\n\n\n\n<p>Dons s\u00ed, per sorprenent que sigui el fet, aquesta es la realitat!<\/p>\n\n\n\n<p>No conec a ning\u00fa del seu entorn familiar per poder donar un sentit condol, per\u00f2 si conec, i des de fa molts anys, a la seva fam\u00edlia golfista i es a aquests a qui em puc dirigir amb tota sinceritat, per dir-les que m\u2019uneixo a ells amb tot el sentiment de pena.<\/p>\n\n\n\n<p>Agust\u00ed, siguis on siguis rep el mes profund sentiment d\u2019amistat de tots nosaltres<\/p>\n\n\n\n<p>DEP<\/p>\n","protected":false},"excerpt":{"rendered":"<p>Aquesta tarda m\u2019he quedat perplexa, l\u2019Antoni Guasch ha comunicat en el xat de 1a divisi\u00f3 que l\u2019amic Agust\u00ed Carabassa havia traspassat, era uns del vells capitans d\u2019equip, quasi des del principi i en plena forma al menys la darrera vegada que ens vam veure, de fet no fa gaire va guanya el Parelles Mixtes de [&hellip;]<\/p>\n","protected":false},"author":5,"featured_media":0,"parent":0,"menu_order":0,"comment_status":"closed","ping_status":"closed","template":"","meta":{"footnotes":""},"c2tw_page_folder":[7],"class_list":["post-15305","page","type-page","status-publish","hentry","c2tw_page_folder-noticies"],"_links":{"self":[{"href":"https:\/\/www.asep.cat\/index.php\/wp-json\/wp\/v2\/pages\/15305","targetHints":{"allow":["GET"]}}],"collection":[{"href":"https:\/\/www.asep.cat\/index.php\/wp-json\/wp\/v2\/pages"}],"about":[{"href":"https:\/\/www.asep.cat\/index.php\/wp-json\/wp\/v2\/types\/page"}],"author":[{"embeddable":true,"href":"https:\/\/www.asep.cat\/index.php\/wp-json\/wp\/v2\/users\/5"}],"replies":[{"embeddable":true,"href":"https:\/\/www.asep.cat\/index.php\/wp-json\/wp\/v2\/comments?post=15305"}],"version-history":[{"count":4,"href":"https:\/\/www.asep.cat\/index.php\/wp-json\/wp\/v2\/pages\/15305\/revisions"}],"predecessor-version":[{"id":15313,"href":"https:\/\/www.asep.cat\/index.php\/wp-json\/wp\/v2\/pages\/15305\/revisions\/15313"}],"wp:attachment":[{"href":"https:\/\/www.asep.cat\/index.php\/wp-json\/wp\/v2\/media?parent=15305"}],"wp:term":[{"taxonomy":"c2tw_page_folder","embeddable":true,"href":"https:\/\/www.asep.cat\/index.php\/wp-json\/wp\/v2\/c2tw_page_folder?post=15305"}],"curies":[{"name":"wp","href":"https:\/\/api.w.org\/{rel}","templated":true}]}}