{"id":15300,"date":"2026-02-21T20:00:13","date_gmt":"2026-02-21T19:00:13","guid":{"rendered":"https:\/\/www.asep.cat\/?page_id=15300"},"modified":"2026-02-21T20:03:57","modified_gmt":"2026-02-21T19:03:57","slug":"canvi-de-seu-de-la-prova-de-la-3a-divisio-del-intercamps-oest-sp","status":"publish","type":"page","link":"https:\/\/www.asep.cat\/index.php\/canvi-de-seu-de-la-prova-de-la-3a-divisio-del-intercamps-oest-sp\/","title":{"rendered":"Canvi de seu de la 7a prova de la 3a divisi\u00f3 del Intercamps Oest SP"},"content":{"rendered":"\n<p>Hola d\u2019acord amb en Joan de Can Mascar\u00f3 B, hem pres la decisi\u00f3 de donar mes temps al camp, per que les obres de reparaci\u00f3 que han fet, per resoldre els desperfectes dels porcs senglars, es consolidin i que la herba s\u2019arreli millor.<\/p>\n\n\n\n<p>Aix\u00ed que aquesta 7a prova la jugarem el dimarts i dimecres al Canal Ol\u00edmpic i deixarem la data del 14 d\u2019abril per el camp de Can Mascar\u00f3.<\/p>\n\n\n\n<p>Com que el camp del Canal es de 9 forats, les sortides dels equips les haurem de repartir segons estableix el reglaments, es a dir, per l\u2019ordre que van quedar a la darrera prova,<\/p>\n\n\n\n<p>El dia 3 jugaran els equips\u00a8<\/p>\n\n\n\n<ul class=\"wp-block-list\">\n<li>CAN CUYAS<\/li>\n\n\n\n<li>ROC 3 PROMESES<\/li>\n\n\n\n<li>EL VALLES 20<\/li>\n\n\n\n<li>VILAGOLF CAMBRILS<\/li>\n<\/ul>\n\n\n\n<p>I el dia 4:<\/p>\n\n\n\n<ul class=\"wp-block-list\">\n<li>CAN MASCARO B<\/li>\n\n\n\n<li>CAN RAFEL NOU<\/li>\n\n\n\n<li>SENIOR OLIMPICS<\/li>\n\n\n\n<li>COSTA DAURADA B<\/li>\n<\/ul>\n\n\n\n<p>Salut a tots, Josep<\/p>\n","protected":false},"excerpt":{"rendered":"<p>Hola d\u2019acord amb en Joan de Can Mascar\u00f3 B, hem pres la decisi\u00f3 de donar mes temps al camp, per que les obres de reparaci\u00f3 que han fet, per resoldre els desperfectes dels porcs senglars, es consolidin i que la herba s\u2019arreli millor. Aix\u00ed que aquesta 7a prova la jugarem el dimarts i dimecres al [&hellip;]<\/p>\n","protected":false},"author":5,"featured_media":0,"parent":0,"menu_order":0,"comment_status":"closed","ping_status":"closed","template":"","meta":{"footnotes":""},"c2tw_page_folder":[7],"class_list":["post-15300","page","type-page","status-publish","hentry","c2tw_page_folder-noticies"],"_links":{"self":[{"href":"https:\/\/www.asep.cat\/index.php\/wp-json\/wp\/v2\/pages\/15300","targetHints":{"allow":["GET"]}}],"collection":[{"href":"https:\/\/www.asep.cat\/index.php\/wp-json\/wp\/v2\/pages"}],"about":[{"href":"https:\/\/www.asep.cat\/index.php\/wp-json\/wp\/v2\/types\/page"}],"author":[{"embeddable":true,"href":"https:\/\/www.asep.cat\/index.php\/wp-json\/wp\/v2\/users\/5"}],"replies":[{"embeddable":true,"href":"https:\/\/www.asep.cat\/index.php\/wp-json\/wp\/v2\/comments?post=15300"}],"version-history":[{"count":2,"href":"https:\/\/www.asep.cat\/index.php\/wp-json\/wp\/v2\/pages\/15300\/revisions"}],"predecessor-version":[{"id":15304,"href":"https:\/\/www.asep.cat\/index.php\/wp-json\/wp\/v2\/pages\/15300\/revisions\/15304"}],"wp:attachment":[{"href":"https:\/\/www.asep.cat\/index.php\/wp-json\/wp\/v2\/media?parent=15300"}],"wp:term":[{"taxonomy":"c2tw_page_folder","embeddable":true,"href":"https:\/\/www.asep.cat\/index.php\/wp-json\/wp\/v2\/c2tw_page_folder?post=15300"}],"curies":[{"name":"wp","href":"https:\/\/api.w.org\/{rel}","templated":true}]}}