{"id":15101,"date":"2026-02-18T18:15:42","date_gmt":"2026-02-18T17:15:42","guid":{"rendered":"https:\/\/www.asep.cat\/?page_id=15101"},"modified":"2026-02-19T08:17:15","modified_gmt":"2026-02-19T07:17:15","slug":"18-02-2026-resultats-de-la-4a-prova-intercamps-matxplay-senior-oest","status":"publish","type":"page","link":"https:\/\/www.asep.cat\/index.php\/18-02-2026-resultats-de-la-4a-prova-intercamps-matxplay-senior-oest\/","title":{"rendered":"18\/02\/2026 Resultats de la 4\u00aa prova Intercamps Matxplay S\u00e8nior Oest"},"content":{"rendered":"\n<p>Hem estat de sort, les dues jornades han caigut entre pertubacions, la passada ja o no me&#8217;n recordo del nom i la de dem\u00e0 que ser\u00e0 la \u201cPedro\u201d.<\/p>\n\n\n\n<p>Aquesta vegada ha coincidit que les tres divisions hem jugat a camps de 9 forats, aix\u00ed que avui dimecres, podem dir que tenim resultats definitius de tots.<\/p>\n\n\n\n<p>Podeu veure els resultats complerts clicant <a href=\"https:\/\/www.pitchputt.cat\/noticies\/noticia.php?id=52913\">aqu\u00ed<\/a><\/p>\n\n\n\n<ul class=\"wp-block-list\">\n<li>1a Divisi\u00f3, veureu que Can Rafel S\u00e8niors es consolida al davant, aquesta jornada han tret un 5 a 1 i est\u00e0 a tres punts de dist\u00e0ncia del segon que es Manresa, queden moltes jornades, per\u00f2 de moment van llen\u00e7ats<\/li>\n\n\n\n<li>2a Divisi\u00f3, aqu\u00ed la cosa segueix frec a frec entre l\u2019Orfe\u00f3 i CR Pened\u00e8s, sols els separa mig punt, a veure qui s\u2019emporta els 100\u20ac!<\/li>\n\n\n\n<li>3a Divisi\u00f3, tamb\u00e9 estem a les mateixes, sols es mig punt, el que separa als dos primers classificats, sembla clar que els m\u00e0xims candidats a pujar, son Can Cuy\u00e0s i Can Mascar\u00f3 A, per\u00f2 b\u00e9, cal esperar.<\/li>\n<\/ul>\n\n\n\n<p>Aquesta jornada ning\u00fa m\u2019ha reportat cap Forat En Un, aix\u00ed que per el moment queda desert el premi a aquesta jornada.<\/p>\n\n\n\n<p>He fet unes fotos a El Vall\u00e8s que podeu veure clicant aqu\u00ed<\/p>\n\n\n\n<p>Salut a tots, Josep<\/p>\n\n\n\n<p><\/p>\n","protected":false},"excerpt":{"rendered":"<p>Hem estat de sort, les dues jornades han caigut entre pertubacions, la passada ja o no me&#8217;n recordo del nom i la de dem\u00e0 que ser\u00e0 la \u201cPedro\u201d. Aquesta vegada ha coincidit que les tres divisions hem jugat a camps de 9 forats, aix\u00ed que avui dimecres, podem dir que tenim resultats definitius de tots. [&hellip;]<\/p>\n","protected":false},"author":5,"featured_media":0,"parent":0,"menu_order":0,"comment_status":"closed","ping_status":"closed","template":"","meta":{"footnotes":""},"c2tw_page_folder":[7],"class_list":["post-15101","page","type-page","status-publish","hentry","c2tw_page_folder-noticies"],"_links":{"self":[{"href":"https:\/\/www.asep.cat\/index.php\/wp-json\/wp\/v2\/pages\/15101","targetHints":{"allow":["GET"]}}],"collection":[{"href":"https:\/\/www.asep.cat\/index.php\/wp-json\/wp\/v2\/pages"}],"about":[{"href":"https:\/\/www.asep.cat\/index.php\/wp-json\/wp\/v2\/types\/page"}],"author":[{"embeddable":true,"href":"https:\/\/www.asep.cat\/index.php\/wp-json\/wp\/v2\/users\/5"}],"replies":[{"embeddable":true,"href":"https:\/\/www.asep.cat\/index.php\/wp-json\/wp\/v2\/comments?post=15101"}],"version-history":[{"count":5,"href":"https:\/\/www.asep.cat\/index.php\/wp-json\/wp\/v2\/pages\/15101\/revisions"}],"predecessor-version":[{"id":15111,"href":"https:\/\/www.asep.cat\/index.php\/wp-json\/wp\/v2\/pages\/15101\/revisions\/15111"}],"wp:attachment":[{"href":"https:\/\/www.asep.cat\/index.php\/wp-json\/wp\/v2\/media?parent=15101"}],"wp:term":[{"taxonomy":"c2tw_page_folder","embeddable":true,"href":"https:\/\/www.asep.cat\/index.php\/wp-json\/wp\/v2\/c2tw_page_folder?post=15101"}],"curies":[{"name":"wp","href":"https:\/\/api.w.org\/{rel}","templated":true}]}}