{"id":14834,"date":"2026-02-03T20:00:23","date_gmt":"2026-02-03T19:00:23","guid":{"rendered":"https:\/\/www.asep.cat\/?page_id=14834"},"modified":"2026-02-04T19:55:37","modified_gmt":"2026-02-04T18:55:37","slug":"03-02-2026-resultats-de-la-6a-jornada-del-intercamps-oest-sp","status":"publish","type":"page","link":"https:\/\/www.asep.cat\/index.php\/03-02-2026-resultats-de-la-6a-jornada-del-intercamps-oest-sp\/","title":{"rendered":"03 i 04\/02\/2026 Resultats de la 6a Jornada del Intercamps Oest SP"},"content":{"rendered":"\n<p>Aquesta jornada hem jugat als camps del Portal del Roc, El Vall\u00e8s, Can Cuy\u00e0s i Cambrils. <\/p>\n\n\n\n<p>En  aquests dos dies, el canvi de temps ha estat radical, per aqu\u00ed, el dia 2 va estar tot el dia plovent i en alguns moment prou fort, per\u00f2 el dia 03, el temps ha estat radicalment diferent, pot ser el dimarts va fer una mica mes de fresca que el dilluns, per\u00f2 amb un sol espl\u00e8ndid, que donava gust posar-s&#8217;hi i avui, ennuvolat si, per\u00f2 sense ploure quasi gens.<\/p>\n\n\n\n<p>Ja tenim tots els resultats de les 4 divisions editats per la FCPP, aix\u00ed que passem a analitzar-los.<\/p>\n\n\n\n<p>Si mireu les classificaci\u00f3 de primera l&#8217;equip del Roc3 Vermell, de mica en mica es va distanciant del seu perseguidor principal, que actualment es Can Rafel S\u00e8niors que ja est\u00e0 a 24 punts i a la vegada tamb\u00e9 es dist\u00e0ncia del tercer de 9 punts, aix\u00ed que en aquest tercer ter\u00e7 de la temporada a aquest divisi\u00f3, sembla que les dos primeres posicions estan prou clares.<\/p>\n\n\n\n<p>A segona divisi\u00f3 les primeres posicions es van definint, El Vall\u00e8s A i Lleida es comencen a perfilar com els candidats a puja a 1a, a tercera EL Vall\u00e8s 20 iguala a Can Rafel 20 en primera posici\u00f3 seguits a 3 punts per Vilagolf, aix\u00ed que els primers llocs estan en franca disputa, al tems que a quarta, les primeres posicions estan bastant decantades a favor de Bon\u00c0rea B i Can Mascar\u00f3 A que porten 8 punts al 3er classificat.<\/p>\n\n\n\n<p>Per el que fa als premis, la jornada ho ha deixat aix\u00ed:<\/p>\n\n\n\n<p>Comencem per els candidat als premis a pernils extres:<\/p>\n\n\n\n<p><strong><em>Scratch<\/em><\/strong><\/p>\n\n\n\n<ul class=\"wp-block-list\">\n<li>1a Divisi\u00f3: ROC3 VERMELL amb 16 sota par<\/li>\n\n\n\n<li>2a Divisi\u00f3: EL VALLES A amb 1 sota par<\/li>\n\n\n\n<li>3a Divisi\u00f3: CAN CUYAS amb 9 sota par<\/li>\n\n\n\n<li>4a Divisi\u00f3: EL VENDRELL A amb 11 sobre par<\/li>\n<\/ul>\n\n\n\n<p><strong><u>HCP<\/u><\/strong><\/p>\n\n\n\n<ul class=\"wp-block-list\">\n<li>1a Divisi\u00f3: PORTAL DEL ROC amb 11 sota par<\/li>\n\n\n\n<li>2a Divisi\u00f3: ROC 3 CAT amb 11 sota par.<\/li>\n\n\n\n<li>3a Divisi\u00f3: CAN CUYAS amb 12 sota par<\/li>\n\n\n\n<li>4a Divisi\u00f3: EL VENDRELL A amb 3 sota par<\/li>\n<\/ul>\n\n\n\n<p>Ara repassem al guanyadors de olis i vins:<\/p>\n\n\n\n<p><strong><em>Scratch<\/em><\/strong><\/p>\n\n\n\n<ul class=\"wp-block-list\">\n<li>1a Divisi\u00f3: MARTI PUJALS, ESTEVE I FEIJOO REBOLLEDO, ANGEL MANUEL amb 43 punts<\/li>\n\n\n\n<li>2a Divisi\u00f3: NOGUERA PUJOL, AGUSTI i ROCA SALVAT, RAFAEL  amb 38 punts<\/li>\n\n\n\n<li>3a Divisi\u00f3: SERRANO LEON, DANIEL i RODRIGUES OLIVEIRA, CICERO amb 41 punts<\/li>\n\n\n\n<li>4a Divisi\u00f3: PE\u00d1A MEDINA, FRANCISCO i BATALLER REDORAT, ERNESTO amb 38 punts<\/li>\n<\/ul>\n\n\n\n<p><strong><u>HCP<\/u><\/strong><\/p>\n\n\n\n<ul class=\"wp-block-list\">\n<li>1a Divisi\u00f3: ROVIRA DE LAS CAGIGAS, OSCAR I GELABERT CARANDELL, FRANCK amb 41 punts<\/li>\n\n\n\n<li>2a Divisi\u00f3: <br>PACO ESCUDERO, JESUS i CLOS RAVELL, AUGUST amb 41 punts<\/li>\n\n\n\n<li>3a Divisi\u00f3: SERRA CATALAN, ANTONIO i GUAL SOLE, ANTONIO amb 43 punts<\/li>\n\n\n\n<li>4a Divisi\u00f3: PULGARIN CARRIZOSA, JOSE i LEON MORALES, MATEO amb 40 punts<\/li>\n<\/ul>\n\n\n\n<p>De moment sols he rebut un avis de Forat en Un i ha estat en Jes\u00fas Paco Escudero en el Vall\u00e8s al forat 1.<\/p>\n\n\n\n<p>Aquesta jornada, cap mes equip ha aconseguit completar els tres partit guanyats per emportar-se un pernil extra, tot i que ja hi han varis equips que estan a les portes de fer-ho, amb dos i son<\/p>\n\n\n\n<ul class=\"wp-block-list\">\n<li>M\u00falligan C M a HCP de 1a divisi\u00f3<\/li>\n\n\n\n<li>Can Rafel Pened\u00e8s a HCP de 1a divisi\u00f3<\/li>\n\n\n\n<li>Lleida  a Scratch de 2a divisi\u00f3<\/li>\n\n\n\n<li>El Vall\u00e8s A a Scratch de 2a divisi\u00f3<\/li>\n\n\n\n<li>Orfe\u00f3 Catal\u00f2nia a Scratch de 2a divisi\u00f3<\/li>\n\n\n\n<li>Vilagolf a Scratch de 3a divisi\u00f3<\/li>\n\n\n\n<li>Can Cuy\u00e0s a Scratch de 3a divisi\u00f3<\/li>\n\n\n\n<li>Can Cuy\u00e0s a HCP de la 3a divisi\u00f3<\/li>\n\n\n\n<li>Can Mascar\u00f3 a Scratch de la 4a divisi\u00f3<\/li>\n\n\n\n<li>El Vendrell A a Scratch de la 4a divisi\u00f3<\/li>\n\n\n\n<li>El Vendrell A a HCP de la 4a divisi\u00f3<\/li>\n<\/ul>\n\n\n\n<p>Podeu veure les classificacions complertes clicant <a href=\"https:\/\/www.pitchputt.cat\/noticies\/noticia.php?id=52535\">aqu\u00ed<\/a><\/p>\n\n\n\n<p>Si alg\u00fa ha fet fotos i vol que els hi pengi al nostre web, envieu-me-les i ho far\u00e9, aix\u00ed tots podrem gaudir-les, de moment sols en Jes\u00fas del Costa Daurada, n&#8217;ha fet i me les ha enviat, les podeu veure clicant <a href=\"https:\/\/www.asep.cat\/index.php\/2026\/02\/03\/03-02-2026-1a-divisio-al-portal-del-roc\/\">aqu\u00ed<\/a><\/p>\n\n\n\n<p>Salut a tothom, Josep<\/p>\n","protected":false},"excerpt":{"rendered":"<p>Aquesta jornada hem jugat als camps del Portal del Roc, El Vall\u00e8s, Can Cuy\u00e0s i Cambrils. En aquests dos dies, el canvi de temps ha estat radical, per aqu\u00ed, el dia 2 va estar tot el dia plovent i en alguns moment prou fort, per\u00f2 el dia 03, el temps ha estat radicalment diferent, pot [&hellip;]<\/p>\n","protected":false},"author":5,"featured_media":0,"parent":0,"menu_order":0,"comment_status":"closed","ping_status":"closed","template":"","meta":{"footnotes":""},"c2tw_page_folder":[7],"class_list":["post-14834","page","type-page","status-publish","hentry","c2tw_page_folder-noticies"],"_links":{"self":[{"href":"https:\/\/www.asep.cat\/index.php\/wp-json\/wp\/v2\/pages\/14834","targetHints":{"allow":["GET"]}}],"collection":[{"href":"https:\/\/www.asep.cat\/index.php\/wp-json\/wp\/v2\/pages"}],"about":[{"href":"https:\/\/www.asep.cat\/index.php\/wp-json\/wp\/v2\/types\/page"}],"author":[{"embeddable":true,"href":"https:\/\/www.asep.cat\/index.php\/wp-json\/wp\/v2\/users\/5"}],"replies":[{"embeddable":true,"href":"https:\/\/www.asep.cat\/index.php\/wp-json\/wp\/v2\/comments?post=14834"}],"version-history":[{"count":16,"href":"https:\/\/www.asep.cat\/index.php\/wp-json\/wp\/v2\/pages\/14834\/revisions"}],"predecessor-version":[{"id":14869,"href":"https:\/\/www.asep.cat\/index.php\/wp-json\/wp\/v2\/pages\/14834\/revisions\/14869"}],"wp:attachment":[{"href":"https:\/\/www.asep.cat\/index.php\/wp-json\/wp\/v2\/media?parent=14834"}],"wp:term":[{"taxonomy":"c2tw_page_folder","embeddable":true,"href":"https:\/\/www.asep.cat\/index.php\/wp-json\/wp\/v2\/c2tw_page_folder?post=14834"}],"curies":[{"name":"wp","href":"https:\/\/api.w.org\/{rel}","templated":true}]}}