{"id":14613,"date":"2026-01-28T13:56:10","date_gmt":"2026-01-28T12:56:10","guid":{"rendered":"https:\/\/www.asep.cat\/?page_id=14613"},"modified":"2026-01-28T17:41:19","modified_gmt":"2026-01-28T16:41:19","slug":"28-01-2026-resultats-de-la-2a-jornada-del-intercamps-oest-mp","status":"publish","type":"page","link":"https:\/\/www.asep.cat\/index.php\/28-01-2026-resultats-de-la-2a-jornada-del-intercamps-oest-mp\/","title":{"rendered":"28\/01\/2026 Resultats (parcials) de la 2a Jornada del Intercamps Oest MP"},"content":{"rendered":"\n<p>Buff&#8230; quina jornada mes accidentada! Quan tocava, que era la setmana passada, no es va poder fer per la pluja i avui, per ben poc, al Canal Ol\u00edmpic, que m&#8217;hagi arribat, cap problema, per\u00f2 per el que fa al Portal del Roc, ahir a les 7 de la tarda, encara hi est\u00e0vem donant voltes, per una banda, jugadors que hi havien anat, deien que estava impracticable per estar molt enfangat, en aquell moment a VIlanova estava plovent, per\u00f2 a TV3 estaven deien que avui estaria ennuvolat i que si de cas, plouria per la tarda.<\/p>\n\n\n\n<p>Finalment vam prendre la decisi\u00f3 de mantenir la convocat\u00f2ria i est\u00e0 clar que l&#8217;hem encertat, els de TV3 tenien ra\u00f3, no ha plogut i el camp no estava tant malament com s&#8217;havia dit.<\/p>\n\n\n\n<p>D&#8217;aquesta 3a jornada , ha quedat pendent el partit de 2a divisi\u00f3 a Can Cuy\u00e0s, que per motius de disponibilitat del camp s&#8217;ha hagut de deixar per els proper dies 10 i 11 de mar\u00e7.<\/p>\n\n\n\n<p>I ja parlant de la competici\u00f3, direm que a 1a divisi\u00f3 amb 4 punts guanyats avui, es mantenen en primera posici\u00f3 el Can Rafel S\u00e8niors, per\u00f2 sense distanciar-se dels segons, que continuen sent els del M\u00falligan Can Mascr\u00f3, que tamb\u00e9 han tret 4 punts d&#8217;aquesta jornada.<\/p>\n\n\n\n<p>Per el que fa a la 2a divisi\u00f3, la cosa est\u00e0 entre tres, continuen els de l&#8217;Orfe\u00f3 i els del Pened\u00e8s primers, per\u00f2 sols 1\/2 punt per sobre dels Promeses, la pressi\u00f3 segueix!<\/p>\n\n\n\n<p>Haurem d&#8217;esperar a mar\u00e7 per poder opinar dels de 3a.<\/p>\n\n\n\n<p>Podeu veure els resultats complerts clicant <a href=\"https:\/\/www.pitchputt.cat\/noticies\/noticia.php?id=52755\">aqu\u00ed<\/a>.<\/p>\n\n\n\n<p>Salut a tots, Josep<\/p>\n\n\n\n<p><\/p>\n","protected":false},"excerpt":{"rendered":"<p>Buff&#8230; quina jornada mes accidentada! Quan tocava, que era la setmana passada, no es va poder fer per la pluja i avui, per ben poc, al Canal Ol\u00edmpic, que m&#8217;hagi arribat, cap problema, per\u00f2 per el que fa al Portal del Roc, ahir a les 7 de la tarda, encara hi est\u00e0vem donant voltes, per [&hellip;]<\/p>\n","protected":false},"author":5,"featured_media":0,"parent":0,"menu_order":0,"comment_status":"closed","ping_status":"closed","template":"","meta":{"footnotes":""},"c2tw_page_folder":[7],"class_list":["post-14613","page","type-page","status-publish","hentry","c2tw_page_folder-noticies"],"_links":{"self":[{"href":"https:\/\/www.asep.cat\/index.php\/wp-json\/wp\/v2\/pages\/14613","targetHints":{"allow":["GET"]}}],"collection":[{"href":"https:\/\/www.asep.cat\/index.php\/wp-json\/wp\/v2\/pages"}],"about":[{"href":"https:\/\/www.asep.cat\/index.php\/wp-json\/wp\/v2\/types\/page"}],"author":[{"embeddable":true,"href":"https:\/\/www.asep.cat\/index.php\/wp-json\/wp\/v2\/users\/5"}],"replies":[{"embeddable":true,"href":"https:\/\/www.asep.cat\/index.php\/wp-json\/wp\/v2\/comments?post=14613"}],"version-history":[{"count":6,"href":"https:\/\/www.asep.cat\/index.php\/wp-json\/wp\/v2\/pages\/14613\/revisions"}],"predecessor-version":[{"id":14626,"href":"https:\/\/www.asep.cat\/index.php\/wp-json\/wp\/v2\/pages\/14613\/revisions\/14626"}],"wp:attachment":[{"href":"https:\/\/www.asep.cat\/index.php\/wp-json\/wp\/v2\/media?parent=14613"}],"wp:term":[{"taxonomy":"c2tw_page_folder","embeddable":true,"href":"https:\/\/www.asep.cat\/index.php\/wp-json\/wp\/v2\/c2tw_page_folder?post=14613"}],"curies":[{"name":"wp","href":"https:\/\/api.w.org\/{rel}","templated":true}]}}