{"id":14575,"date":"2026-01-19T13:37:54","date_gmt":"2026-01-19T12:37:54","guid":{"rendered":"https:\/\/www.asep.cat\/?page_id=14575"},"modified":"2026-01-19T17:28:30","modified_gmt":"2026-01-19T16:28:30","slug":"19-01-2026-suspensio-del-partit-intercamps-mp-a-can-cuyas","status":"publish","type":"page","link":"https:\/\/www.asep.cat\/index.php\/19-01-2026-suspensio-del-partit-intercamps-mp-a-can-cuyas\/","title":{"rendered":"19\/01\/2026 Suspensi\u00f3 dels partits Intercamps MP al Portal del Roc, Canal Ol\u00edmpic i  Can Cuy\u00e0s"},"content":{"rendered":"\n<p>Hola, en Jos\u00e9 Manuel, en Josep i en Manel ens ha comunicat que degut als estats dels camps, demanen la suspensi\u00f3 d&#8217;aquesta 3a Jornada del Intercamps MP de 1a, 2a i 3a divisions.<\/p>\n\n\n\n<p>En el cas del Portal la jornada s&#8217;ajorna per el dimecres dia 28, la del Canal Ol\u00edmpic, es deixa per la setmana que ve, es a dir, es jugar\u00e0 els dies 27 i 28 d&#8217;aquest mateix gener i la de Can Cuy\u00e0s, queda apla\u00e7ada per el proper 10 i 11 de Mar\u00e7.<\/p>\n\n\n\n<p>Salut a tots, Josep<\/p>\n","protected":false},"excerpt":{"rendered":"<p>Hola, en Jos\u00e9 Manuel, en Josep i en Manel ens ha comunicat que degut als estats dels camps, demanen la suspensi\u00f3 d&#8217;aquesta 3a Jornada del Intercamps MP de 1a, 2a i 3a divisions. En el cas del Portal la jornada s&#8217;ajorna per el dimecres dia 28, la del Canal Ol\u00edmpic, es deixa per la setmana [&hellip;]<\/p>\n","protected":false},"author":5,"featured_media":0,"parent":0,"menu_order":0,"comment_status":"closed","ping_status":"closed","template":"","meta":{"footnotes":""},"c2tw_page_folder":[7],"class_list":["post-14575","page","type-page","status-publish","hentry","c2tw_page_folder-noticies"],"_links":{"self":[{"href":"https:\/\/www.asep.cat\/index.php\/wp-json\/wp\/v2\/pages\/14575","targetHints":{"allow":["GET"]}}],"collection":[{"href":"https:\/\/www.asep.cat\/index.php\/wp-json\/wp\/v2\/pages"}],"about":[{"href":"https:\/\/www.asep.cat\/index.php\/wp-json\/wp\/v2\/types\/page"}],"author":[{"embeddable":true,"href":"https:\/\/www.asep.cat\/index.php\/wp-json\/wp\/v2\/users\/5"}],"replies":[{"embeddable":true,"href":"https:\/\/www.asep.cat\/index.php\/wp-json\/wp\/v2\/comments?post=14575"}],"version-history":[{"count":6,"href":"https:\/\/www.asep.cat\/index.php\/wp-json\/wp\/v2\/pages\/14575\/revisions"}],"predecessor-version":[{"id":14587,"href":"https:\/\/www.asep.cat\/index.php\/wp-json\/wp\/v2\/pages\/14575\/revisions\/14587"}],"wp:attachment":[{"href":"https:\/\/www.asep.cat\/index.php\/wp-json\/wp\/v2\/media?parent=14575"}],"wp:term":[{"taxonomy":"c2tw_page_folder","embeddable":true,"href":"https:\/\/www.asep.cat\/index.php\/wp-json\/wp\/v2\/c2tw_page_folder?post=14575"}],"curies":[{"name":"wp","href":"https:\/\/api.w.org\/{rel}","templated":true}]}}