{"id":145,"date":"2025-08-31T13:11:11","date_gmt":"2025-08-31T11:11:11","guid":{"rendered":"https:\/\/www.asep.cat\/?page_id=145"},"modified":"2025-12-11T21:07:54","modified_gmt":"2025-12-11T20:07:54","slug":"que-fem","status":"publish","type":"page","link":"https:\/\/www.asep.cat\/index.php\/que-fem\/","title":{"rendered":"Qu\u00e8 fem"},"content":{"rendered":"\n<p>Som una associaci\u00f3 que organitzem campionats de P&amp;P per els s\u00e8niors de Catalunya Sud\/Oest.<\/p>\n\n\n\n<p>La nostra \u00e0rea d&#8217;acci\u00f3 seria la part sud de la prov\u00edncia de Barcelona, es a dir, des del Baix Llobregat, passant per el Vall\u00e8s i Manresa, cap el sud i l&#8217;oest, a mes de tota la prov\u00edncia de Lleida i tota la de Tarragona<\/p>\n\n\n\n<p>Principalment organitzem 4 competicions:<\/p>\n\n\n\n<ul class=\"wp-block-list\">\n<li>Intercamps StrokePlay Oest<\/li>\n\n\n\n<li>Intercamps MatchPlay Oest<\/li>\n\n\n\n<li>La &#8220;Ryder&#8221; entre les zones Nord\/Est(SEMAR) i Sud\/Oest (nosaltres ASEP)<\/li>\n\n\n\n<li>La Copa ASEP<\/li>\n<\/ul>\n\n\n\n<p>A grans trets, els Intercamps, son enfrontaments en format de lliga que juguem a camps representats per cada un dels equip.<\/p>\n\n\n\n<p>El primer dels Intercamps, es en format SP Stableford i cada equip est\u00e0 compost de 4 parelles.<\/p>\n\n\n\n<p>El segon es en modalitat MarchPlay i l\u2019equip el formen 4 individuals i 2 parelles.<\/p>\n\n\n\n<p>La \u201cRyder\u201d es una competici\u00f3 entre les dues \u00e0rees en que tenim dividida Catalunya, es a dir el Nord\/Est (SEMAR) I Sud\/Oest (nosaltres, ASEP) hi ha un capit\u00e0 per cada equip, que escull els que, al seu parer, son els 36 millors jugadors de cada zona, tots els partits son en format MatchPlay i cada equip presenta a 12 jugadors individuals, 6 parelles que jugaran en la modalitat FourBall i 6 que jugaran en GreenSome<\/p>\n\n\n\n<p>La copa ASEP, te la intenci\u00f3 de ajuntar en un sol partit a representants de totes les divisions del Intercamps SP, no es barregen entre elles, simplement s\u2019enfronten en un partit MP els dos primer classificats de cada una i aix\u00ed es determina el campi\u00f3 absolut de la divisi\u00f3 a la que pertanyen.<\/p>\n\n\n\n<p>De totes aquestes competicions hi ha una descripci\u00f3 detallada, a cada un dels reglaments que trobareu mes a la dreta d&#8217;aquest lloc web.<\/p>\n\n\n\n<p>Els equips que participen enguany a l\u2019ASEP son 31 que mouen un total aproximat de 500 jugadors.<\/p>\n\n\n\n<p>Josep<\/p>\n\n\n\n<p><\/p>\n\n\n\n<p><\/p>\n","protected":false},"excerpt":{"rendered":"<p>Som una associaci\u00f3 que organitzem campionats de P&amp;P per els s\u00e8niors de Catalunya Sud\/Oest. La nostra \u00e0rea d&#8217;acci\u00f3 seria la part sud de la prov\u00edncia de Barcelona, es a dir, des del Baix Llobregat, passant per el Vall\u00e8s i Manresa, cap el sud i l&#8217;oest, a mes de tota la prov\u00edncia de Lleida i tota [&hellip;]<\/p>\n","protected":false},"author":1,"featured_media":0,"parent":0,"menu_order":0,"comment_status":"closed","ping_status":"closed","template":"","meta":{"footnotes":""},"c2tw_page_folder":[13],"class_list":["post-145","page","type-page","status-publish","hentry","c2tw_page_folder-qui-som-i-el-que-hem-fet"],"_links":{"self":[{"href":"https:\/\/www.asep.cat\/index.php\/wp-json\/wp\/v2\/pages\/145","targetHints":{"allow":["GET"]}}],"collection":[{"href":"https:\/\/www.asep.cat\/index.php\/wp-json\/wp\/v2\/pages"}],"about":[{"href":"https:\/\/www.asep.cat\/index.php\/wp-json\/wp\/v2\/types\/page"}],"author":[{"embeddable":true,"href":"https:\/\/www.asep.cat\/index.php\/wp-json\/wp\/v2\/users\/1"}],"replies":[{"embeddable":true,"href":"https:\/\/www.asep.cat\/index.php\/wp-json\/wp\/v2\/comments?post=145"}],"version-history":[{"count":20,"href":"https:\/\/www.asep.cat\/index.php\/wp-json\/wp\/v2\/pages\/145\/revisions"}],"predecessor-version":[{"id":2640,"href":"https:\/\/www.asep.cat\/index.php\/wp-json\/wp\/v2\/pages\/145\/revisions\/2640"}],"wp:attachment":[{"href":"https:\/\/www.asep.cat\/index.php\/wp-json\/wp\/v2\/media?parent=145"}],"wp:term":[{"taxonomy":"c2tw_page_folder","embeddable":true,"href":"https:\/\/www.asep.cat\/index.php\/wp-json\/wp\/v2\/c2tw_page_folder?post=145"}],"curies":[{"name":"wp","href":"https:\/\/api.w.org\/{rel}","templated":true}]}}